{"id":10750,"date":"2024-01-29T00:32:02","date_gmt":"2024-01-28T23:32:02","guid":{"rendered":"https:\/\/mysi.ma\/?post_type=product&#038;p=10750"},"modified":"2024-02-13T19:17:15","modified_gmt":"2024-02-13T18:17:15","slug":"mysi-module-mini-interrupteur-declairage-intelligent-simple","status":"publish","type":"product","link":"https:\/\/mysi.ma\/index.php\/produit\/mysi-module-mini-interrupteur-declairage-intelligent-simple\/","title":{"rendered":"MYSI_Module_Simple Interrupteur  d&rsquo;\u00c9clairage Intelligent"},"content":{"rendered":"","protected":false},"excerpt":{"rendered":"","protected":false},"featured_media":10909,"comment_status":"open","ping_status":"closed","template":"","meta":[],"product_cat":[126,125],"product_tag":[],"class_list":{"0":"post-10750","1":"product","2":"type-product","3":"status-publish","4":"has-post-thumbnail","6":"product_cat-eclairage","7":"product_cat-electrique","9":"first","10":"instock","11":"sale","12":"shipping-taxable","13":"purchasable","14":"product-type-simple"},"yoast_head":"<!-- This site is optimized with the Yoast SEO plugin v23.8 - https:\/\/yoast.com\/wordpress\/plugins\/seo\/ -->\n<title>MYSI_Module_Simple Interrupteur d&#039;\u00c9clairage Intelligent - Mysi boutique en ligne sp\u00e9cialis\u00e9 en solutions smart \u00e9lectroniques<\/title>\n<meta name=\"robots\" content=\"index, follow, max-snippet:-1, max-image-preview:large, max-video-preview:-1\" \/>\n<link rel=\"canonical\" href=\"https:\/\/mysi.ma\/index.php\/produit\/mysi-module-mini-interrupteur-declairage-intelligent-simple\/\" \/>\n<meta property=\"og:locale\" content=\"fr_FR\" \/>\n<meta property=\"og:type\" content=\"article\" \/>\n<meta property=\"og:title\" content=\"MYSI_Module_Simple Interrupteur d&#039;\u00c9clairage Intelligent - Mysi boutique en ligne sp\u00e9cialis\u00e9 en solutions smart \u00e9lectroniques\" \/>\n<meta property=\"og:url\" content=\"https:\/\/mysi.ma\/index.php\/produit\/mysi-module-mini-interrupteur-declairage-intelligent-simple\/\" \/>\n<meta property=\"og:site_name\" content=\"Mysi boutique en ligne sp\u00e9cialis\u00e9 en solutions smart \u00e9lectroniques\" \/>\n<meta property=\"article:modified_time\" content=\"2024-02-13T18:17:15+00:00\" \/>\n<meta property=\"og:image\" content=\"https:\/\/mysi.ma\/wp-content\/uploads\/2024\/01\/MINI-SMART-SWITCH-CH1-2-1.png\" \/>\n\t<meta property=\"og:image:width\" content=\"602\" \/>\n\t<meta property=\"og:image:height\" content=\"600\" \/>\n\t<meta property=\"og:image:type\" content=\"image\/png\" \/>\n<meta name=\"twitter:card\" content=\"summary_large_image\" \/>\n<meta name=\"twitter:label1\" content=\"Prix\" \/>\n\t<meta name=\"twitter:data1\" content=\"&#x62f;.&#x645;.&nbsp;180,00\" \/>\n\t<meta name=\"twitter:label2\" content=\"Disponibilit\u00e9\" \/>\n\t<meta name=\"twitter:data2\" content=\"En stock\" \/>\n<script type=\"application\/ld+json\" class=\"yoast-schema-graph\">{\"@context\":\"https:\/\/schema.org\",\"@graph\":[{\"@type\":\"WebPage\",\"@id\":\"https:\/\/mysi.ma\/index.php\/produit\/mysi-module-mini-interrupteur-declairage-intelligent-simple\/\",\"url\":\"https:\/\/mysi.ma\/index.php\/produit\/mysi-module-mini-interrupteur-declairage-intelligent-simple\/\",\"name\":\"MYSI_Module_Simple Interrupteur d'\u00c9clairage Intelligent - Mysi boutique en ligne sp\u00e9cialis\u00e9 en solutions smart \u00e9lectroniques\",\"isPartOf\":{\"@id\":\"https:\/\/mysi.ma\/#website\"},\"primaryImageOfPage\":{\"@id\":\"https:\/\/mysi.ma\/index.php\/produit\/mysi-module-mini-interrupteur-declairage-intelligent-simple\/#primaryimage\"},\"image\":{\"@id\":\"https:\/\/mysi.ma\/index.php\/produit\/mysi-module-mini-interrupteur-declairage-intelligent-simple\/#primaryimage\"},\"thumbnailUrl\":\"https:\/\/mysi.ma\/wp-content\/uploads\/2024\/01\/MINI-SMART-SWITCH-CH1-2-1.png\",\"datePublished\":\"2024-01-28T23:32:02+00:00\",\"dateModified\":\"2024-02-13T18:17:15+00:00\",\"breadcrumb\":{\"@id\":\"https:\/\/mysi.ma\/index.php\/produit\/mysi-module-mini-interrupteur-declairage-intelligent-simple\/#breadcrumb\"},\"inLanguage\":\"fr-FR\",\"potentialAction\":[{\"@type\":\"ReadAction\",\"target\":[\"https:\/\/mysi.ma\/index.php\/produit\/mysi-module-mini-interrupteur-declairage-intelligent-simple\/\"]}]},{\"@type\":\"ImageObject\",\"inLanguage\":\"fr-FR\",\"@id\":\"https:\/\/mysi.ma\/index.php\/produit\/mysi-module-mini-interrupteur-declairage-intelligent-simple\/#primaryimage\",\"url\":\"https:\/\/mysi.ma\/wp-content\/uploads\/2024\/01\/MINI-SMART-SWITCH-CH1-2-1.png\",\"contentUrl\":\"https:\/\/mysi.ma\/wp-content\/uploads\/2024\/01\/MINI-SMART-SWITCH-CH1-2-1.png\",\"width\":602,\"height\":600},{\"@type\":\"BreadcrumbList\",\"@id\":\"https:\/\/mysi.ma\/index.php\/produit\/mysi-module-mini-interrupteur-declairage-intelligent-simple\/#breadcrumb\",\"itemListElement\":[{\"@type\":\"ListItem\",\"position\":1,\"name\":\"Accueil\",\"item\":\"https:\/\/mysi.ma\/\"},{\"@type\":\"ListItem\",\"position\":2,\"name\":\"Boutique\",\"item\":\"https:\/\/mysi.ma\/index.php\/boutique\/\"},{\"@type\":\"ListItem\",\"position\":3,\"name\":\"MYSI_Module_Simple Interrupteur d&rsquo;\u00c9clairage Intelligent\"}]},{\"@type\":\"WebSite\",\"@id\":\"https:\/\/mysi.ma\/#website\",\"url\":\"https:\/\/mysi.ma\/\",\"name\":\"Mysi boutique en ligne sp\u00e9cialis\u00e9 en solutions smart \u00e9lectroniques\",\"description\":\"\",\"potentialAction\":[{\"@type\":\"SearchAction\",\"target\":{\"@type\":\"EntryPoint\",\"urlTemplate\":\"https:\/\/mysi.ma\/?s={search_term_string}\"},\"query-input\":{\"@type\":\"PropertyValueSpecification\",\"valueRequired\":true,\"valueName\":\"search_term_string\"}}],\"inLanguage\":\"fr-FR\"}]}<\/script>\n<meta property=\"product:price:amount\" content=\"180.00\" \/>\n<meta property=\"product:price:currency\" content=\"MAD\" \/>\n<meta property=\"og:availability\" content=\"instock\" \/>\n<meta property=\"product:availability\" content=\"instock\" \/>\n<meta property=\"product:condition\" content=\"new\" \/>\n<!-- \/ Yoast SEO plugin. -->","yoast_head_json":{"title":"MYSI_Module_Simple Interrupteur d'\u00c9clairage Intelligent - Mysi boutique en ligne sp\u00e9cialis\u00e9 en solutions smart \u00e9lectroniques","robots":{"index":"index","follow":"follow","max-snippet":"max-snippet:-1","max-image-preview":"max-image-preview:large","max-video-preview":"max-video-preview:-1"},"canonical":"https:\/\/mysi.ma\/index.php\/produit\/mysi-module-mini-interrupteur-declairage-intelligent-simple\/","og_locale":"fr_FR","og_type":"article","og_title":"MYSI_Module_Simple Interrupteur d'\u00c9clairage Intelligent - Mysi boutique en ligne sp\u00e9cialis\u00e9 en solutions smart \u00e9lectroniques","og_url":"https:\/\/mysi.ma\/index.php\/produit\/mysi-module-mini-interrupteur-declairage-intelligent-simple\/","og_site_name":"Mysi boutique en ligne sp\u00e9cialis\u00e9 en solutions smart \u00e9lectroniques","article_modified_time":"2024-02-13T18:17:15+00:00","og_image":[{"width":602,"height":600,"url":"https:\/\/mysi.ma\/wp-content\/uploads\/2024\/01\/MINI-SMART-SWITCH-CH1-2-1.png","type":"image\/png"}],"twitter_card":"summary_large_image","twitter_misc":{"Prix":"&#x62f;.&#x645;.&nbsp;180,00","Disponibilit\u00e9":"En stock"},"schema":{"@context":"https:\/\/schema.org","@graph":[{"@type":"WebPage","@id":"https:\/\/mysi.ma\/index.php\/produit\/mysi-module-mini-interrupteur-declairage-intelligent-simple\/","url":"https:\/\/mysi.ma\/index.php\/produit\/mysi-module-mini-interrupteur-declairage-intelligent-simple\/","name":"MYSI_Module_Simple Interrupteur d'\u00c9clairage Intelligent - Mysi boutique en ligne sp\u00e9cialis\u00e9 en solutions smart \u00e9lectroniques","isPartOf":{"@id":"https:\/\/mysi.ma\/#website"},"primaryImageOfPage":{"@id":"https:\/\/mysi.ma\/index.php\/produit\/mysi-module-mini-interrupteur-declairage-intelligent-simple\/#primaryimage"},"image":{"@id":"https:\/\/mysi.ma\/index.php\/produit\/mysi-module-mini-interrupteur-declairage-intelligent-simple\/#primaryimage"},"thumbnailUrl":"https:\/\/mysi.ma\/wp-content\/uploads\/2024\/01\/MINI-SMART-SWITCH-CH1-2-1.png","datePublished":"2024-01-28T23:32:02+00:00","dateModified":"2024-02-13T18:17:15+00:00","breadcrumb":{"@id":"https:\/\/mysi.ma\/index.php\/produit\/mysi-module-mini-interrupteur-declairage-intelligent-simple\/#breadcrumb"},"inLanguage":"fr-FR","potentialAction":[{"@type":"ReadAction","target":["https:\/\/mysi.ma\/index.php\/produit\/mysi-module-mini-interrupteur-declairage-intelligent-simple\/"]}]},{"@type":"ImageObject","inLanguage":"fr-FR","@id":"https:\/\/mysi.ma\/index.php\/produit\/mysi-module-mini-interrupteur-declairage-intelligent-simple\/#primaryimage","url":"https:\/\/mysi.ma\/wp-content\/uploads\/2024\/01\/MINI-SMART-SWITCH-CH1-2-1.png","contentUrl":"https:\/\/mysi.ma\/wp-content\/uploads\/2024\/01\/MINI-SMART-SWITCH-CH1-2-1.png","width":602,"height":600},{"@type":"BreadcrumbList","@id":"https:\/\/mysi.ma\/index.php\/produit\/mysi-module-mini-interrupteur-declairage-intelligent-simple\/#breadcrumb","itemListElement":[{"@type":"ListItem","position":1,"name":"Accueil","item":"https:\/\/mysi.ma\/"},{"@type":"ListItem","position":2,"name":"Boutique","item":"https:\/\/mysi.ma\/index.php\/boutique\/"},{"@type":"ListItem","position":3,"name":"MYSI_Module_Simple Interrupteur d&rsquo;\u00c9clairage Intelligent"}]},{"@type":"WebSite","@id":"https:\/\/mysi.ma\/#website","url":"https:\/\/mysi.ma\/","name":"Mysi boutique en ligne sp\u00e9cialis\u00e9 en solutions smart \u00e9lectroniques","description":"","potentialAction":[{"@type":"SearchAction","target":{"@type":"EntryPoint","urlTemplate":"https:\/\/mysi.ma\/?s={search_term_string}"},"query-input":{"@type":"PropertyValueSpecification","valueRequired":true,"valueName":"search_term_string"}}],"inLanguage":"fr-FR"}]},"product_price_amount":"180.00","product_price_currency":"MAD","og_availability":"instock","product_availability":"instock","product_condition":"new"},"_links":{"self":[{"href":"https:\/\/mysi.ma\/index.php\/wp-json\/wp\/v2\/product\/10750","targetHints":{"allow":["GET"]}}],"collection":[{"href":"https:\/\/mysi.ma\/index.php\/wp-json\/wp\/v2\/product"}],"about":[{"href":"https:\/\/mysi.ma\/index.php\/wp-json\/wp\/v2\/types\/product"}],"replies":[{"embeddable":true,"href":"https:\/\/mysi.ma\/index.php\/wp-json\/wp\/v2\/comments?post=10750"}],"version-history":[{"count":5,"href":"https:\/\/mysi.ma\/index.php\/wp-json\/wp\/v2\/product\/10750\/revisions"}],"predecessor-version":[{"id":10753,"href":"https:\/\/mysi.ma\/index.php\/wp-json\/wp\/v2\/product\/10750\/revisions\/10753"}],"wp:featuredmedia":[{"embeddable":true,"href":"https:\/\/mysi.ma\/index.php\/wp-json\/wp\/v2\/media\/10909"}],"wp:attachment":[{"href":"https:\/\/mysi.ma\/index.php\/wp-json\/wp\/v2\/media?parent=10750"}],"wp:term":[{"taxonomy":"product_cat","embeddable":true,"href":"https:\/\/mysi.ma\/index.php\/wp-json\/wp\/v2\/product_cat?post=10750"},{"taxonomy":"product_tag","embeddable":true,"href":"https:\/\/mysi.ma\/index.php\/wp-json\/wp\/v2\/product_tag?post=10750"}],"curies":[{"name":"wp","href":"https:\/\/api.w.org\/{rel}","templated":true}]}}