{"id":10760,"date":"2024-01-29T09:05:12","date_gmt":"2024-01-29T08:05:12","guid":{"rendered":"https:\/\/mysi.ma\/?post_type=product&#038;p=10760"},"modified":"2024-02-13T19:17:01","modified_gmt":"2024-02-13T18:17:01","slug":"mysi-controleur-cl4-gsm-pour-ouvre-porte-de-garage-pompe","status":"publish","type":"product","link":"https:\/\/mysi.ma\/index.php\/produit\/mysi-controleur-cl4-gsm-pour-ouvre-porte-de-garage-pompe\/","title":{"rendered":"Mysi_Contr\u00f4leur_CL4_GSM pour ouvre-porte de garage \/ pompe"},"content":{"rendered":"<div id=\"presContent\" class=\"o-block__content o-block__content--white\"><strong>Pr\u00e9sentation produit :<\/strong><\/div>\n<div class=\"o-block__content o-block__content--white\"><strong>Application :<\/strong><\/div>\n<div class=\"o-block__content o-block__content--white\">Il y a beaucoup d&rsquo;endroits, tels que la station de base \u00e0 distance, le tableau de commande PBX, la pompe \u00e0 eau, le routeur, le serveur, la porte, la salle de distribution d&rsquo;\u00e9nergie, la brasserie, la serre etc., o\u00f9 il n&rsquo;y a pas de couverture WIFI. Si vous souhaitez contr\u00f4ler les \u00e9quipements on\/off dans ces endroits \u00e0 distance, les contr\u00f4leurs de relais GSM seront votre meilleure option. Vous pouvez contr\u00f4ler les appareils n&rsquo;importe o\u00f9 \u00e0 tout moment via le r\u00e9seau GSM.<\/div>\n<div><img decoding=\"async\" src=\"https:\/\/ae01.alicdn.com\/kf\/S287a381f094241b5bec10ed4eff0039bg.jpg\" \/><\/div>\n<div><\/div>\n<div><img decoding=\"async\" src=\"https:\/\/ae01.alicdn.com\/kf\/Sbfe365cd6ce9426f8434f3f0bf6f301e4.jpg\" \/><\/div>\n<div><\/div>\n<div>\n<p align=\"start\"><strong data-spm-anchor-id=\"a2g0o.detail.1000023.i4.5e1a1c97XoJXWs\">Caract\u00e9ristiques principales<\/strong><\/p>\n<p align=\"start\">1. Contr\u00f4lez 4 sorties relais marche\/arr\u00eat \u00e0 distance via le r\u00e9seau GSM 2G, pas de limitation de distance.<\/p>\n<p align=\"start\">2. Contr\u00f4le SMS: toutes les personnes qui connaissent la commande et le mot de passe SMS peuvent envoyer du texte SMS pour contr\u00f4ler l&rsquo;appareil.<\/p>\n<p align=\"start\">3. Contr\u00f4le des appels gratuits: lorsque l&rsquo;appareil d\u00e9tecte l&rsquo;appel, le relais 1 change de statut, le contr\u00f4le des appels est donc gratuit. Mais le contr\u00f4le d&rsquo;appel n&rsquo;est disponible que pour la premi\u00e8re sortie relais.<\/p>\n<p align=\"start\">4. Inching l&rsquo;\u00e9tat de relais en peu de temps. Il convient pour contr\u00f4ler la porte de porte\/porte de garage \u00e9lectrique.<\/p>\n<p align=\"start\">5. Contr\u00f4le programm\u00e9<\/p>\n<p align=\"start\">6. mat\u00e9riau Outshell: alliage d&rsquo;aluminium<\/p>\n<p align=\"start\">7. chaque sortie relais: 10A\/30VDC, 10A\/250VAC<\/p>\n<p align=\"start\">8. Alimentation: DC12V 1A, adaptateur secteur inclus<\/p>\n<p align=\"start\">9. Avec l&rsquo;interface de 2 capteurs, supporte le contr\u00f4le de la liaison du capteur d&rsquo;humidit\u00e9 de la temp\u00e9rature.<\/p>\n<\/div>\n<p align=\"start\"><img decoding=\"async\" src=\"https:\/\/ae01.alicdn.com\/kf\/Sbadb04f74aef421c959cf3a363531761H.jpg\" \/><\/p>\n<p><strong data-spm-anchor-id=\"a2g0o.detail.1000023.i6.5e1a1c97XoJXWs\">Avec deux interfaces de capteur, supporte le capteur de temp\u00e9rature\/temp\u00e9rature avec le contr\u00f4le de la tringlerie du capteur d&rsquo;humidit\u00e9.<\/strong><\/p>\n<p>&nbsp;<\/p>\n<p><img decoding=\"async\" src=\"https:\/\/ae01.alicdn.com\/kf\/S283a457a1bf841e8b0c4ed4359c30ca2f.jpg\" \/><\/p>\n<p><strong data-spm-anchor-id=\"a2g0o.detail.1000023.i8.5e1a1c97XoJXWs\">Commande de relais de d\u00e9clenchement d&rsquo;humidit\u00e9 de temp\u00e9rature sup\u00e9rieure\/inf\u00e9rieure<\/strong><\/p>\n<p><img decoding=\"async\" src=\"https:\/\/ae01.alicdn.com\/kf\/Scbcc15b2c94749789f75dc152b9007653.jpg\" \/><strong><span data-spm-anchor-id=\"a2g0o.detail.1000023.i10.5e1a1c97XoJXWs\">Mode contr\u00f4le SMS<\/span><\/strong><\/p>\n<p align=\"start\"><strong>Toutes les personnes qui connaissent la commande et le mot de passe SMS peuvent envoyer du texte SMS pour contr\u00f4ler l&rsquo;appareil.<\/strong><\/p>\n<p align=\"left\"><strong>Mode 1. Commande \u00ab\u00a0Marche\/Arr\u00eat\u00a0\u00bb SMS<\/strong><\/p>\n<p align=\"left\">Sur la commande: SN + MOT DE PASSE + ON, peut changer le statut de relais pour \u00eatre tout allum\u00e9.<\/p>\n<p align=\"left\">Commande OFF: SN + MOT DE PASSE + OFF, peut changer l&rsquo;\u00e9tat du relais pour qu&rsquo;il soit tout OFF.<\/p>\n<p align=\"left\"><img decoding=\"async\" src=\"https:\/\/ae01.alicdn.com\/kf\/Sea4767f999b34c2ba056f347313bafbdh.jpg\" \/><\/p>\n<p align=\"left\"><img decoding=\"async\" src=\"https:\/\/ae01.alicdn.com\/kf\/S4ffca1a87ea64a01a6053f8bc7cb21bfg.jpg\" \/><\/p>\n<p align=\"left\"><strong data-spm-anchor-id=\"a2g0o.detail.1000023.i13.5e1a1c97XoJXWs\">Mode 2: Commande COM<\/strong><\/p>\n<p align=\"start\">La commande COM peut contr\u00f4ler chaque chemin de statut de relais s\u00e9par\u00e9ment.<\/p>\n<p align=\"start\">Format SMS: SN + MOT DE PASSE + COM + code d&rsquo;\u00e9tat du relais N ou F ( N signifie ON, F signifie Off, X signifie \u00e9tat sans changement).<\/p>\n<p align=\"start\">CL4 a 4 sorties de relais. Si vous voulez le relais 1 ON, relais 2 ON, relais 3 OFF, relais 4 ON, le mot de passe est 0000, \u00e9ditez le texte du SMS: SN0000COMNNFN<\/p>\n<p align=\"start\"><img decoding=\"async\" src=\"https:\/\/ae01.alicdn.com\/kf\/Sc20a14d1ed0f4eb183a9fc9b75a03d7cv.jpg\" \/><\/p>\n<p align=\"start\"><strong data-spm-anchor-id=\"a2g0o.detail.1000023.i15.5e1a1c97XoJXWs\">Mode 3: Commande en T: Inching l&rsquo;\u00e9tat du relais en peu de temps.<\/strong><\/p>\n<p align=\"start\">Peut changer d&rsquo;\u00e9tat en peu de temps, puis r\u00e9tablir, le temps peut \u00eatre r\u00e9gl\u00e9.<\/p>\n<p align=\"start\">La commande convient pour contr\u00f4ler la porte de porte \u00e9lectrique\/porte de garage.<\/p>\n<p align=\"start\">Texte SMS: SN + MOT DE PASSE + T + * + C\/X<\/p>\n<p align=\"start\">(*:0-9, est le temps de d\u00e9clenchement. 0 est 0.5 secondes; 1-9 est 1-9 secondes).<\/p>\n<p align=\"start\">Description du code: C: d\u00e9clencheur; X: ignorer.<\/p>\n<p align=\"start\">Par exemple: (SW1: d\u00e9clencheur de 2 secondes, SW2 ignorer, d\u00e9clencheur SW3, SW4 ignorer).<\/p>\n<p align=\"start\">Envoyer un texte SMS: SN0000T2CXCX<\/p>\n<p align=\"start\">R\u00e9ponse SMS: SW1 SW3 est INCHING 2 secondes.<\/p>\n<p align=\"start\"><img decoding=\"async\" src=\"https:\/\/ae01.alicdn.com\/kf\/S76c0283a57ef4e6b850398f617dbc07fY.jpg\" \/><\/p>\n<p align=\"start\"><strong><span data-spm-anchor-id=\"a2g0o.detail.1000023.i17.5e1a1c97XoJXWs\">Mode 4: Commande L<\/span><\/strong><\/p>\n<p align=\"start\">Commutateur de relais Inching longue dur\u00e9e: contr\u00f4le de synchronisation de 001 \u00e0 240 minutes via les commandes L. Avec la fonction, les utilisateurs peuvent a\u00e9rateur d&rsquo;\u00e9tang chronom\u00e9tr\u00e9-contr\u00f4le, pompe \u00e0 eau, routeurs, serveur, moteur DC\/AC et autres \u00e9quipements \u00e9lectriques par SMS<\/p>\n<p align=\"start\">Texte SMS: SN + mot de passe + L + temps d&rsquo;avancement (001 \u00e0 240 minutes)+ C\/X (C: d\u00e9clencheur, X: ignorer)<\/p>\n<p align=\"start\">Par exemple: Envoyer SMS: SN0000L060CXXX<\/p>\n<p align=\"start\">SW1: on &#8212;&#8211; off 60 minutes &#8212;&#8211; on;\u00a0 Off &#8212;&#8211; sur 60 minutes &#8212;&#8211; off<\/p>\n<p align=\"start\">Les relais SW2, SW3, SW4 ne changent pas.<\/p>\n<p align=\"start\">Si le statut d&rsquo;origine du relais SW1 est ON, il changera pour \u00eatre OFF et maintenu \u00e0 l&rsquo;\u00e9tat OFF pendant 60 minutes, puis r\u00e9cup\u00e9rera pour \u00eatre ON automatiquement.<\/p>\n<p align=\"start\">Si le statut d&rsquo;origine du relais SW1 est OFF, il changera pour \u00eatre ON et maintenu sur l&rsquo;\u00e9tat ON pendant 60 minutes, puis r\u00e9cup\u00e9rera pour \u00eatre OFF automatiquement<img decoding=\"async\" src=\"https:\/\/ae01.alicdn.com\/kf\/Sb9b6ee4963274d5f8fb08de9920dc735L.jpg\" \/><\/p>\n<p align=\"start\"><img decoding=\"async\" src=\"https:\/\/ae01.alicdn.com\/kf\/Sc5d7320a50c94bf8a7706c34d366019cK.jpg\" \/><\/p>\n<p align=\"start\"><strong data-spm-anchor-id=\"a2g0o.detail.1000023.i20.5e1a1c97XoJXWs\">Mode 5: D\u00e9finir le num\u00e9ro principal du contr\u00f4le des appels via SMS<\/strong><\/p>\n<p align=\"start\"><strong>Mode 6: envoyer un SMS: SN + mot de passe + v\u00e9rifier, peut r\u00e9pondre \u00e0 l&rsquo;\u00e9tat de chaque relais.<\/strong><\/p>\n<p align=\"start\"><strong>Mode 7: le texte SMS change le mot de passe.<\/strong><\/p>\n<p align=\"start\"><img decoding=\"async\" src=\"https:\/\/ae01.alicdn.com\/kf\/S9fb21e839cfa41a7a155a9398c1b7321o.jpg\" \/><\/p>\n<p align=\"start\"><strong><span data-spm-anchor-id=\"a2g0o.detail.1000023.i22.5e1a1c97XoJXWs\">Contr\u00f4le d&rsquo;appel<\/span><\/strong><\/p>\n<p align=\"start\">Lorsque l&rsquo;appareil d\u00e9tecte l&rsquo;appel en sonnerie, le relais 1 change d&rsquo;\u00e9tat, le contr\u00f4le d&rsquo;appel est donc gratuit. Mais le contr\u00f4le d&rsquo;appel n&rsquo;est disponible que pour la premi\u00e8re sortie de relais, invalide pour le relais 2, le relais 3, le relais 4.<\/p>\n<div id=\"descContent\" class=\"o-block__content o-block__content--white u-mb-xl\">\n<div class=\"fpBlk testSep\" data-cs-override-id=\"Descriptif\">\n<div id=\"presContent\" class=\"o-block__content o-block__content--white\">\n<div class=\"fpBlk testSep extCode\" data-provider=\"None\">\n<div dir=\"auto\"><img decoding=\"async\" src=\"https:\/\/ae01.alicdn.com\/kf\/Se810ecb42a1c4a5c9c48925e84b550ec5.jpg\" \/><\/div>\n<\/div>\n<div dir=\"auto\"><img decoding=\"async\" src=\"https:\/\/ae01.alicdn.com\/kf\/Sc27e64eb4e6546ce9427dd7e7b55608aB.jpg\" \/><\/div>\n<\/div>\n<div dir=\"auto\">\n<p align=\"start\"><strong>Tringlerie du capteur d&rsquo;humidit\u00e9 temp\u00e9rature\/temp\u00e9rature:<\/strong><\/p>\n<p align=\"start\">Avec deux interfaces de capteur, l&rsquo;appui relient deux capteurs.<\/p>\n<div align=\"start\">Ports du capteur 1 et du capteur 2: pour connecter le capteur de temp\u00e9rature ou le capteur de temp\u00e9rature et d&rsquo;humidit\u00e9.<\/div>\n<\/div>\n<div align=\"start\"><img decoding=\"async\" src=\"https:\/\/ae01.alicdn.com\/kf\/Sbccc1275c5c04af38cff363543eec260K.jpg\" \/><\/div>\n<\/div>\n<div align=\"start\"><img decoding=\"async\" src=\"https:\/\/ae01.alicdn.com\/kf\/Sc6e1263291cf49b196ec84fade6fc51fE.jpg\" \/><\/div>\n<\/div>\n<div align=\"start\"><strong data-spm-anchor-id=\"a2g0o.detail.1000023.i27.5e1a1c97XoJXWs\">Relais de tringlerie de temp\u00e9rature sup\u00e9rieure ou inf\u00e9rieure contr\u00f4le marche\/arr\u00eat:<\/strong>Si la temp\u00e9rature est inf\u00e9rieure (sup\u00e9rieure) \u00e0 la temp\u00e9rature que vous avez pr\u00e9r\u00e9gl\u00e9e, l&rsquo;appareil allumera\/\u00e9teindra automatiquement la sortie relais en tant que r\u00e9glage. Par exemple: vous pouvez d\u00e9finir lorsque la temp\u00e9rature est sup\u00e9rieure \u00e0 25 cents degr\u00e9s, allumer le relais pour d\u00e9marrer le refroidisseur en r\u00e9duisant la temp\u00e9rature ambiante. Lorsque la temp\u00e9rature est inf\u00e9rieure \u00e0 10 cent degr\u00e9, \u00e9teignez le relais.<\/div>\n<div align=\"start\"><img decoding=\"async\" src=\"https:\/\/ae01.alicdn.com\/kf\/Sca5274366e1240c8b3b339613d66b285h.jpg\" \/><\/div>\n<div align=\"start\"><strong>Contr\u00f4le marche\/arr\u00eat du relais de liaison d&rsquo;humidit\u00e9 sup\u00e9rieure ou\u00a0<\/strong><b>inf\u00e9rieure: Si<\/b>\u00a0l&rsquo;humidit\u00e9 est inf\u00e9rieure (sup\u00e9rieure) \u00e0 l&rsquo;humidit\u00e9 que vous avez pr\u00e9d\u00e9finie, l&rsquo;appareil allumera\/\u00e9teindra automatiquement la sortie du relais en tant que r\u00e9glage. Par exemple: vous pouvez d\u00e9finir quand l&rsquo;humidit\u00e9 est inf\u00e9rieure \u00e0 30%, allumer le relais pour d\u00e9marrer l&rsquo;humidificateur augmenter l&rsquo;humidit\u00e9 de la pi\u00e8ce. Lorsque l&rsquo;humidit\u00e9 atteint 60%, \u00e9teignez le relais.<\/div>\n<div align=\"start\"><img decoding=\"async\" src=\"https:\/\/ae01.alicdn.com\/kf\/Sc242ffd02a3d4b86b4e813d4fc19086c4.jpg\" \/><\/div>\n<div align=\"start\"><strong><span data-spm-anchor-id=\"a2g0o.detail.1000023.i31.5e1a1c97XoJXWs\">Produit Show:<\/span><\/strong><\/div>\n<div align=\"start\">\n<p align=\"start\">Sorties relais: relais 4CH, SW1, SW2, SW3, SW4<\/p>\n<div align=\"start\">Mat\u00e9riau Out Shell: alliage d&rsquo;aluminium<\/div>\n<div align=\"start\">Chaque sortie de relais: 10A\/30VDC, 10A\/250VAC<\/div>\n<div align=\"start\">Logique de sortie: ouverture normale et fermeture normale.<\/div>\n<div align=\"start\">Alimentation: DC12V 1A, adaptateur secteur inclus<\/div>\n<div align=\"start\">Communiquer: via le r\u00e9seau GSM 2G.<\/div>\n<\/div>\n<div align=\"start\"><img decoding=\"async\" src=\"https:\/\/ae01.alicdn.com\/kf\/S28dae516ae534b0683aabb27b59bd194S.jpg\" \/><\/div>\n<div align=\"start\"><img decoding=\"async\" src=\"https:\/\/ae01.alicdn.com\/kf\/Sba3238da3496452fb9e75916e2b67f8e1.jpg\" \/><\/div>\n<div align=\"start\"><\/div>\n<div align=\"start\"><\/div>\n<div align=\"start\"><img decoding=\"async\" src=\"https:\/\/ae01.alicdn.com\/kf\/Sba3238da3496452fb9e75916e2b67f8e1.jpg\" \/><\/div>\n<div align=\"start\"><\/div>\n<div align=\"start\"><img decoding=\"async\" src=\"https:\/\/ae01.alicdn.com\/kf\/Sf51718f5455a4a6c9452b34d43c931cdY.jpg\" \/><\/div>\n<div align=\"start\"><strong>Connexion de c\u00e2blage de CL4-GSM<\/strong><\/div>\n<div align=\"start\">\n<p align=\"start\">1. Charge de sortie du relais: 10A\/30VDC, 10A\/250VAC<\/p>\n<div align=\"start\">\n<div>2. Moteur DC ou autres appareils (puissance inf\u00e9rieure \u00e0 80W)<\/div>\n<div>3. Ampoule AC\/LED\/autres appareils (puissance inf\u00e9rieure \u00e0 200W)<\/div>\n<div>Si vous souhaitez vous connecter \u00e0 un \u00e9quipement de moteur AC haute puissance (plus de 400W), veuillez ajouter un contacteur AC en plus par vous-m\u00eame.<\/div>\n<div>4. Conseils: Le c\u00e2blage du circuit n\u00e9cessite un fonctionnement professionnel, veuillez le manipuler avec soin.<\/div>\n<\/div>\n<div><img decoding=\"async\" src=\"https:\/\/ae01.alicdn.com\/kf\/S98f6971348584a38b814b1885f968be5e.jpg\" \/><\/div>\n<\/div>\n","protected":false},"excerpt":{"rendered":"<p>Pr\u00e9sentation produit : Application : Il y a beaucoup d&rsquo;endroits, tels que la station de base \u00e0 distance, le tableau<\/p>\n","protected":false},"featured_media":10776,"comment_status":"open","ping_status":"closed","template":"","meta":[],"product_cat":[127],"product_tag":[],"class_list":{"0":"post-10760","1":"product","2":"type-product","3":"status-publish","4":"has-post-thumbnail","6":"product_cat-automatisme","8":"first","9":"instock","10":"sale","11":"featured","12":"shipping-taxable","13":"purchasable","14":"product-type-simple"},"yoast_head":"<!-- This site is optimized with the Yoast SEO plugin v23.8 - https:\/\/yoast.com\/wordpress\/plugins\/seo\/ -->\n<title>Mysi_Contr\u00f4leur_CL4_GSM pour ouvre-porte de garage \/ pompe - Mysi boutique en ligne sp\u00e9cialis\u00e9 en solutions smart \u00e9lectroniques<\/title>\n<meta name=\"robots\" content=\"index, follow, max-snippet:-1, max-image-preview:large, max-video-preview:-1\" \/>\n<link rel=\"canonical\" href=\"https:\/\/mysi.ma\/index.php\/produit\/mysi-controleur-cl4-gsm-pour-ouvre-porte-de-garage-pompe\/\" \/>\n<meta property=\"og:locale\" content=\"fr_FR\" \/>\n<meta property=\"og:type\" content=\"article\" \/>\n<meta property=\"og:title\" content=\"Mysi_Contr\u00f4leur_CL4_GSM pour ouvre-porte de garage \/ pompe - Mysi boutique en ligne sp\u00e9cialis\u00e9 en solutions smart \u00e9lectroniques\" \/>\n<meta property=\"og:description\" content=\"Pr\u00e9sentation produit : Application : Il y a beaucoup d&rsquo;endroits, tels que la station de base \u00e0 distance, le tableau\" \/>\n<meta property=\"og:url\" content=\"https:\/\/mysi.ma\/index.php\/produit\/mysi-controleur-cl4-gsm-pour-ouvre-porte-de-garage-pompe\/\" \/>\n<meta property=\"og:site_name\" content=\"Mysi boutique en ligne sp\u00e9cialis\u00e9 en solutions smart \u00e9lectroniques\" \/>\n<meta property=\"article:modified_time\" content=\"2024-02-13T18:17:01+00:00\" \/>\n<meta property=\"og:image\" content=\"https:\/\/mysi.ma\/wp-content\/uploads\/2024\/01\/xcsource-cl4-gsm-regulateur-smart-gsm-interrupteur-1.webp\" \/>\n\t<meta property=\"og:image:width\" content=\"1200\" \/>\n\t<meta property=\"og:image:height\" content=\"1200\" \/>\n\t<meta property=\"og:image:type\" content=\"image\/webp\" \/>\n<meta name=\"twitter:card\" content=\"summary_large_image\" \/>\n<meta name=\"twitter:label1\" content=\"Prix\" \/>\n\t<meta name=\"twitter:data1\" content=\"&#x62f;.&#x645;.&nbsp;950,00\" \/>\n\t<meta name=\"twitter:label2\" content=\"Disponibilit\u00e9\" \/>\n\t<meta name=\"twitter:data2\" content=\"En stock\" \/>\n<script type=\"application\/ld+json\" class=\"yoast-schema-graph\">{\"@context\":\"https:\/\/schema.org\",\"@graph\":[{\"@type\":\"WebPage\",\"@id\":\"https:\/\/mysi.ma\/index.php\/produit\/mysi-controleur-cl4-gsm-pour-ouvre-porte-de-garage-pompe\/\",\"url\":\"https:\/\/mysi.ma\/index.php\/produit\/mysi-controleur-cl4-gsm-pour-ouvre-porte-de-garage-pompe\/\",\"name\":\"Mysi_Contr\u00f4leur_CL4_GSM pour ouvre-porte de garage \/ pompe - Mysi boutique en ligne sp\u00e9cialis\u00e9 en solutions smart \u00e9lectroniques\",\"isPartOf\":{\"@id\":\"https:\/\/mysi.ma\/#website\"},\"primaryImageOfPage\":{\"@id\":\"https:\/\/mysi.ma\/index.php\/produit\/mysi-controleur-cl4-gsm-pour-ouvre-porte-de-garage-pompe\/#primaryimage\"},\"image\":{\"@id\":\"https:\/\/mysi.ma\/index.php\/produit\/mysi-controleur-cl4-gsm-pour-ouvre-porte-de-garage-pompe\/#primaryimage\"},\"thumbnailUrl\":\"https:\/\/mysi.ma\/wp-content\/uploads\/2024\/01\/xcsource-cl4-gsm-regulateur-smart-gsm-interrupteur-1.webp\",\"datePublished\":\"2024-01-29T08:05:12+00:00\",\"dateModified\":\"2024-02-13T18:17:01+00:00\",\"breadcrumb\":{\"@id\":\"https:\/\/mysi.ma\/index.php\/produit\/mysi-controleur-cl4-gsm-pour-ouvre-porte-de-garage-pompe\/#breadcrumb\"},\"inLanguage\":\"fr-FR\",\"potentialAction\":[{\"@type\":\"ReadAction\",\"target\":[\"https:\/\/mysi.ma\/index.php\/produit\/mysi-controleur-cl4-gsm-pour-ouvre-porte-de-garage-pompe\/\"]}]},{\"@type\":\"ImageObject\",\"inLanguage\":\"fr-FR\",\"@id\":\"https:\/\/mysi.ma\/index.php\/produit\/mysi-controleur-cl4-gsm-pour-ouvre-porte-de-garage-pompe\/#primaryimage\",\"url\":\"https:\/\/mysi.ma\/wp-content\/uploads\/2024\/01\/xcsource-cl4-gsm-regulateur-smart-gsm-interrupteur-1.webp\",\"contentUrl\":\"https:\/\/mysi.ma\/wp-content\/uploads\/2024\/01\/xcsource-cl4-gsm-regulateur-smart-gsm-interrupteur-1.webp\",\"width\":1200,\"height\":1200},{\"@type\":\"BreadcrumbList\",\"@id\":\"https:\/\/mysi.ma\/index.php\/produit\/mysi-controleur-cl4-gsm-pour-ouvre-porte-de-garage-pompe\/#breadcrumb\",\"itemListElement\":[{\"@type\":\"ListItem\",\"position\":1,\"name\":\"Accueil\",\"item\":\"https:\/\/mysi.ma\/\"},{\"@type\":\"ListItem\",\"position\":2,\"name\":\"Boutique\",\"item\":\"https:\/\/mysi.ma\/index.php\/boutique\/\"},{\"@type\":\"ListItem\",\"position\":3,\"name\":\"Mysi_Contr\u00f4leur_CL4_GSM pour ouvre-porte de garage \/ pompe\"}]},{\"@type\":\"WebSite\",\"@id\":\"https:\/\/mysi.ma\/#website\",\"url\":\"https:\/\/mysi.ma\/\",\"name\":\"Mysi boutique en ligne sp\u00e9cialis\u00e9 en solutions smart \u00e9lectroniques\",\"description\":\"\",\"potentialAction\":[{\"@type\":\"SearchAction\",\"target\":{\"@type\":\"EntryPoint\",\"urlTemplate\":\"https:\/\/mysi.ma\/?s={search_term_string}\"},\"query-input\":{\"@type\":\"PropertyValueSpecification\",\"valueRequired\":true,\"valueName\":\"search_term_string\"}}],\"inLanguage\":\"fr-FR\"}]}<\/script>\n<meta property=\"product:price:amount\" content=\"950.00\" \/>\n<meta property=\"product:price:currency\" content=\"MAD\" \/>\n<meta property=\"og:availability\" content=\"instock\" \/>\n<meta property=\"product:availability\" content=\"instock\" \/>\n<meta property=\"product:condition\" content=\"new\" \/>\n<!-- \/ Yoast SEO plugin. -->","yoast_head_json":{"title":"Mysi_Contr\u00f4leur_CL4_GSM pour ouvre-porte de garage \/ pompe - Mysi boutique en ligne sp\u00e9cialis\u00e9 en solutions smart \u00e9lectroniques","robots":{"index":"index","follow":"follow","max-snippet":"max-snippet:-1","max-image-preview":"max-image-preview:large","max-video-preview":"max-video-preview:-1"},"canonical":"https:\/\/mysi.ma\/index.php\/produit\/mysi-controleur-cl4-gsm-pour-ouvre-porte-de-garage-pompe\/","og_locale":"fr_FR","og_type":"article","og_title":"Mysi_Contr\u00f4leur_CL4_GSM pour ouvre-porte de garage \/ pompe - Mysi boutique en ligne sp\u00e9cialis\u00e9 en solutions smart \u00e9lectroniques","og_description":"Pr\u00e9sentation produit : Application : Il y a beaucoup d&rsquo;endroits, tels que la station de base \u00e0 distance, le tableau","og_url":"https:\/\/mysi.ma\/index.php\/produit\/mysi-controleur-cl4-gsm-pour-ouvre-porte-de-garage-pompe\/","og_site_name":"Mysi boutique en ligne sp\u00e9cialis\u00e9 en solutions smart \u00e9lectroniques","article_modified_time":"2024-02-13T18:17:01+00:00","og_image":[{"width":1200,"height":1200,"url":"https:\/\/mysi.ma\/wp-content\/uploads\/2024\/01\/xcsource-cl4-gsm-regulateur-smart-gsm-interrupteur-1.webp","type":"image\/webp"}],"twitter_card":"summary_large_image","twitter_misc":{"Prix":"&#x62f;.&#x645;.&nbsp;950,00","Disponibilit\u00e9":"En stock"},"schema":{"@context":"https:\/\/schema.org","@graph":[{"@type":"WebPage","@id":"https:\/\/mysi.ma\/index.php\/produit\/mysi-controleur-cl4-gsm-pour-ouvre-porte-de-garage-pompe\/","url":"https:\/\/mysi.ma\/index.php\/produit\/mysi-controleur-cl4-gsm-pour-ouvre-porte-de-garage-pompe\/","name":"Mysi_Contr\u00f4leur_CL4_GSM pour ouvre-porte de garage \/ pompe - Mysi boutique en ligne sp\u00e9cialis\u00e9 en solutions smart \u00e9lectroniques","isPartOf":{"@id":"https:\/\/mysi.ma\/#website"},"primaryImageOfPage":{"@id":"https:\/\/mysi.ma\/index.php\/produit\/mysi-controleur-cl4-gsm-pour-ouvre-porte-de-garage-pompe\/#primaryimage"},"image":{"@id":"https:\/\/mysi.ma\/index.php\/produit\/mysi-controleur-cl4-gsm-pour-ouvre-porte-de-garage-pompe\/#primaryimage"},"thumbnailUrl":"https:\/\/mysi.ma\/wp-content\/uploads\/2024\/01\/xcsource-cl4-gsm-regulateur-smart-gsm-interrupteur-1.webp","datePublished":"2024-01-29T08:05:12+00:00","dateModified":"2024-02-13T18:17:01+00:00","breadcrumb":{"@id":"https:\/\/mysi.ma\/index.php\/produit\/mysi-controleur-cl4-gsm-pour-ouvre-porte-de-garage-pompe\/#breadcrumb"},"inLanguage":"fr-FR","potentialAction":[{"@type":"ReadAction","target":["https:\/\/mysi.ma\/index.php\/produit\/mysi-controleur-cl4-gsm-pour-ouvre-porte-de-garage-pompe\/"]}]},{"@type":"ImageObject","inLanguage":"fr-FR","@id":"https:\/\/mysi.ma\/index.php\/produit\/mysi-controleur-cl4-gsm-pour-ouvre-porte-de-garage-pompe\/#primaryimage","url":"https:\/\/mysi.ma\/wp-content\/uploads\/2024\/01\/xcsource-cl4-gsm-regulateur-smart-gsm-interrupteur-1.webp","contentUrl":"https:\/\/mysi.ma\/wp-content\/uploads\/2024\/01\/xcsource-cl4-gsm-regulateur-smart-gsm-interrupteur-1.webp","width":1200,"height":1200},{"@type":"BreadcrumbList","@id":"https:\/\/mysi.ma\/index.php\/produit\/mysi-controleur-cl4-gsm-pour-ouvre-porte-de-garage-pompe\/#breadcrumb","itemListElement":[{"@type":"ListItem","position":1,"name":"Accueil","item":"https:\/\/mysi.ma\/"},{"@type":"ListItem","position":2,"name":"Boutique","item":"https:\/\/mysi.ma\/index.php\/boutique\/"},{"@type":"ListItem","position":3,"name":"Mysi_Contr\u00f4leur_CL4_GSM pour ouvre-porte de garage \/ pompe"}]},{"@type":"WebSite","@id":"https:\/\/mysi.ma\/#website","url":"https:\/\/mysi.ma\/","name":"Mysi boutique en ligne sp\u00e9cialis\u00e9 en solutions smart \u00e9lectroniques","description":"","potentialAction":[{"@type":"SearchAction","target":{"@type":"EntryPoint","urlTemplate":"https:\/\/mysi.ma\/?s={search_term_string}"},"query-input":{"@type":"PropertyValueSpecification","valueRequired":true,"valueName":"search_term_string"}}],"inLanguage":"fr-FR"}]},"product_price_amount":"950.00","product_price_currency":"MAD","og_availability":"instock","product_availability":"instock","product_condition":"new"},"_links":{"self":[{"href":"https:\/\/mysi.ma\/index.php\/wp-json\/wp\/v2\/product\/10760","targetHints":{"allow":["GET"]}}],"collection":[{"href":"https:\/\/mysi.ma\/index.php\/wp-json\/wp\/v2\/product"}],"about":[{"href":"https:\/\/mysi.ma\/index.php\/wp-json\/wp\/v2\/types\/product"}],"replies":[{"embeddable":true,"href":"https:\/\/mysi.ma\/index.php\/wp-json\/wp\/v2\/comments?post=10760"}],"version-history":[{"count":12,"href":"https:\/\/mysi.ma\/index.php\/wp-json\/wp\/v2\/product\/10760\/revisions"}],"predecessor-version":[{"id":10767,"href":"https:\/\/mysi.ma\/index.php\/wp-json\/wp\/v2\/product\/10760\/revisions\/10767"}],"wp:featuredmedia":[{"embeddable":true,"href":"https:\/\/mysi.ma\/index.php\/wp-json\/wp\/v2\/media\/10776"}],"wp:attachment":[{"href":"https:\/\/mysi.ma\/index.php\/wp-json\/wp\/v2\/media?parent=10760"}],"wp:term":[{"taxonomy":"product_cat","embeddable":true,"href":"https:\/\/mysi.ma\/index.php\/wp-json\/wp\/v2\/product_cat?post=10760"},{"taxonomy":"product_tag","embeddable":true,"href":"https:\/\/mysi.ma\/index.php\/wp-json\/wp\/v2\/product_tag?post=10760"}],"curies":[{"name":"wp","href":"https:\/\/api.w.org\/{rel}","templated":true}]}}