{"id":10782,"date":"2024-01-29T09:57:03","date_gmt":"2024-01-29T08:57:03","guid":{"rendered":"https:\/\/mysi.ma\/?post_type=product&#038;p=10782"},"modified":"2024-03-29T01:39:38","modified_gmt":"2024-03-29T00:39:38","slug":"mysi-cl2-gsm-controleur-a-distance-sms-gsm-module-de-commande-a-distance-intelligent-avec-2-sorties-de-relais","status":"publish","type":"product","link":"https:\/\/mysi.ma\/index.php\/produit\/mysi-cl2-gsm-controleur-a-distance-sms-gsm-module-de-commande-a-distance-intelligent-avec-2-sorties-de-relais\/","title":{"rendered":"Mysi_CL2_GSM Contr\u00f4leur \u00e0 distance SMS GSM, module de commande \u00e0 distance intelligent avec 2 sorties de relais"},"content":{"rendered":"<div id=\"presContent\" class=\"o-block__content o-block__content--white\"><strong>Pr\u00e9sentation produit :<\/strong><\/div>\n<div class=\"o-block__content o-block__content--white\"><strong>Application :<\/strong><\/div>\n<div class=\"o-block__content o-block__content--white\">Il y a beaucoup d&rsquo;endroits, tels que la station de base \u00e0 distance, le tableau de commande PBX, la pompe \u00e0 eau, le routeur, le serveur, la porte, la salle de distribution d&rsquo;\u00e9nergie, la brasserie, la serre etc., o\u00f9 il n&rsquo;y a pas de couverture WIFI. Si vous souhaitez contr\u00f4ler les \u00e9quipements on\/off dans ces endroits \u00e0 distance, les contr\u00f4leurs de relais GSM seront votre meilleure option. Vous pouvez contr\u00f4ler les appareils n&rsquo;importe o\u00f9 \u00e0 tout moment via le r\u00e9seau GSM.<\/div>\n<div><\/div>\n<div class=\"product-oa-desc\" data-spm=\"0000004x7\">\n<div><strong>Description:<\/strong><\/div>\n<div>\n<div>Portail, barri\u00e8re, volet roulant, porte de garage et ouvre-porte de GSM. Ouvrez le portail ou la porte de garage avec un appel GRATUIT depuis votre t\u00e9l\u00e9phone portable !<\/div>\n<div>Commutation \u00e0 distance des machines avec un appel GRATUIT depuis votre t\u00e9l\u00e9phone portable !<\/div>\n<div>Le GSM Gate Opener est un dispositif tr\u00e8s simple qui peut \u00eatre utilis\u00e9 pour un acc\u00e8s de porte autoris\u00e9, le contr\u00f4le des portes, la commutation d&rsquo;\u00e9quipements \u00e0 distance, etc. En fait, le GSM Gate Opener peut \u00eatre utilis\u00e9 dans des endroits n\u00e9cessitant l&rsquo;allumage \/ l&rsquo;extinction de votre syst\u00e8me, machines, \u00e9quipements \u00e0 distance avec un appel GRATUIT depuis votre t\u00e9l\u00e9phone portable.<\/div>\n<div>Il suffit de composer \u00e0 partir du num\u00e9ro d&rsquo;utilisateur autoris\u00e9, puis les barri\u00e8res et les portes s&rsquo;ouvrent, ou la machine s&rsquo;allume ou s&rsquo;\u00e9teint gr\u00e2ce \u00e0 l&rsquo;ouvre-porte GSM. Il n&rsquo;y a pas de frais d&rsquo;appel, l&rsquo;ouvre-porte GSM rejette l&rsquo;appel du num\u00e9ro autoris\u00e9 puis effectue l&rsquo;action MARCHE\/ARR\u00caT.<\/div>\n<\/div>\n<div><strong>Caract\u00e9ristiques:<\/strong><\/div>\n<div>\n<div>Jusqu&rsquo;\u00e0 64 num\u00e9ros de t\u00e9l\u00e9phone autoris\u00e9s peuvent \u00eatre configur\u00e9s;<\/div>\n<div>2. Deux entr\u00e9es num\u00e9riques pour capteur de porte, capteurs de mouvement ou autres capteurs pour prot\u00e9ger votre porte et vos fen\u00eatres. Lorsque l&rsquo;un d&rsquo;eux est d\u00e9clench\u00e9, vous recevrez imm\u00e9diatement un message d&rsquo;alerte par SMS;<\/div>\n<div>Une sortie avec une cote de relais 3A \/ 240VAC pour connecter l&rsquo;interrupteur de la porte ou des machines;<\/div>\n<div>4. L&rsquo;action du relais renverra une confirmation par SMS au propri\u00e9taire, cette fonction est modifiable par l&rsquo;utilisateur;<\/div>\n<div>5. Bas\u00e9 sur le r\u00e9seau GSM, appliqu\u00e9 \u00e0 de nombreuses applications.<\/div>\n<\/div>\n<div><strong>Sp\u00e9cification:<\/strong><\/div>\n<div>\n<div>Adaptateur d&rsquo;alimentation \u00e9lectrique CC standard : DC12V\/1A<\/div>\n<div>Plage de fr\u00e9quence: Double bande 900\/1800 MHz ou 850\/1900Mhz<\/div>\n<div>Carte SIM: prend en charge les cartes SIM 3V<\/div>\n<\/div>\n<div><strong>Le paquet inclus:<\/strong><\/div>\n<div>\n<div>1 x ouvre-porte GSM<\/div>\n<div>1 x Antenne GSM<\/div>\n<div>1 x adaptateur de courant alternatif \u00e0 courant continu (12VDC\/1A)<\/div>\n<div>1 x Manuel d&rsquo;utilisation<\/div>\n<\/div>\n<\/div>\n","protected":false},"excerpt":{"rendered":"<p>Pr\u00e9sentation produit : Application : Il y a beaucoup d&rsquo;endroits, tels que la station de base \u00e0 distance, le tableau<\/p>\n","protected":false},"featured_media":10788,"comment_status":"open","ping_status":"closed","template":"","meta":[],"product_cat":[127],"product_tag":[],"class_list":{"0":"post-10782","1":"product","2":"type-product","3":"status-publish","4":"has-post-thumbnail","6":"product_cat-automatisme","8":"first","9":"instock","10":"sale","11":"shipping-taxable","12":"purchasable","13":"product-type-simple"},"yoast_head":"<!-- This site is optimized with the Yoast SEO plugin v23.8 - https:\/\/yoast.com\/wordpress\/plugins\/seo\/ -->\n<title>Mysi_CL2_GSM Contr\u00f4leur \u00e0 distance SMS GSM, module de commande \u00e0 distance intelligent avec 2 sorties de relais - Mysi boutique en ligne sp\u00e9cialis\u00e9 en solutions smart \u00e9lectroniques<\/title>\n<meta name=\"robots\" content=\"index, follow, max-snippet:-1, max-image-preview:large, max-video-preview:-1\" \/>\n<link rel=\"canonical\" href=\"https:\/\/mysi.ma\/index.php\/produit\/mysi-cl2-gsm-controleur-a-distance-sms-gsm-module-de-commande-a-distance-intelligent-avec-2-sorties-de-relais\/\" \/>\n<meta property=\"og:locale\" content=\"fr_FR\" \/>\n<meta property=\"og:type\" content=\"article\" \/>\n<meta property=\"og:title\" content=\"Mysi_CL2_GSM Contr\u00f4leur \u00e0 distance SMS GSM, module de commande \u00e0 distance intelligent avec 2 sorties de relais - Mysi boutique en ligne sp\u00e9cialis\u00e9 en solutions smart \u00e9lectroniques\" \/>\n<meta property=\"og:description\" content=\"Pr\u00e9sentation produit : Application : Il y a beaucoup d&rsquo;endroits, tels que la station de base \u00e0 distance, le tableau\" \/>\n<meta property=\"og:url\" content=\"https:\/\/mysi.ma\/index.php\/produit\/mysi-cl2-gsm-controleur-a-distance-sms-gsm-module-de-commande-a-distance-intelligent-avec-2-sorties-de-relais\/\" \/>\n<meta property=\"og:site_name\" content=\"Mysi boutique en ligne sp\u00e9cialis\u00e9 en solutions smart \u00e9lectroniques\" \/>\n<meta property=\"article:modified_time\" content=\"2024-03-29T00:39:38+00:00\" \/>\n<meta property=\"og:image\" content=\"https:\/\/mysi.ma\/wp-content\/uploads\/2024\/01\/d1e42d0e-ce8b-40b1-aa69-0ef382de65f5.jpg-2.webp\" \/>\n\t<meta property=\"og:image:width\" content=\"1000\" \/>\n\t<meta property=\"og:image:height\" content=\"1000\" \/>\n\t<meta property=\"og:image:type\" content=\"image\/webp\" \/>\n<meta name=\"twitter:card\" content=\"summary_large_image\" \/>\n<meta name=\"twitter:label1\" content=\"Prix\" \/>\n\t<meta name=\"twitter:data1\" content=\"&#x62f;.&#x645;.&nbsp;850,00\" \/>\n\t<meta name=\"twitter:label2\" content=\"Disponibilit\u00e9\" \/>\n\t<meta name=\"twitter:data2\" content=\"En stock\" \/>\n<script type=\"application\/ld+json\" class=\"yoast-schema-graph\">{\"@context\":\"https:\/\/schema.org\",\"@graph\":[{\"@type\":\"WebPage\",\"@id\":\"https:\/\/mysi.ma\/index.php\/produit\/mysi-cl2-gsm-controleur-a-distance-sms-gsm-module-de-commande-a-distance-intelligent-avec-2-sorties-de-relais\/\",\"url\":\"https:\/\/mysi.ma\/index.php\/produit\/mysi-cl2-gsm-controleur-a-distance-sms-gsm-module-de-commande-a-distance-intelligent-avec-2-sorties-de-relais\/\",\"name\":\"Mysi_CL2_GSM Contr\u00f4leur \u00e0 distance SMS GSM, module de commande \u00e0 distance intelligent avec 2 sorties de relais - Mysi boutique en ligne sp\u00e9cialis\u00e9 en solutions smart \u00e9lectroniques\",\"isPartOf\":{\"@id\":\"https:\/\/mysi.ma\/#website\"},\"primaryImageOfPage\":{\"@id\":\"https:\/\/mysi.ma\/index.php\/produit\/mysi-cl2-gsm-controleur-a-distance-sms-gsm-module-de-commande-a-distance-intelligent-avec-2-sorties-de-relais\/#primaryimage\"},\"image\":{\"@id\":\"https:\/\/mysi.ma\/index.php\/produit\/mysi-cl2-gsm-controleur-a-distance-sms-gsm-module-de-commande-a-distance-intelligent-avec-2-sorties-de-relais\/#primaryimage\"},\"thumbnailUrl\":\"https:\/\/mysi.ma\/wp-content\/uploads\/2024\/01\/d1e42d0e-ce8b-40b1-aa69-0ef382de65f5.jpg-2.webp\",\"datePublished\":\"2024-01-29T08:57:03+00:00\",\"dateModified\":\"2024-03-29T00:39:38+00:00\",\"breadcrumb\":{\"@id\":\"https:\/\/mysi.ma\/index.php\/produit\/mysi-cl2-gsm-controleur-a-distance-sms-gsm-module-de-commande-a-distance-intelligent-avec-2-sorties-de-relais\/#breadcrumb\"},\"inLanguage\":\"fr-FR\",\"potentialAction\":[{\"@type\":\"ReadAction\",\"target\":[\"https:\/\/mysi.ma\/index.php\/produit\/mysi-cl2-gsm-controleur-a-distance-sms-gsm-module-de-commande-a-distance-intelligent-avec-2-sorties-de-relais\/\"]}]},{\"@type\":\"ImageObject\",\"inLanguage\":\"fr-FR\",\"@id\":\"https:\/\/mysi.ma\/index.php\/produit\/mysi-cl2-gsm-controleur-a-distance-sms-gsm-module-de-commande-a-distance-intelligent-avec-2-sorties-de-relais\/#primaryimage\",\"url\":\"https:\/\/mysi.ma\/wp-content\/uploads\/2024\/01\/d1e42d0e-ce8b-40b1-aa69-0ef382de65f5.jpg-2.webp\",\"contentUrl\":\"https:\/\/mysi.ma\/wp-content\/uploads\/2024\/01\/d1e42d0e-ce8b-40b1-aa69-0ef382de65f5.jpg-2.webp\",\"width\":1000,\"height\":1000},{\"@type\":\"BreadcrumbList\",\"@id\":\"https:\/\/mysi.ma\/index.php\/produit\/mysi-cl2-gsm-controleur-a-distance-sms-gsm-module-de-commande-a-distance-intelligent-avec-2-sorties-de-relais\/#breadcrumb\",\"itemListElement\":[{\"@type\":\"ListItem\",\"position\":1,\"name\":\"Accueil\",\"item\":\"https:\/\/mysi.ma\/\"},{\"@type\":\"ListItem\",\"position\":2,\"name\":\"Boutique\",\"item\":\"https:\/\/mysi.ma\/index.php\/boutique\/\"},{\"@type\":\"ListItem\",\"position\":3,\"name\":\"Mysi_CL2_GSM Contr\u00f4leur \u00e0 distance SMS GSM, module de commande \u00e0 distance intelligent avec 2 sorties de relais\"}]},{\"@type\":\"WebSite\",\"@id\":\"https:\/\/mysi.ma\/#website\",\"url\":\"https:\/\/mysi.ma\/\",\"name\":\"Mysi boutique en ligne sp\u00e9cialis\u00e9 en solutions smart \u00e9lectroniques\",\"description\":\"\",\"potentialAction\":[{\"@type\":\"SearchAction\",\"target\":{\"@type\":\"EntryPoint\",\"urlTemplate\":\"https:\/\/mysi.ma\/?s={search_term_string}\"},\"query-input\":{\"@type\":\"PropertyValueSpecification\",\"valueRequired\":true,\"valueName\":\"search_term_string\"}}],\"inLanguage\":\"fr-FR\"}]}<\/script>\n<meta property=\"product:price:amount\" content=\"850.00\" \/>\n<meta property=\"product:price:currency\" content=\"MAD\" \/>\n<meta property=\"og:availability\" content=\"instock\" \/>\n<meta property=\"product:availability\" content=\"instock\" \/>\n<meta property=\"product:condition\" content=\"new\" \/>\n<!-- \/ Yoast SEO plugin. -->","yoast_head_json":{"title":"Mysi_CL2_GSM Contr\u00f4leur \u00e0 distance SMS GSM, module de commande \u00e0 distance intelligent avec 2 sorties de relais - Mysi boutique en ligne sp\u00e9cialis\u00e9 en solutions smart \u00e9lectroniques","robots":{"index":"index","follow":"follow","max-snippet":"max-snippet:-1","max-image-preview":"max-image-preview:large","max-video-preview":"max-video-preview:-1"},"canonical":"https:\/\/mysi.ma\/index.php\/produit\/mysi-cl2-gsm-controleur-a-distance-sms-gsm-module-de-commande-a-distance-intelligent-avec-2-sorties-de-relais\/","og_locale":"fr_FR","og_type":"article","og_title":"Mysi_CL2_GSM Contr\u00f4leur \u00e0 distance SMS GSM, module de commande \u00e0 distance intelligent avec 2 sorties de relais - Mysi boutique en ligne sp\u00e9cialis\u00e9 en solutions smart \u00e9lectroniques","og_description":"Pr\u00e9sentation produit : Application : Il y a beaucoup d&rsquo;endroits, tels que la station de base \u00e0 distance, le tableau","og_url":"https:\/\/mysi.ma\/index.php\/produit\/mysi-cl2-gsm-controleur-a-distance-sms-gsm-module-de-commande-a-distance-intelligent-avec-2-sorties-de-relais\/","og_site_name":"Mysi boutique en ligne sp\u00e9cialis\u00e9 en solutions smart \u00e9lectroniques","article_modified_time":"2024-03-29T00:39:38+00:00","og_image":[{"width":1000,"height":1000,"url":"https:\/\/mysi.ma\/wp-content\/uploads\/2024\/01\/d1e42d0e-ce8b-40b1-aa69-0ef382de65f5.jpg-2.webp","type":"image\/webp"}],"twitter_card":"summary_large_image","twitter_misc":{"Prix":"&#x62f;.&#x645;.&nbsp;850,00","Disponibilit\u00e9":"En stock"},"schema":{"@context":"https:\/\/schema.org","@graph":[{"@type":"WebPage","@id":"https:\/\/mysi.ma\/index.php\/produit\/mysi-cl2-gsm-controleur-a-distance-sms-gsm-module-de-commande-a-distance-intelligent-avec-2-sorties-de-relais\/","url":"https:\/\/mysi.ma\/index.php\/produit\/mysi-cl2-gsm-controleur-a-distance-sms-gsm-module-de-commande-a-distance-intelligent-avec-2-sorties-de-relais\/","name":"Mysi_CL2_GSM Contr\u00f4leur \u00e0 distance SMS GSM, module de commande \u00e0 distance intelligent avec 2 sorties de relais - Mysi boutique en ligne sp\u00e9cialis\u00e9 en solutions smart \u00e9lectroniques","isPartOf":{"@id":"https:\/\/mysi.ma\/#website"},"primaryImageOfPage":{"@id":"https:\/\/mysi.ma\/index.php\/produit\/mysi-cl2-gsm-controleur-a-distance-sms-gsm-module-de-commande-a-distance-intelligent-avec-2-sorties-de-relais\/#primaryimage"},"image":{"@id":"https:\/\/mysi.ma\/index.php\/produit\/mysi-cl2-gsm-controleur-a-distance-sms-gsm-module-de-commande-a-distance-intelligent-avec-2-sorties-de-relais\/#primaryimage"},"thumbnailUrl":"https:\/\/mysi.ma\/wp-content\/uploads\/2024\/01\/d1e42d0e-ce8b-40b1-aa69-0ef382de65f5.jpg-2.webp","datePublished":"2024-01-29T08:57:03+00:00","dateModified":"2024-03-29T00:39:38+00:00","breadcrumb":{"@id":"https:\/\/mysi.ma\/index.php\/produit\/mysi-cl2-gsm-controleur-a-distance-sms-gsm-module-de-commande-a-distance-intelligent-avec-2-sorties-de-relais\/#breadcrumb"},"inLanguage":"fr-FR","potentialAction":[{"@type":"ReadAction","target":["https:\/\/mysi.ma\/index.php\/produit\/mysi-cl2-gsm-controleur-a-distance-sms-gsm-module-de-commande-a-distance-intelligent-avec-2-sorties-de-relais\/"]}]},{"@type":"ImageObject","inLanguage":"fr-FR","@id":"https:\/\/mysi.ma\/index.php\/produit\/mysi-cl2-gsm-controleur-a-distance-sms-gsm-module-de-commande-a-distance-intelligent-avec-2-sorties-de-relais\/#primaryimage","url":"https:\/\/mysi.ma\/wp-content\/uploads\/2024\/01\/d1e42d0e-ce8b-40b1-aa69-0ef382de65f5.jpg-2.webp","contentUrl":"https:\/\/mysi.ma\/wp-content\/uploads\/2024\/01\/d1e42d0e-ce8b-40b1-aa69-0ef382de65f5.jpg-2.webp","width":1000,"height":1000},{"@type":"BreadcrumbList","@id":"https:\/\/mysi.ma\/index.php\/produit\/mysi-cl2-gsm-controleur-a-distance-sms-gsm-module-de-commande-a-distance-intelligent-avec-2-sorties-de-relais\/#breadcrumb","itemListElement":[{"@type":"ListItem","position":1,"name":"Accueil","item":"https:\/\/mysi.ma\/"},{"@type":"ListItem","position":2,"name":"Boutique","item":"https:\/\/mysi.ma\/index.php\/boutique\/"},{"@type":"ListItem","position":3,"name":"Mysi_CL2_GSM Contr\u00f4leur \u00e0 distance SMS GSM, module de commande \u00e0 distance intelligent avec 2 sorties de relais"}]},{"@type":"WebSite","@id":"https:\/\/mysi.ma\/#website","url":"https:\/\/mysi.ma\/","name":"Mysi boutique en ligne sp\u00e9cialis\u00e9 en solutions smart \u00e9lectroniques","description":"","potentialAction":[{"@type":"SearchAction","target":{"@type":"EntryPoint","urlTemplate":"https:\/\/mysi.ma\/?s={search_term_string}"},"query-input":{"@type":"PropertyValueSpecification","valueRequired":true,"valueName":"search_term_string"}}],"inLanguage":"fr-FR"}]},"product_price_amount":"850.00","product_price_currency":"MAD","og_availability":"instock","product_availability":"instock","product_condition":"new"},"_links":{"self":[{"href":"https:\/\/mysi.ma\/index.php\/wp-json\/wp\/v2\/product\/10782","targetHints":{"allow":["GET"]}}],"collection":[{"href":"https:\/\/mysi.ma\/index.php\/wp-json\/wp\/v2\/product"}],"about":[{"href":"https:\/\/mysi.ma\/index.php\/wp-json\/wp\/v2\/types\/product"}],"replies":[{"embeddable":true,"href":"https:\/\/mysi.ma\/index.php\/wp-json\/wp\/v2\/comments?post=10782"}],"version-history":[{"count":3,"href":"https:\/\/mysi.ma\/index.php\/wp-json\/wp\/v2\/product\/10782\/revisions"}],"predecessor-version":[{"id":10870,"href":"https:\/\/mysi.ma\/index.php\/wp-json\/wp\/v2\/product\/10782\/revisions\/10870"}],"wp:featuredmedia":[{"embeddable":true,"href":"https:\/\/mysi.ma\/index.php\/wp-json\/wp\/v2\/media\/10788"}],"wp:attachment":[{"href":"https:\/\/mysi.ma\/index.php\/wp-json\/wp\/v2\/media?parent=10782"}],"wp:term":[{"taxonomy":"product_cat","embeddable":true,"href":"https:\/\/mysi.ma\/index.php\/wp-json\/wp\/v2\/product_cat?post=10782"},{"taxonomy":"product_tag","embeddable":true,"href":"https:\/\/mysi.ma\/index.php\/wp-json\/wp\/v2\/product_tag?post=10782"}],"curies":[{"name":"wp","href":"https:\/\/api.w.org\/{rel}","templated":true}]}}