{"id":10801,"date":"2024-01-29T11:25:19","date_gmt":"2024-01-29T10:25:19","guid":{"rendered":"https:\/\/mysi.ma\/?post_type=product&#038;p=10801"},"modified":"2025-05-09T17:16:44","modified_gmt":"2025-05-09T15:16:44","slug":"mysi_rtu5024_gsm-controleur-a-distance-sms-gsm-module-de-commande-a-distance-intelligent-avec-1-sorties-de-relais","status":"publish","type":"product","link":"https:\/\/mysi.ma\/index.php\/produit\/mysi_rtu5024_gsm-controleur-a-distance-sms-gsm-module-de-commande-a-distance-intelligent-avec-1-sorties-de-relais\/","title":{"rendered":"RTU5024_GSM Contr\u00f4leur \u00e0 distance SMS GSM, module de commande \u00e0 distance intelligent avec 1 sorties de relais"},"content":{"rendered":"<p><strong>Sp\u00e9cification:<\/strong><br \/>\nType d&rsquo;\u00e9l\u00e9ment : relais d&rsquo;ouverture de porte \/ Contr\u00f4leur de pompe<br \/>\nMat\u00e9riel : plastique, composants \u00e9lectroniques<br \/>\nType: mise \u00e0 niveau RTU5024<br \/>\nFr\u00e9quence GSM : Quadri-bande 850\/900\/1800\/1900MHz<br \/>\nSortie : Contact sec NC\/NO, 3A\/240VAC<br \/>\nAlimentation DC : 9-36V DC<br \/>\nConsommation d&rsquo;\u00e9nergie: entr\u00e9e 12V maximum 50ma\/moyenne 25mA<br \/>\nCarte SIM: Prise en charge de la carte SIM 3V (non incluse)<br \/>\nAntenne: interface d&rsquo;antenne 50\u03a9 SMA<br \/>\nPlage de temp\u00e9rature : -20\u2103 &#8211; +60\u2103<br \/>\nPlage d&rsquo;humidit\u00e9: humidit\u00e9 relative 90%<\/p>\n<p>Liste des packages:<br \/>\n1xrelais d&rsquo;ouverture de porte<br \/>\n1 x Antenne<br \/>\n2 x borniers<\/p>\n<div style=\"width: 1280px;\" class=\"wp-video\"><video class=\"wp-video-shortcode\" id=\"video-10801-1\" width=\"1280\" height=\"720\" preload=\"metadata\" controls=\"controls\"><source type=\"video\/mp4\" src=\"https:\/\/mysi.ma\/wp-content\/uploads\/2022\/12\/RTU5024-GSM-Gate-Opener.mp4?_=1\" \/><a href=\"https:\/\/mysi.ma\/wp-content\/uploads\/2022\/12\/RTU5024-GSM-Gate-Opener.mp4\">https:\/\/mysi.ma\/wp-content\/uploads\/2022\/12\/RTU5024-GSM-Gate-Opener.mp4<\/a><\/video><\/div>\n","protected":false},"excerpt":{"rendered":"<p>Sp\u00e9cification: Type d&rsquo;\u00e9l\u00e9ment : relais d&rsquo;ouverture de porte \/ Contr\u00f4leur de pompe Mat\u00e9riel : plastique, composants \u00e9lectroniques Type: mise \u00e0<\/p>\n","protected":false},"featured_media":10848,"comment_status":"open","ping_status":"closed","template":"","meta":[],"product_cat":[127],"product_tag":[],"class_list":{"0":"post-10801","1":"product","2":"type-product","3":"status-publish","4":"has-post-thumbnail","6":"product_cat-automatisme","8":"first","9":"outofstock","10":"sale","11":"shipping-taxable","12":"purchasable","13":"product-type-simple"},"yoast_head":"<!-- This site is optimized with the Yoast SEO plugin v23.8 - https:\/\/yoast.com\/wordpress\/plugins\/seo\/ -->\n<title>RTU5024_GSM Contr\u00f4leur \u00e0 distance SMS GSM, module de commande \u00e0 distance intelligent avec 1 sorties de relais - Mysi boutique en ligne sp\u00e9cialis\u00e9 en solutions smart \u00e9lectroniques<\/title>\n<meta name=\"robots\" content=\"index, follow, max-snippet:-1, max-image-preview:large, max-video-preview:-1\" \/>\n<link rel=\"canonical\" href=\"https:\/\/mysi.ma\/index.php\/produit\/mysi_rtu5024_gsm-controleur-a-distance-sms-gsm-module-de-commande-a-distance-intelligent-avec-1-sorties-de-relais\/\" \/>\n<meta property=\"og:locale\" content=\"fr_FR\" \/>\n<meta property=\"og:type\" content=\"article\" \/>\n<meta property=\"og:title\" content=\"RTU5024_GSM Contr\u00f4leur \u00e0 distance SMS GSM, module de commande \u00e0 distance intelligent avec 1 sorties de relais - Mysi boutique en ligne sp\u00e9cialis\u00e9 en solutions smart \u00e9lectroniques\" \/>\n<meta property=\"og:description\" content=\"Sp\u00e9cification: Type d&rsquo;\u00e9l\u00e9ment : relais d&rsquo;ouverture de porte \/ Contr\u00f4leur de pompe Mat\u00e9riel : plastique, composants \u00e9lectroniques Type: mise \u00e0\" \/>\n<meta property=\"og:url\" content=\"https:\/\/mysi.ma\/index.php\/produit\/mysi_rtu5024_gsm-controleur-a-distance-sms-gsm-module-de-commande-a-distance-intelligent-avec-1-sorties-de-relais\/\" \/>\n<meta property=\"og:site_name\" content=\"Mysi boutique en ligne sp\u00e9cialis\u00e9 en solutions smart \u00e9lectroniques\" \/>\n<meta property=\"article:modified_time\" content=\"2025-05-09T15:16:44+00:00\" \/>\n<meta property=\"og:image\" content=\"https:\/\/mysi.ma\/wp-content\/uploads\/2024\/01\/61r2ON3nyeL._AC_SL1500_.jpg\" \/>\n\t<meta property=\"og:image:width\" content=\"1468\" \/>\n\t<meta property=\"og:image:height\" content=\"1407\" \/>\n\t<meta property=\"og:image:type\" content=\"image\/jpeg\" \/>\n<meta name=\"twitter:card\" content=\"summary_large_image\" \/>\n<meta name=\"twitter:label1\" content=\"Prix\" \/>\n\t<meta name=\"twitter:data1\" content=\"&#x62f;.&#x645;.&nbsp;650,00\" \/>\n\t<meta name=\"twitter:label2\" content=\"Disponibilit\u00e9\" \/>\n\t<meta name=\"twitter:data2\" content=\"Rupture de stock\" \/>\n<script type=\"application\/ld+json\" class=\"yoast-schema-graph\">{\"@context\":\"https:\/\/schema.org\",\"@graph\":[{\"@type\":\"WebPage\",\"@id\":\"https:\/\/mysi.ma\/index.php\/produit\/mysi_rtu5024_gsm-controleur-a-distance-sms-gsm-module-de-commande-a-distance-intelligent-avec-1-sorties-de-relais\/\",\"url\":\"https:\/\/mysi.ma\/index.php\/produit\/mysi_rtu5024_gsm-controleur-a-distance-sms-gsm-module-de-commande-a-distance-intelligent-avec-1-sorties-de-relais\/\",\"name\":\"RTU5024_GSM Contr\u00f4leur \u00e0 distance SMS GSM, module de commande \u00e0 distance intelligent avec 1 sorties de relais - Mysi boutique en ligne sp\u00e9cialis\u00e9 en solutions smart \u00e9lectroniques\",\"isPartOf\":{\"@id\":\"https:\/\/mysi.ma\/#website\"},\"primaryImageOfPage\":{\"@id\":\"https:\/\/mysi.ma\/index.php\/produit\/mysi_rtu5024_gsm-controleur-a-distance-sms-gsm-module-de-commande-a-distance-intelligent-avec-1-sorties-de-relais\/#primaryimage\"},\"image\":{\"@id\":\"https:\/\/mysi.ma\/index.php\/produit\/mysi_rtu5024_gsm-controleur-a-distance-sms-gsm-module-de-commande-a-distance-intelligent-avec-1-sorties-de-relais\/#primaryimage\"},\"thumbnailUrl\":\"https:\/\/mysi.ma\/wp-content\/uploads\/2024\/01\/61r2ON3nyeL._AC_SL1500_.jpg\",\"datePublished\":\"2024-01-29T10:25:19+00:00\",\"dateModified\":\"2025-05-09T15:16:44+00:00\",\"breadcrumb\":{\"@id\":\"https:\/\/mysi.ma\/index.php\/produit\/mysi_rtu5024_gsm-controleur-a-distance-sms-gsm-module-de-commande-a-distance-intelligent-avec-1-sorties-de-relais\/#breadcrumb\"},\"inLanguage\":\"fr-FR\",\"potentialAction\":[{\"@type\":\"ReadAction\",\"target\":[\"https:\/\/mysi.ma\/index.php\/produit\/mysi_rtu5024_gsm-controleur-a-distance-sms-gsm-module-de-commande-a-distance-intelligent-avec-1-sorties-de-relais\/\"]}]},{\"@type\":\"ImageObject\",\"inLanguage\":\"fr-FR\",\"@id\":\"https:\/\/mysi.ma\/index.php\/produit\/mysi_rtu5024_gsm-controleur-a-distance-sms-gsm-module-de-commande-a-distance-intelligent-avec-1-sorties-de-relais\/#primaryimage\",\"url\":\"https:\/\/mysi.ma\/wp-content\/uploads\/2024\/01\/61r2ON3nyeL._AC_SL1500_.jpg\",\"contentUrl\":\"https:\/\/mysi.ma\/wp-content\/uploads\/2024\/01\/61r2ON3nyeL._AC_SL1500_.jpg\",\"width\":1468,\"height\":1407},{\"@type\":\"BreadcrumbList\",\"@id\":\"https:\/\/mysi.ma\/index.php\/produit\/mysi_rtu5024_gsm-controleur-a-distance-sms-gsm-module-de-commande-a-distance-intelligent-avec-1-sorties-de-relais\/#breadcrumb\",\"itemListElement\":[{\"@type\":\"ListItem\",\"position\":1,\"name\":\"Accueil\",\"item\":\"https:\/\/mysi.ma\/\"},{\"@type\":\"ListItem\",\"position\":2,\"name\":\"Boutique\",\"item\":\"https:\/\/mysi.ma\/index.php\/boutique\/\"},{\"@type\":\"ListItem\",\"position\":3,\"name\":\"RTU5024_GSM Contr\u00f4leur \u00e0 distance SMS GSM, module de commande \u00e0 distance intelligent avec 1 sorties de relais\"}]},{\"@type\":\"WebSite\",\"@id\":\"https:\/\/mysi.ma\/#website\",\"url\":\"https:\/\/mysi.ma\/\",\"name\":\"Mysi boutique en ligne sp\u00e9cialis\u00e9 en solutions smart \u00e9lectroniques\",\"description\":\"\",\"potentialAction\":[{\"@type\":\"SearchAction\",\"target\":{\"@type\":\"EntryPoint\",\"urlTemplate\":\"https:\/\/mysi.ma\/?s={search_term_string}\"},\"query-input\":{\"@type\":\"PropertyValueSpecification\",\"valueRequired\":true,\"valueName\":\"search_term_string\"}}],\"inLanguage\":\"fr-FR\"}]}<\/script>\n<meta property=\"product:price:amount\" content=\"650.00\" \/>\n<meta property=\"product:price:currency\" content=\"MAD\" \/>\n<meta property=\"og:availability\" content=\"out of stock\" \/>\n<meta property=\"product:availability\" content=\"out of stock\" \/>\n<meta property=\"product:condition\" content=\"new\" \/>\n<!-- \/ Yoast SEO plugin. -->","yoast_head_json":{"title":"RTU5024_GSM Contr\u00f4leur \u00e0 distance SMS GSM, module de commande \u00e0 distance intelligent avec 1 sorties de relais - Mysi boutique en ligne sp\u00e9cialis\u00e9 en solutions smart \u00e9lectroniques","robots":{"index":"index","follow":"follow","max-snippet":"max-snippet:-1","max-image-preview":"max-image-preview:large","max-video-preview":"max-video-preview:-1"},"canonical":"https:\/\/mysi.ma\/index.php\/produit\/mysi_rtu5024_gsm-controleur-a-distance-sms-gsm-module-de-commande-a-distance-intelligent-avec-1-sorties-de-relais\/","og_locale":"fr_FR","og_type":"article","og_title":"RTU5024_GSM Contr\u00f4leur \u00e0 distance SMS GSM, module de commande \u00e0 distance intelligent avec 1 sorties de relais - Mysi boutique en ligne sp\u00e9cialis\u00e9 en solutions smart \u00e9lectroniques","og_description":"Sp\u00e9cification: Type d&rsquo;\u00e9l\u00e9ment : relais d&rsquo;ouverture de porte \/ Contr\u00f4leur de pompe Mat\u00e9riel : plastique, composants \u00e9lectroniques Type: mise \u00e0","og_url":"https:\/\/mysi.ma\/index.php\/produit\/mysi_rtu5024_gsm-controleur-a-distance-sms-gsm-module-de-commande-a-distance-intelligent-avec-1-sorties-de-relais\/","og_site_name":"Mysi boutique en ligne sp\u00e9cialis\u00e9 en solutions smart \u00e9lectroniques","article_modified_time":"2025-05-09T15:16:44+00:00","og_image":[{"width":1468,"height":1407,"url":"https:\/\/mysi.ma\/wp-content\/uploads\/2024\/01\/61r2ON3nyeL._AC_SL1500_.jpg","type":"image\/jpeg"}],"twitter_card":"summary_large_image","twitter_misc":{"Prix":"&#x62f;.&#x645;.&nbsp;650,00","Disponibilit\u00e9":"Rupture de stock"},"schema":{"@context":"https:\/\/schema.org","@graph":[{"@type":"WebPage","@id":"https:\/\/mysi.ma\/index.php\/produit\/mysi_rtu5024_gsm-controleur-a-distance-sms-gsm-module-de-commande-a-distance-intelligent-avec-1-sorties-de-relais\/","url":"https:\/\/mysi.ma\/index.php\/produit\/mysi_rtu5024_gsm-controleur-a-distance-sms-gsm-module-de-commande-a-distance-intelligent-avec-1-sorties-de-relais\/","name":"RTU5024_GSM Contr\u00f4leur \u00e0 distance SMS GSM, module de commande \u00e0 distance intelligent avec 1 sorties de relais - Mysi boutique en ligne sp\u00e9cialis\u00e9 en solutions smart \u00e9lectroniques","isPartOf":{"@id":"https:\/\/mysi.ma\/#website"},"primaryImageOfPage":{"@id":"https:\/\/mysi.ma\/index.php\/produit\/mysi_rtu5024_gsm-controleur-a-distance-sms-gsm-module-de-commande-a-distance-intelligent-avec-1-sorties-de-relais\/#primaryimage"},"image":{"@id":"https:\/\/mysi.ma\/index.php\/produit\/mysi_rtu5024_gsm-controleur-a-distance-sms-gsm-module-de-commande-a-distance-intelligent-avec-1-sorties-de-relais\/#primaryimage"},"thumbnailUrl":"https:\/\/mysi.ma\/wp-content\/uploads\/2024\/01\/61r2ON3nyeL._AC_SL1500_.jpg","datePublished":"2024-01-29T10:25:19+00:00","dateModified":"2025-05-09T15:16:44+00:00","breadcrumb":{"@id":"https:\/\/mysi.ma\/index.php\/produit\/mysi_rtu5024_gsm-controleur-a-distance-sms-gsm-module-de-commande-a-distance-intelligent-avec-1-sorties-de-relais\/#breadcrumb"},"inLanguage":"fr-FR","potentialAction":[{"@type":"ReadAction","target":["https:\/\/mysi.ma\/index.php\/produit\/mysi_rtu5024_gsm-controleur-a-distance-sms-gsm-module-de-commande-a-distance-intelligent-avec-1-sorties-de-relais\/"]}]},{"@type":"ImageObject","inLanguage":"fr-FR","@id":"https:\/\/mysi.ma\/index.php\/produit\/mysi_rtu5024_gsm-controleur-a-distance-sms-gsm-module-de-commande-a-distance-intelligent-avec-1-sorties-de-relais\/#primaryimage","url":"https:\/\/mysi.ma\/wp-content\/uploads\/2024\/01\/61r2ON3nyeL._AC_SL1500_.jpg","contentUrl":"https:\/\/mysi.ma\/wp-content\/uploads\/2024\/01\/61r2ON3nyeL._AC_SL1500_.jpg","width":1468,"height":1407},{"@type":"BreadcrumbList","@id":"https:\/\/mysi.ma\/index.php\/produit\/mysi_rtu5024_gsm-controleur-a-distance-sms-gsm-module-de-commande-a-distance-intelligent-avec-1-sorties-de-relais\/#breadcrumb","itemListElement":[{"@type":"ListItem","position":1,"name":"Accueil","item":"https:\/\/mysi.ma\/"},{"@type":"ListItem","position":2,"name":"Boutique","item":"https:\/\/mysi.ma\/index.php\/boutique\/"},{"@type":"ListItem","position":3,"name":"RTU5024_GSM Contr\u00f4leur \u00e0 distance SMS GSM, module de commande \u00e0 distance intelligent avec 1 sorties de relais"}]},{"@type":"WebSite","@id":"https:\/\/mysi.ma\/#website","url":"https:\/\/mysi.ma\/","name":"Mysi boutique en ligne sp\u00e9cialis\u00e9 en solutions smart \u00e9lectroniques","description":"","potentialAction":[{"@type":"SearchAction","target":{"@type":"EntryPoint","urlTemplate":"https:\/\/mysi.ma\/?s={search_term_string}"},"query-input":{"@type":"PropertyValueSpecification","valueRequired":true,"valueName":"search_term_string"}}],"inLanguage":"fr-FR"}]},"product_price_amount":"650.00","product_price_currency":"MAD","og_availability":"out of stock","product_availability":"out of stock","product_condition":"new"},"_links":{"self":[{"href":"https:\/\/mysi.ma\/index.php\/wp-json\/wp\/v2\/product\/10801","targetHints":{"allow":["GET"]}}],"collection":[{"href":"https:\/\/mysi.ma\/index.php\/wp-json\/wp\/v2\/product"}],"about":[{"href":"https:\/\/mysi.ma\/index.php\/wp-json\/wp\/v2\/types\/product"}],"replies":[{"embeddable":true,"href":"https:\/\/mysi.ma\/index.php\/wp-json\/wp\/v2\/comments?post=10801"}],"version-history":[{"count":9,"href":"https:\/\/mysi.ma\/index.php\/wp-json\/wp\/v2\/product\/10801\/revisions"}],"predecessor-version":[{"id":10807,"href":"https:\/\/mysi.ma\/index.php\/wp-json\/wp\/v2\/product\/10801\/revisions\/10807"}],"wp:featuredmedia":[{"embeddable":true,"href":"https:\/\/mysi.ma\/index.php\/wp-json\/wp\/v2\/media\/10848"}],"wp:attachment":[{"href":"https:\/\/mysi.ma\/index.php\/wp-json\/wp\/v2\/media?parent=10801"}],"wp:term":[{"taxonomy":"product_cat","embeddable":true,"href":"https:\/\/mysi.ma\/index.php\/wp-json\/wp\/v2\/product_cat?post=10801"},{"taxonomy":"product_tag","embeddable":true,"href":"https:\/\/mysi.ma\/index.php\/wp-json\/wp\/v2\/product_tag?post=10801"}],"curies":[{"name":"wp","href":"https:\/\/api.w.org\/{rel}","templated":true}]}}