{"id":10855,"date":"2024-02-02T23:07:08","date_gmt":"2024-02-02T22:07:08","guid":{"rendered":"https:\/\/mysi.ma\/?post_type=product&#038;p=10855"},"modified":"2024-03-29T01:39:11","modified_gmt":"2024-03-29T00:39:11","slug":"mysi_controleur_cl8_gsm-pour-ouvre-porte-de-garage-pompe","status":"publish","type":"product","link":"https:\/\/mysi.ma\/index.php\/produit\/mysi_controleur_cl8_gsm-pour-ouvre-porte-de-garage-pompe\/","title":{"rendered":"Mysi_Contr\u00f4leur_CL8_GSM pour ouvre-porte de garage \/ pompe"},"content":{"rendered":"<div id=\"presContent\" class=\"o-block__content o-block__content--white\"><strong>Pr\u00e9sentation produit :<\/strong><\/div>\n<div class=\"o-block__content o-block__content--white\"><strong>Application :<\/strong><\/div>\n<div class=\"o-block__content o-block__content--white\">Il y a beaucoup d&rsquo;endroits, tels que la station de base \u00e0 distance, le tableau de commande PBX, la pompe \u00e0 eau, le routeur, le serveur, la porte, la salle de distribution d&rsquo;\u00e9nergie, la brasserie, la serre etc., o\u00f9 il n&rsquo;y a pas de couverture WIFI. Si vous souhaitez contr\u00f4ler les \u00e9quipements on\/off dans ces endroits \u00e0 distance, les contr\u00f4leurs de relais GSM seront votre meilleure option. Vous pouvez contr\u00f4ler les appareils n&rsquo;importe o\u00f9 \u00e0 tout moment via le r\u00e9seau GSM.<\/div>\n<div><\/div>\n<div>\n<div class=\"detailmodule_html\">\n<div class=\"detail-desc-decorate-richtext\">\n<div><strong><span id=\"tl_3\">Caract\u00e9ristiques du produit<\/span><\/strong><\/div>\n<div>\n<ul>\n<li><span id=\"tl_5\">Facile \u00e0 utiliser par un seul appel ou SMS<\/span><\/li>\n<li><span id=\"tl_6\">Bo\u00eetier en alliage d&rsquo;aluminium avec plastique ignifuge pour \u00e9viter les incendies<\/span><\/li>\n<li><span id=\"tl_7\">Jusqu&rsquo;\u00e0 5 num\u00e9ros de t\u00e9l\u00e9phone mobile diff\u00e9rents peuvent \u00eatre pr\u00e9r\u00e9gl\u00e9s dans le syst\u00e8me<\/span><\/li>\n<li><span id=\"tl_8\">S\u00e9curis\u00e9-en utilisant l&rsquo;identification de l&rsquo;appelant pour l&rsquo;identification, les appelants inconnus sont ignor\u00e9s<\/span><\/li>\n<li><span id=\"tl_9\">Pas besoin de fournir une t\u00e9l\u00e9commande pour diff\u00e9rents utilisateurs<\/span><\/li>\n<li><span id=\"tl_10\">Peut \u00eatre utilis\u00e9 de n&rsquo;importe o\u00f9, sans limite de distance<\/span><\/li>\n<li><span id=\"tl_11\">Peut \u00eatre employ\u00e9 pour l&rsquo;acc\u00e8s autoris\u00e9 de porte, les portes de contr\u00f4le, commutation des \u00e9quipements \u00e0 distance, syst\u00e8mes de stationnement de voiture<\/span><\/li>\n<li><span id=\"tl_12\">Id\u00e9al pour le contr\u00f4le des appareils \u00e9lectriques domestiques tels que le r\u00e9parateur, la lampe, l&rsquo;ordinateur, le r\u00e9frig\u00e9rateur, la t\u00e9l\u00e9vision, le routeur sans fil, etc.<\/span><\/li>\n<\/ul>\n<div><\/div>\n<p><strong><span id=\"tl_13\">Sp\u00e9cifications:<\/span><\/strong><\/p>\n<ul>\n<li><span id=\"tl_14\">Fr\u00e9quence de travail: 850\/900\/1800\/1900MHz<\/span><\/li>\n<li><span id=\"tl_15\">Tension d&rsquo;entr\u00e9e: DC 9-12V<\/span><\/li>\n<li><span id=\"tl_16\">Puissance d&rsquo;entr\u00e9e: 0.9W<\/span><\/li>\n<li><span id=\"tl_17\">Courant de sortie: 10A<\/span><\/li>\n<li><span id=\"tl_18\">Tension de sortie: 220V\/10A 125V\/30V\/15A<\/span><\/li>\n<li><span id=\"tl_19\">Puissance de sortie max.: 2200W<\/span><\/li>\n<li><span id=\"tl_20\">Mat\u00e9riau du bo\u00eetier: alliage d&rsquo;aluminium<\/span><\/li>\n<li><span id=\"tl_21\">Poids: 290g<\/span><\/li>\n<li><span id=\"tl_22\">Norme: US Plug\/UK Plug\/EU Plug<\/span><\/li>\n<\/ul>\n<div><\/div>\n<p><img decoding=\"async\" src=\"https:\/\/ae01.alicdn.com\/kf\/H0a5d4e52f3cd4f0fba2592792f1a5f2fs.jpg\" \/><img decoding=\"async\" src=\"https:\/\/ae01.alicdn.com\/kf\/H9751673913374fddae8294e547bffea90.jpg\" \/><img decoding=\"async\" src=\"https:\/\/ae01.alicdn.com\/kf\/Hb7000f0cbddb4d499666d6ef93771ece1.jpg\" \/><img decoding=\"async\" src=\"https:\/\/ae01.alicdn.com\/kf\/H1323660f791a42f59c509899a3f0db6bT.jpg\" \/><img decoding=\"async\" src=\"https:\/\/ae01.alicdn.com\/kf\/H4a1ded660a4f4580bbc07ded68e836bfA.jpg\" \/><img decoding=\"async\" src=\"https:\/\/ae01.alicdn.com\/kf\/H7bed076b5658408d945613a39f55832fa.jpg\" \/><img decoding=\"async\" src=\"https:\/\/ae01.alicdn.com\/kf\/Hb602ab1f9dcd4245ba8ad329d26755abX.png\" \/><img decoding=\"async\" src=\"https:\/\/ae01.alicdn.com\/kf\/H2f234100c7fa45ee97c98cf7137c5ce1H.jpg\" \/><img decoding=\"async\" src=\"https:\/\/ae01.alicdn.com\/kf\/H4333e14c73774eeab49f74951c1e36dfo.jpg\" \/><img decoding=\"async\" src=\"https:\/\/ae01.alicdn.com\/kf\/Hc88f2a8bcd834e4788f9c868580dc30eC.jpg\" \/><img decoding=\"async\" src=\"https:\/\/ae01.alicdn.com\/kf\/Hb86770d0be0f40f08d5a036949f42f45V.jpg\" \/><img decoding=\"async\" src=\"https:\/\/ae01.alicdn.com\/kf\/Heae116aa456a4e4298750ade59c58e63I.png\" \/><\/p>\n<p><img decoding=\"async\" src=\"https:\/\/ae01.alicdn.com\/kf\/H80735768d4d14479a4731751cc733eabi.jpg\" \/><img decoding=\"async\" src=\"https:\/\/ae01.alicdn.com\/kf\/Hc6aed8be947745bdb41db7ea289bf5f5X.jpg\" \/><img decoding=\"async\" src=\"https:\/\/ae01.alicdn.com\/kf\/Hd20ea524db774c04892f6463327abf04X.jpg\" \/><img decoding=\"async\" src=\"https:\/\/ae01.alicdn.com\/kf\/H94a89c4f04f5407d8e6ac74d14e6760fV.jpg\" \/><img decoding=\"async\" src=\"https:\/\/ae01.alicdn.com\/kf\/H2ad6f5e37f6c40ec935e9ccac7b85c4dw.jpg\" \/><img decoding=\"async\" src=\"https:\/\/ae01.alicdn.com\/kf\/Hd74198fce4ce4bc4be7927c84abc8068U.jpg\" \/><img decoding=\"async\" src=\"https:\/\/ae01.alicdn.com\/kf\/H0390cdba6e2948a18b234c639e451f4e9.jpg\" \/><img decoding=\"async\" src=\"https:\/\/ae01.alicdn.com\/kf\/H0ae00a2b94ac4a409f7bce04ce43b1bcK.jpg\" \/><\/p>\n<div><\/div>\n<p><img decoding=\"async\" src=\"https:\/\/ae01.alicdn.com\/kf\/H9c18ab58f8254534aea2039fb0d168b7v.jpg\" \/><img decoding=\"async\" src=\"https:\/\/ae01.alicdn.com\/kf\/Ha0232ff6a5b546d9bce44b4ececacc5fC.jpg\" \/><img decoding=\"async\" src=\"https:\/\/ae01.alicdn.com\/kf\/HTB1KFptlOCYBuNkSnaVq6AMsVXaT.jpg\" \/><img decoding=\"async\" src=\"https:\/\/ae01.alicdn.com\/kf\/HTB102xFlRmWBuNkSndVq6AsApXap.jpg\" \/><\/p>\n<\/div>\n<div><img decoding=\"async\" src=\"https:\/\/ae01.alicdn.com\/kf\/H04ffaee6d4e145c7afc0d4768a23449cL.jpg\" \/>\u00a0<img decoding=\"async\" src=\"https:\/\/ae01.alicdn.com\/kf\/Hf86980d6ecea4b4eb13aebb32da43728w.jpg\" \/>\u00a0<img decoding=\"async\" src=\"https:\/\/ae01.alicdn.com\/kf\/H8c293ec0ffc8448d9f24f67b107abb1aN.jpg\" \/>\u00a0<img decoding=\"async\" src=\"https:\/\/ae01.alicdn.com\/kf\/H7910b6d1a423434fb6489adfd7d1c4f6j.jpg\" \/>\u00a0<img decoding=\"async\" src=\"https:\/\/ae01.alicdn.com\/kf\/Ha0d1164c1dd8477d8182e6c4e00f2729p.jpg\" \/>\u00a0<img decoding=\"async\" src=\"https:\/\/ae01.alicdn.com\/kf\/Hb1246b1c30ed4467ac6c98efe8162148u.jpg\" \/>\u00a0<img decoding=\"async\" src=\"https:\/\/ae01.alicdn.com\/kf\/H1388b009f75c416181571da24d443f8cD.jpg\" \/>\u00a0<img decoding=\"async\" src=\"https:\/\/ae01.alicdn.com\/kf\/Hd390dd88257243b088ebab976d6d6ea6v.jpg\" \/>\u00a0<img decoding=\"async\" src=\"https:\/\/ae01.alicdn.com\/kf\/H23a2e4cb31d1445085d1b76e9d08c770y.jpg\" \/>\u00a0<img decoding=\"async\" src=\"https:\/\/ae01.alicdn.com\/kf\/H0c48273adc934d07b0368ae2801f6267N.jpg\" \/>\u00a0<img decoding=\"async\" src=\"https:\/\/ae01.alicdn.com\/kf\/H7b22b52d5a524d258200b23b266d0abfP.jpg\" \/>\u00a0<img decoding=\"async\" src=\"https:\/\/ae01.alicdn.com\/kf\/H350499f9399f40d29851000594ce44caX.jpg\" \/>\u00a0<img decoding=\"async\" src=\"https:\/\/ae01.alicdn.com\/kf\/H304e41248c97406080ef17bae3336f0cV.jpg\" \/>\u00a0<img decoding=\"async\" src=\"https:\/\/ae01.alicdn.com\/kf\/Hd80f5527b1724d97aba8d01061b0c7a0E.jpg\" \/>\u00a0<img decoding=\"async\" src=\"https:\/\/ae01.alicdn.com\/kf\/H2467a4b3d3e742c48d717e2731c24dc2m.jpg\" \/>\u00a0<img decoding=\"async\" src=\"https:\/\/ae01.alicdn.com\/kf\/H1d12ace2424c496689183d499fda5c6am.jpg\" \/><\/div>\n<\/div>\n<\/div>\n<\/div>\n<div><\/div>\n<div><\/div>\n<div><\/div>\n<div><\/div>\n<div align=\"start\">\n<div><img decoding=\"async\" src=\"https:\/\/sc04.alicdn.com\/kf\/Ha051b572f1e24b5f8e4ce2a429908d00j\/257839452\/Ha051b572f1e24b5f8e4ce2a429908d00j.jpg\" alt=\"8 channel relay cl8-gsm sms gsm| Alibaba.com\" \/><\/div>\n<\/div>\n<div>\n<div style=\"width: 720px;\" class=\"wp-video\"><video class=\"wp-video-shortcode\" id=\"video-10855-1\" width=\"720\" height=\"720\" preload=\"metadata\" controls=\"controls\"><source type=\"video\/mp4\" src=\"https:\/\/mysi.ma\/wp-content\/uploads\/2024\/02\/1.mp4?_=1\" \/><a href=\"https:\/\/mysi.ma\/wp-content\/uploads\/2024\/02\/1.mp4\">https:\/\/mysi.ma\/wp-content\/uploads\/2024\/02\/1.mp4<\/a><\/video><\/div>\n<\/div>\n","protected":false},"excerpt":{"rendered":"<p>Pr\u00e9sentation produit : Application : Il y a beaucoup d&rsquo;endroits, tels que la station de base \u00e0 distance, le tableau<\/p>\n","protected":false},"featured_media":10857,"comment_status":"open","ping_status":"closed","template":"","meta":[],"product_cat":[127],"product_tag":[],"class_list":{"0":"post-10855","1":"product","2":"type-product","3":"status-publish","4":"has-post-thumbnail","6":"product_cat-automatisme","8":"first","9":"instock","10":"sale","11":"featured","12":"shipping-taxable","13":"purchasable","14":"product-type-simple"},"yoast_head":"<!-- This site is optimized with the Yoast SEO plugin v23.8 - https:\/\/yoast.com\/wordpress\/plugins\/seo\/ -->\n<title>Mysi_Contr\u00f4leur_CL8_GSM pour ouvre-porte de garage \/ pompe - Mysi boutique en ligne sp\u00e9cialis\u00e9 en solutions smart \u00e9lectroniques<\/title>\n<meta name=\"robots\" content=\"index, follow, max-snippet:-1, max-image-preview:large, max-video-preview:-1\" \/>\n<link rel=\"canonical\" href=\"https:\/\/mysi.ma\/index.php\/produit\/mysi_controleur_cl8_gsm-pour-ouvre-porte-de-garage-pompe\/\" \/>\n<meta property=\"og:locale\" content=\"fr_FR\" \/>\n<meta property=\"og:type\" content=\"article\" \/>\n<meta property=\"og:title\" content=\"Mysi_Contr\u00f4leur_CL8_GSM pour ouvre-porte de garage \/ pompe - Mysi boutique en ligne sp\u00e9cialis\u00e9 en solutions smart \u00e9lectroniques\" \/>\n<meta property=\"og:description\" content=\"Pr\u00e9sentation produit : Application : Il y a beaucoup d&rsquo;endroits, tels que la station de base \u00e0 distance, le tableau\" \/>\n<meta property=\"og:url\" content=\"https:\/\/mysi.ma\/index.php\/produit\/mysi_controleur_cl8_gsm-pour-ouvre-porte-de-garage-pompe\/\" \/>\n<meta property=\"og:site_name\" content=\"Mysi boutique en ligne sp\u00e9cialis\u00e9 en solutions smart \u00e9lectroniques\" \/>\n<meta property=\"article:modified_time\" content=\"2024-03-29T00:39:11+00:00\" \/>\n<meta property=\"og:image\" content=\"https:\/\/mysi.ma\/wp-content\/uploads\/2024\/02\/1-scaled.jpg\" \/>\n\t<meta property=\"og:image:width\" content=\"2560\" \/>\n\t<meta property=\"og:image:height\" content=\"2560\" \/>\n\t<meta property=\"og:image:type\" content=\"image\/jpeg\" \/>\n<meta name=\"twitter:card\" content=\"summary_large_image\" \/>\n<meta name=\"twitter:label1\" content=\"Prix\" \/>\n\t<meta name=\"twitter:data1\" content=\"&#x62f;.&#x645;.&nbsp;1.050,00\" \/>\n\t<meta name=\"twitter:label2\" content=\"Disponibilit\u00e9\" \/>\n\t<meta name=\"twitter:data2\" content=\"En stock\" \/>\n<script type=\"application\/ld+json\" class=\"yoast-schema-graph\">{\"@context\":\"https:\/\/schema.org\",\"@graph\":[{\"@type\":\"WebPage\",\"@id\":\"https:\/\/mysi.ma\/index.php\/produit\/mysi_controleur_cl8_gsm-pour-ouvre-porte-de-garage-pompe\/\",\"url\":\"https:\/\/mysi.ma\/index.php\/produit\/mysi_controleur_cl8_gsm-pour-ouvre-porte-de-garage-pompe\/\",\"name\":\"Mysi_Contr\u00f4leur_CL8_GSM pour ouvre-porte de garage \/ pompe - Mysi boutique en ligne sp\u00e9cialis\u00e9 en solutions smart \u00e9lectroniques\",\"isPartOf\":{\"@id\":\"https:\/\/mysi.ma\/#website\"},\"primaryImageOfPage\":{\"@id\":\"https:\/\/mysi.ma\/index.php\/produit\/mysi_controleur_cl8_gsm-pour-ouvre-porte-de-garage-pompe\/#primaryimage\"},\"image\":{\"@id\":\"https:\/\/mysi.ma\/index.php\/produit\/mysi_controleur_cl8_gsm-pour-ouvre-porte-de-garage-pompe\/#primaryimage\"},\"thumbnailUrl\":\"https:\/\/mysi.ma\/wp-content\/uploads\/2024\/02\/1-scaled.jpg\",\"datePublished\":\"2024-02-02T22:07:08+00:00\",\"dateModified\":\"2024-03-29T00:39:11+00:00\",\"breadcrumb\":{\"@id\":\"https:\/\/mysi.ma\/index.php\/produit\/mysi_controleur_cl8_gsm-pour-ouvre-porte-de-garage-pompe\/#breadcrumb\"},\"inLanguage\":\"fr-FR\",\"potentialAction\":[{\"@type\":\"ReadAction\",\"target\":[\"https:\/\/mysi.ma\/index.php\/produit\/mysi_controleur_cl8_gsm-pour-ouvre-porte-de-garage-pompe\/\"]}]},{\"@type\":\"ImageObject\",\"inLanguage\":\"fr-FR\",\"@id\":\"https:\/\/mysi.ma\/index.php\/produit\/mysi_controleur_cl8_gsm-pour-ouvre-porte-de-garage-pompe\/#primaryimage\",\"url\":\"https:\/\/mysi.ma\/wp-content\/uploads\/2024\/02\/1-scaled.jpg\",\"contentUrl\":\"https:\/\/mysi.ma\/wp-content\/uploads\/2024\/02\/1-scaled.jpg\",\"width\":2560,\"height\":2560},{\"@type\":\"BreadcrumbList\",\"@id\":\"https:\/\/mysi.ma\/index.php\/produit\/mysi_controleur_cl8_gsm-pour-ouvre-porte-de-garage-pompe\/#breadcrumb\",\"itemListElement\":[{\"@type\":\"ListItem\",\"position\":1,\"name\":\"Accueil\",\"item\":\"https:\/\/mysi.ma\/\"},{\"@type\":\"ListItem\",\"position\":2,\"name\":\"Boutique\",\"item\":\"https:\/\/mysi.ma\/index.php\/boutique\/\"},{\"@type\":\"ListItem\",\"position\":3,\"name\":\"Mysi_Contr\u00f4leur_CL8_GSM pour ouvre-porte de garage \/ pompe\"}]},{\"@type\":\"WebSite\",\"@id\":\"https:\/\/mysi.ma\/#website\",\"url\":\"https:\/\/mysi.ma\/\",\"name\":\"Mysi boutique en ligne sp\u00e9cialis\u00e9 en solutions smart \u00e9lectroniques\",\"description\":\"\",\"potentialAction\":[{\"@type\":\"SearchAction\",\"target\":{\"@type\":\"EntryPoint\",\"urlTemplate\":\"https:\/\/mysi.ma\/?s={search_term_string}\"},\"query-input\":{\"@type\":\"PropertyValueSpecification\",\"valueRequired\":true,\"valueName\":\"search_term_string\"}}],\"inLanguage\":\"fr-FR\"}]}<\/script>\n<meta property=\"product:price:amount\" content=\"1050.00\" \/>\n<meta property=\"product:price:currency\" content=\"MAD\" \/>\n<meta property=\"og:availability\" content=\"instock\" \/>\n<meta property=\"product:availability\" content=\"instock\" \/>\n<meta property=\"product:condition\" content=\"new\" \/>\n<!-- \/ Yoast SEO plugin. -->","yoast_head_json":{"title":"Mysi_Contr\u00f4leur_CL8_GSM pour ouvre-porte de garage \/ pompe - Mysi boutique en ligne sp\u00e9cialis\u00e9 en solutions smart \u00e9lectroniques","robots":{"index":"index","follow":"follow","max-snippet":"max-snippet:-1","max-image-preview":"max-image-preview:large","max-video-preview":"max-video-preview:-1"},"canonical":"https:\/\/mysi.ma\/index.php\/produit\/mysi_controleur_cl8_gsm-pour-ouvre-porte-de-garage-pompe\/","og_locale":"fr_FR","og_type":"article","og_title":"Mysi_Contr\u00f4leur_CL8_GSM pour ouvre-porte de garage \/ pompe - Mysi boutique en ligne sp\u00e9cialis\u00e9 en solutions smart \u00e9lectroniques","og_description":"Pr\u00e9sentation produit : Application : Il y a beaucoup d&rsquo;endroits, tels que la station de base \u00e0 distance, le tableau","og_url":"https:\/\/mysi.ma\/index.php\/produit\/mysi_controleur_cl8_gsm-pour-ouvre-porte-de-garage-pompe\/","og_site_name":"Mysi boutique en ligne sp\u00e9cialis\u00e9 en solutions smart \u00e9lectroniques","article_modified_time":"2024-03-29T00:39:11+00:00","og_image":[{"width":2560,"height":2560,"url":"https:\/\/mysi.ma\/wp-content\/uploads\/2024\/02\/1-scaled.jpg","type":"image\/jpeg"}],"twitter_card":"summary_large_image","twitter_misc":{"Prix":"&#x62f;.&#x645;.&nbsp;1.050,00","Disponibilit\u00e9":"En stock"},"schema":{"@context":"https:\/\/schema.org","@graph":[{"@type":"WebPage","@id":"https:\/\/mysi.ma\/index.php\/produit\/mysi_controleur_cl8_gsm-pour-ouvre-porte-de-garage-pompe\/","url":"https:\/\/mysi.ma\/index.php\/produit\/mysi_controleur_cl8_gsm-pour-ouvre-porte-de-garage-pompe\/","name":"Mysi_Contr\u00f4leur_CL8_GSM pour ouvre-porte de garage \/ pompe - Mysi boutique en ligne sp\u00e9cialis\u00e9 en solutions smart \u00e9lectroniques","isPartOf":{"@id":"https:\/\/mysi.ma\/#website"},"primaryImageOfPage":{"@id":"https:\/\/mysi.ma\/index.php\/produit\/mysi_controleur_cl8_gsm-pour-ouvre-porte-de-garage-pompe\/#primaryimage"},"image":{"@id":"https:\/\/mysi.ma\/index.php\/produit\/mysi_controleur_cl8_gsm-pour-ouvre-porte-de-garage-pompe\/#primaryimage"},"thumbnailUrl":"https:\/\/mysi.ma\/wp-content\/uploads\/2024\/02\/1-scaled.jpg","datePublished":"2024-02-02T22:07:08+00:00","dateModified":"2024-03-29T00:39:11+00:00","breadcrumb":{"@id":"https:\/\/mysi.ma\/index.php\/produit\/mysi_controleur_cl8_gsm-pour-ouvre-porte-de-garage-pompe\/#breadcrumb"},"inLanguage":"fr-FR","potentialAction":[{"@type":"ReadAction","target":["https:\/\/mysi.ma\/index.php\/produit\/mysi_controleur_cl8_gsm-pour-ouvre-porte-de-garage-pompe\/"]}]},{"@type":"ImageObject","inLanguage":"fr-FR","@id":"https:\/\/mysi.ma\/index.php\/produit\/mysi_controleur_cl8_gsm-pour-ouvre-porte-de-garage-pompe\/#primaryimage","url":"https:\/\/mysi.ma\/wp-content\/uploads\/2024\/02\/1-scaled.jpg","contentUrl":"https:\/\/mysi.ma\/wp-content\/uploads\/2024\/02\/1-scaled.jpg","width":2560,"height":2560},{"@type":"BreadcrumbList","@id":"https:\/\/mysi.ma\/index.php\/produit\/mysi_controleur_cl8_gsm-pour-ouvre-porte-de-garage-pompe\/#breadcrumb","itemListElement":[{"@type":"ListItem","position":1,"name":"Accueil","item":"https:\/\/mysi.ma\/"},{"@type":"ListItem","position":2,"name":"Boutique","item":"https:\/\/mysi.ma\/index.php\/boutique\/"},{"@type":"ListItem","position":3,"name":"Mysi_Contr\u00f4leur_CL8_GSM pour ouvre-porte de garage \/ pompe"}]},{"@type":"WebSite","@id":"https:\/\/mysi.ma\/#website","url":"https:\/\/mysi.ma\/","name":"Mysi boutique en ligne sp\u00e9cialis\u00e9 en solutions smart \u00e9lectroniques","description":"","potentialAction":[{"@type":"SearchAction","target":{"@type":"EntryPoint","urlTemplate":"https:\/\/mysi.ma\/?s={search_term_string}"},"query-input":{"@type":"PropertyValueSpecification","valueRequired":true,"valueName":"search_term_string"}}],"inLanguage":"fr-FR"}]},"product_price_amount":"1050.00","product_price_currency":"MAD","og_availability":"instock","product_availability":"instock","product_condition":"new"},"_links":{"self":[{"href":"https:\/\/mysi.ma\/index.php\/wp-json\/wp\/v2\/product\/10855","targetHints":{"allow":["GET"]}}],"collection":[{"href":"https:\/\/mysi.ma\/index.php\/wp-json\/wp\/v2\/product"}],"about":[{"href":"https:\/\/mysi.ma\/index.php\/wp-json\/wp\/v2\/types\/product"}],"replies":[{"embeddable":true,"href":"https:\/\/mysi.ma\/index.php\/wp-json\/wp\/v2\/comments?post=10855"}],"version-history":[{"count":3,"href":"https:\/\/mysi.ma\/index.php\/wp-json\/wp\/v2\/product\/10855\/revisions"}],"predecessor-version":[{"id":10866,"href":"https:\/\/mysi.ma\/index.php\/wp-json\/wp\/v2\/product\/10855\/revisions\/10866"}],"wp:featuredmedia":[{"embeddable":true,"href":"https:\/\/mysi.ma\/index.php\/wp-json\/wp\/v2\/media\/10857"}],"wp:attachment":[{"href":"https:\/\/mysi.ma\/index.php\/wp-json\/wp\/v2\/media?parent=10855"}],"wp:term":[{"taxonomy":"product_cat","embeddable":true,"href":"https:\/\/mysi.ma\/index.php\/wp-json\/wp\/v2\/product_cat?post=10855"},{"taxonomy":"product_tag","embeddable":true,"href":"https:\/\/mysi.ma\/index.php\/wp-json\/wp\/v2\/product_tag?post=10855"}],"curies":[{"name":"wp","href":"https:\/\/api.w.org\/{rel}","templated":true}]}}