{"id":10872,"date":"2024-02-02T23:45:32","date_gmt":"2024-02-02T22:45:32","guid":{"rendered":"https:\/\/mysi.ma\/?post_type=product&#038;p=10872"},"modified":"2026-04-02T13:51:52","modified_gmt":"2026-04-02T11:51:52","slug":"mysi_module_rideau-intelligent-tuya-wifi-pour-volet-roulant-moteur-de-store-portes-de-volet-roulant-fonctionne-avec-alexa-google-home-smart-life","status":"publish","type":"product","link":"https:\/\/mysi.ma\/index.php\/produit\/mysi_module_rideau-intelligent-tuya-wifi-pour-volet-roulant-moteur-de-store-portes-de-volet-roulant-fonctionne-avec-alexa-google-home-smart-life\/","title":{"rendered":"MYSI_Module_rideau intelligent Tuya wifi  pour volet roulant, moteur de store, portes de volet roulant, fonctionne avec Alexa Google Home Smart Life"},"content":{"rendered":"<h1>Description<\/h1>\n<div class=\"visuallyHidden___E1li8\">Produit:<\/div>\n<div class=\"visuallyHidden___E1li8\">Contr\u00f4leur de rideau intelligent<\/div>\n<div class=\"visuallyHidden___E1li8\">Sans fil: WiFi 2,4 GHz<\/div>\n<div class=\"visuallyHidden___E1li8\">Entr\u00e9e: AC100-240V 50 \/ 60Hz<\/div>\n<div class=\"visuallyHidden___E1li8\">Sortir: AC100-240V 50\/60Hz Max.<\/div>\n<div class=\"visuallyHidden___E1li8\">charge: 3A<\/div>\n<div class=\"description___Wi2sH\" aria-hidden=\"true\">\n<h1 class=\"paragraph___wH2O0\" data-testid=\"DescriptionOnProductPage\"><strong>Caract\u00e9ristiques: <\/strong><\/h1>\n<p class=\"paragraph___wH2O0\" data-testid=\"DescriptionOnProductPage\">\u3010Mini corps\u3011 Mini corps, 21 mm d\u2019\u00e9paisseur suffisante pour tenir dans la cassette de l\u2019interrupteur, transformant l\u2019interrupteur rideau traditionnel en un interrupteur rideau intelligent. T\u00e9l\u00e9commande APP\u3011 Tuya ou l&rsquo;application smart life peuvent \u00eatre utilis\u00e9es pour contr\u00f4ler \u00e0 distance l&rsquo;interrupteur marche\/arr\u00eat. Vous pouvez voir l\u2019\u00e9tat ouvert ou ferm\u00e9 des rideaux \u00e0 partir de l\u2019APP lorsque vous \u00eates absent.<\/p>\n<p class=\"paragraph___wH2O0\" data-testid=\"DescriptionOnProductPage\">\u3010Ouvrir ou fermer \u00e0 un pourcentage\u3011 Vous pouvez ouvrir les rideaux et d\u00e9finir le pourcentage comme vous le souhaitez sur l\u2019application smart life. Par exemple, ouvrir 80%, fermer 35% \u3010<\/p>\n<p class=\"paragraph___wH2O0\" data-testid=\"DescriptionOnProductPage\">Prise en charge de la commande vocale\u3011 Le commutateur est compatible avec Alexa et Google Home Assistant, vous permettant d\u2019utiliser l\u2019interrupteur intelligent de commande vocale pour allumer \/ \u00e9teindre. (Rideaux qui ne prennent pas en charge la commande vocale pour les pourcentages d\u2019ouverture)<\/p>\n<p class=\"paragraph___wH2O0\" data-testid=\"DescriptionOnProductPage\">\u3010Lien avec d&rsquo;autres appareils intelligents\u3011 Il peut \u00eatre connect\u00e9 \u00e0 d&rsquo;autres appareils intelligents pour r\u00e9aliser ensemble une vie intelligente pratique. Un mode maison peut \u00eatre cr\u00e9\u00e9 et reli\u00e9 \u00e0 d\u2019autres appareils intelligents pour ouvrir automatiquement les rideaux d\u00e8s votre retour \u00e0 la maison. Timing\u3011 L&rsquo;interrupteur intelligent s&rsquo;allume et s&rsquo;\u00e9teint automatiquement \u00e0 un moment donn\u00e9 gr\u00e2ce \u00e0 la fonction de minuterie. Choisissez l\u2019heure \u00e0 laquelle vous souhaitez vous r\u00e9veiller, ouvrez automatiquement les rideaux afin de pouvoir facilement entrer dans la journ\u00e9e; Choisissez l\u2019heure \u00e0 laquelle vous souhaitez fermer les rideaux. Partager\u3011 Le commutateur de contr\u00f4le peut \u00eatre partag\u00e9 avec les membres de la famille.<\/p>\n<p class=\"paragraph___wH2O0\" data-testid=\"DescriptionOnProductPage\">Emballage inclus: 1 * commutateur intelligent, 1 * manuel<\/p>\n<p class=\"paragraph___wH2O0\" data-testid=\"DescriptionOnProductPage\">Remarques: La ligne neutre est requise. Ce produit doit \u00eatre calibr\u00e9 avec pr\u00e9cision avec le commutateur. Le processus d\u2019\u00e9talonnage:<\/p>\n<p class=\"paragraph___wH2O0\" data-testid=\"DescriptionOnProductPage\">1. V\u00e9rifiez que le moteur du rideau et l\u2019interrupteur sont connect\u00e9s.<\/p>\n<p class=\"paragraph___wH2O0\" data-testid=\"DescriptionOnProductPage\">2. Connectez l\u2019application et assurez-vous que les rideaux sont compl\u00e8tement ouverts.<\/p>\n<p class=\"paragraph___wH2O0\" data-testid=\"DescriptionOnProductPage\">3. Calibrage pr\u00e9cis des param\u00e8tres APP<\/p>\n<p class=\"paragraph___wH2O0\" data-testid=\"DescriptionOnProductPage\">4. Appuyez sur le bouton de fermeture du bouton ordinaire, attendez que le rideau atteigne la position compl\u00e8tement ferm\u00e9e, puis appuyez sur le bouton de r\u00e9initialisation de l\u2019interrupteur \u00e0 rideau intelligent<\/p>\n<p class=\"paragraph___wH2O0\" data-testid=\"DescriptionOnProductPage\">5.app cliquez sur suivant<\/p>\n<p class=\"paragraph___wH2O0\" data-testid=\"DescriptionOnProductPage\">6. Appuyez sur le bouton d\u2019ouverture du bouton ordinaire, attendez que le rideau atteigne la position compl\u00e8tement ouverte, puis appuyez sur le bouton de r\u00e9initialisation de l\u2019interrupteur \u00e0 rideau intelligent<\/p>\n<p class=\"paragraph___wH2O0\" data-testid=\"DescriptionOnProductPage\">7.app cliquez sur suivant<\/p>\n<p class=\"paragraph___wH2O0\" data-testid=\"DescriptionOnProductPage\">8. Fait<\/p>\n<\/div>\n","protected":false},"excerpt":{"rendered":"<p>Description Produit: Contr\u00f4leur de rideau intelligent Sans fil: WiFi 2,4 GHz Entr\u00e9e: AC100-240V 50 \/ 60Hz Sortir: AC100-240V 50\/60Hz Max.<\/p>\n","protected":false},"featured_media":10908,"comment_status":"open","ping_status":"closed","template":"","meta":[],"product_cat":[127,126,125],"product_tag":[],"class_list":{"0":"post-10872","1":"product","2":"type-product","3":"status-publish","4":"has-post-thumbnail","6":"product_cat-automatisme","7":"product_cat-eclairage","8":"product_cat-electrique","10":"first","11":"outofstock","12":"sale","13":"shipping-taxable","14":"purchasable","15":"product-type-simple"},"yoast_head":"<!-- This site is optimized with the Yoast SEO plugin v23.8 - https:\/\/yoast.com\/wordpress\/plugins\/seo\/ -->\n<title>MYSI_Module_rideau intelligent Tuya wifi pour volet roulant, moteur de store, portes de volet roulant, fonctionne avec Alexa Google Home Smart Life - Mysi boutique en ligne sp\u00e9cialis\u00e9 en solutions smart \u00e9lectroniques<\/title>\n<meta name=\"robots\" content=\"index, follow, max-snippet:-1, max-image-preview:large, max-video-preview:-1\" \/>\n<link rel=\"canonical\" href=\"https:\/\/mysi.ma\/index.php\/produit\/mysi_module_rideau-intelligent-tuya-wifi-pour-volet-roulant-moteur-de-store-portes-de-volet-roulant-fonctionne-avec-alexa-google-home-smart-life\/\" \/>\n<meta property=\"og:locale\" content=\"fr_FR\" \/>\n<meta property=\"og:type\" content=\"article\" \/>\n<meta property=\"og:title\" content=\"MYSI_Module_rideau intelligent Tuya wifi pour volet roulant, moteur de store, portes de volet roulant, fonctionne avec Alexa Google Home Smart Life - Mysi boutique en ligne sp\u00e9cialis\u00e9 en solutions smart \u00e9lectroniques\" \/>\n<meta property=\"og:description\" content=\"Description Produit: Contr\u00f4leur de rideau intelligent Sans fil: WiFi 2,4 GHz Entr\u00e9e: AC100-240V 50 \/ 60Hz Sortir: AC100-240V 50\/60Hz Max.\" \/>\n<meta property=\"og:url\" content=\"https:\/\/mysi.ma\/index.php\/produit\/mysi_module_rideau-intelligent-tuya-wifi-pour-volet-roulant-moteur-de-store-portes-de-volet-roulant-fonctionne-avec-alexa-google-home-smart-life\/\" \/>\n<meta property=\"og:site_name\" content=\"Mysi boutique en ligne sp\u00e9cialis\u00e9 en solutions smart \u00e9lectroniques\" \/>\n<meta property=\"article:modified_time\" content=\"2026-04-02T11:51:52+00:00\" \/>\n<meta property=\"og:image\" content=\"https:\/\/mysi.ma\/wp-content\/uploads\/2024\/02\/Curtain-final-2-300x300-1-2.jpg\" \/>\n\t<meta property=\"og:image:width\" content=\"600\" \/>\n\t<meta property=\"og:image:height\" content=\"600\" \/>\n\t<meta property=\"og:image:type\" content=\"image\/jpeg\" \/>\n<meta name=\"twitter:card\" content=\"summary_large_image\" \/>\n<meta name=\"twitter:label1\" content=\"Prix\" \/>\n\t<meta name=\"twitter:data1\" content=\"&#x62f;.&#x645;.&nbsp;245,00\" \/>\n\t<meta name=\"twitter:label2\" content=\"Disponibilit\u00e9\" \/>\n\t<meta name=\"twitter:data2\" content=\"Rupture de stock\" \/>\n<script type=\"application\/ld+json\" class=\"yoast-schema-graph\">{\"@context\":\"https:\/\/schema.org\",\"@graph\":[{\"@type\":\"WebPage\",\"@id\":\"https:\/\/mysi.ma\/index.php\/produit\/mysi_module_rideau-intelligent-tuya-wifi-pour-volet-roulant-moteur-de-store-portes-de-volet-roulant-fonctionne-avec-alexa-google-home-smart-life\/\",\"url\":\"https:\/\/mysi.ma\/index.php\/produit\/mysi_module_rideau-intelligent-tuya-wifi-pour-volet-roulant-moteur-de-store-portes-de-volet-roulant-fonctionne-avec-alexa-google-home-smart-life\/\",\"name\":\"MYSI_Module_rideau intelligent Tuya wifi pour volet roulant, moteur de store, portes de volet roulant, fonctionne avec Alexa Google Home Smart Life - Mysi boutique en ligne sp\u00e9cialis\u00e9 en solutions smart \u00e9lectroniques\",\"isPartOf\":{\"@id\":\"https:\/\/mysi.ma\/#website\"},\"primaryImageOfPage\":{\"@id\":\"https:\/\/mysi.ma\/index.php\/produit\/mysi_module_rideau-intelligent-tuya-wifi-pour-volet-roulant-moteur-de-store-portes-de-volet-roulant-fonctionne-avec-alexa-google-home-smart-life\/#primaryimage\"},\"image\":{\"@id\":\"https:\/\/mysi.ma\/index.php\/produit\/mysi_module_rideau-intelligent-tuya-wifi-pour-volet-roulant-moteur-de-store-portes-de-volet-roulant-fonctionne-avec-alexa-google-home-smart-life\/#primaryimage\"},\"thumbnailUrl\":\"https:\/\/mysi.ma\/wp-content\/uploads\/2024\/02\/Curtain-final-2-300x300-1-2.jpg\",\"datePublished\":\"2024-02-02T22:45:32+00:00\",\"dateModified\":\"2026-04-02T11:51:52+00:00\",\"breadcrumb\":{\"@id\":\"https:\/\/mysi.ma\/index.php\/produit\/mysi_module_rideau-intelligent-tuya-wifi-pour-volet-roulant-moteur-de-store-portes-de-volet-roulant-fonctionne-avec-alexa-google-home-smart-life\/#breadcrumb\"},\"inLanguage\":\"fr-FR\",\"potentialAction\":[{\"@type\":\"ReadAction\",\"target\":[\"https:\/\/mysi.ma\/index.php\/produit\/mysi_module_rideau-intelligent-tuya-wifi-pour-volet-roulant-moteur-de-store-portes-de-volet-roulant-fonctionne-avec-alexa-google-home-smart-life\/\"]}]},{\"@type\":\"ImageObject\",\"inLanguage\":\"fr-FR\",\"@id\":\"https:\/\/mysi.ma\/index.php\/produit\/mysi_module_rideau-intelligent-tuya-wifi-pour-volet-roulant-moteur-de-store-portes-de-volet-roulant-fonctionne-avec-alexa-google-home-smart-life\/#primaryimage\",\"url\":\"https:\/\/mysi.ma\/wp-content\/uploads\/2024\/02\/Curtain-final-2-300x300-1-2.jpg\",\"contentUrl\":\"https:\/\/mysi.ma\/wp-content\/uploads\/2024\/02\/Curtain-final-2-300x300-1-2.jpg\",\"width\":600,\"height\":600},{\"@type\":\"BreadcrumbList\",\"@id\":\"https:\/\/mysi.ma\/index.php\/produit\/mysi_module_rideau-intelligent-tuya-wifi-pour-volet-roulant-moteur-de-store-portes-de-volet-roulant-fonctionne-avec-alexa-google-home-smart-life\/#breadcrumb\",\"itemListElement\":[{\"@type\":\"ListItem\",\"position\":1,\"name\":\"Accueil\",\"item\":\"https:\/\/mysi.ma\/\"},{\"@type\":\"ListItem\",\"position\":2,\"name\":\"Boutique\",\"item\":\"https:\/\/mysi.ma\/index.php\/boutique\/\"},{\"@type\":\"ListItem\",\"position\":3,\"name\":\"MYSI_Module_rideau intelligent Tuya wifi pour volet roulant, moteur de store, portes de volet roulant, fonctionne avec Alexa Google Home Smart Life\"}]},{\"@type\":\"WebSite\",\"@id\":\"https:\/\/mysi.ma\/#website\",\"url\":\"https:\/\/mysi.ma\/\",\"name\":\"Mysi boutique en ligne sp\u00e9cialis\u00e9 en solutions smart \u00e9lectroniques\",\"description\":\"\",\"potentialAction\":[{\"@type\":\"SearchAction\",\"target\":{\"@type\":\"EntryPoint\",\"urlTemplate\":\"https:\/\/mysi.ma\/?s={search_term_string}\"},\"query-input\":{\"@type\":\"PropertyValueSpecification\",\"valueRequired\":true,\"valueName\":\"search_term_string\"}}],\"inLanguage\":\"fr-FR\"}]}<\/script>\n<meta property=\"product:price:amount\" content=\"245.00\" \/>\n<meta property=\"product:price:currency\" content=\"MAD\" \/>\n<meta property=\"og:availability\" content=\"out of stock\" \/>\n<meta property=\"product:availability\" content=\"out of stock\" \/>\n<meta property=\"product:condition\" content=\"new\" \/>\n<!-- \/ Yoast SEO plugin. -->","yoast_head_json":{"title":"MYSI_Module_rideau intelligent Tuya wifi pour volet roulant, moteur de store, portes de volet roulant, fonctionne avec Alexa Google Home Smart Life - Mysi boutique en ligne sp\u00e9cialis\u00e9 en solutions smart \u00e9lectroniques","robots":{"index":"index","follow":"follow","max-snippet":"max-snippet:-1","max-image-preview":"max-image-preview:large","max-video-preview":"max-video-preview:-1"},"canonical":"https:\/\/mysi.ma\/index.php\/produit\/mysi_module_rideau-intelligent-tuya-wifi-pour-volet-roulant-moteur-de-store-portes-de-volet-roulant-fonctionne-avec-alexa-google-home-smart-life\/","og_locale":"fr_FR","og_type":"article","og_title":"MYSI_Module_rideau intelligent Tuya wifi pour volet roulant, moteur de store, portes de volet roulant, fonctionne avec Alexa Google Home Smart Life - Mysi boutique en ligne sp\u00e9cialis\u00e9 en solutions smart \u00e9lectroniques","og_description":"Description Produit: Contr\u00f4leur de rideau intelligent Sans fil: WiFi 2,4 GHz Entr\u00e9e: AC100-240V 50 \/ 60Hz Sortir: AC100-240V 50\/60Hz Max.","og_url":"https:\/\/mysi.ma\/index.php\/produit\/mysi_module_rideau-intelligent-tuya-wifi-pour-volet-roulant-moteur-de-store-portes-de-volet-roulant-fonctionne-avec-alexa-google-home-smart-life\/","og_site_name":"Mysi boutique en ligne sp\u00e9cialis\u00e9 en solutions smart \u00e9lectroniques","article_modified_time":"2026-04-02T11:51:52+00:00","og_image":[{"width":600,"height":600,"url":"https:\/\/mysi.ma\/wp-content\/uploads\/2024\/02\/Curtain-final-2-300x300-1-2.jpg","type":"image\/jpeg"}],"twitter_card":"summary_large_image","twitter_misc":{"Prix":"&#x62f;.&#x645;.&nbsp;245,00","Disponibilit\u00e9":"Rupture de stock"},"schema":{"@context":"https:\/\/schema.org","@graph":[{"@type":"WebPage","@id":"https:\/\/mysi.ma\/index.php\/produit\/mysi_module_rideau-intelligent-tuya-wifi-pour-volet-roulant-moteur-de-store-portes-de-volet-roulant-fonctionne-avec-alexa-google-home-smart-life\/","url":"https:\/\/mysi.ma\/index.php\/produit\/mysi_module_rideau-intelligent-tuya-wifi-pour-volet-roulant-moteur-de-store-portes-de-volet-roulant-fonctionne-avec-alexa-google-home-smart-life\/","name":"MYSI_Module_rideau intelligent Tuya wifi pour volet roulant, moteur de store, portes de volet roulant, fonctionne avec Alexa Google Home Smart Life - Mysi boutique en ligne sp\u00e9cialis\u00e9 en solutions smart \u00e9lectroniques","isPartOf":{"@id":"https:\/\/mysi.ma\/#website"},"primaryImageOfPage":{"@id":"https:\/\/mysi.ma\/index.php\/produit\/mysi_module_rideau-intelligent-tuya-wifi-pour-volet-roulant-moteur-de-store-portes-de-volet-roulant-fonctionne-avec-alexa-google-home-smart-life\/#primaryimage"},"image":{"@id":"https:\/\/mysi.ma\/index.php\/produit\/mysi_module_rideau-intelligent-tuya-wifi-pour-volet-roulant-moteur-de-store-portes-de-volet-roulant-fonctionne-avec-alexa-google-home-smart-life\/#primaryimage"},"thumbnailUrl":"https:\/\/mysi.ma\/wp-content\/uploads\/2024\/02\/Curtain-final-2-300x300-1-2.jpg","datePublished":"2024-02-02T22:45:32+00:00","dateModified":"2026-04-02T11:51:52+00:00","breadcrumb":{"@id":"https:\/\/mysi.ma\/index.php\/produit\/mysi_module_rideau-intelligent-tuya-wifi-pour-volet-roulant-moteur-de-store-portes-de-volet-roulant-fonctionne-avec-alexa-google-home-smart-life\/#breadcrumb"},"inLanguage":"fr-FR","potentialAction":[{"@type":"ReadAction","target":["https:\/\/mysi.ma\/index.php\/produit\/mysi_module_rideau-intelligent-tuya-wifi-pour-volet-roulant-moteur-de-store-portes-de-volet-roulant-fonctionne-avec-alexa-google-home-smart-life\/"]}]},{"@type":"ImageObject","inLanguage":"fr-FR","@id":"https:\/\/mysi.ma\/index.php\/produit\/mysi_module_rideau-intelligent-tuya-wifi-pour-volet-roulant-moteur-de-store-portes-de-volet-roulant-fonctionne-avec-alexa-google-home-smart-life\/#primaryimage","url":"https:\/\/mysi.ma\/wp-content\/uploads\/2024\/02\/Curtain-final-2-300x300-1-2.jpg","contentUrl":"https:\/\/mysi.ma\/wp-content\/uploads\/2024\/02\/Curtain-final-2-300x300-1-2.jpg","width":600,"height":600},{"@type":"BreadcrumbList","@id":"https:\/\/mysi.ma\/index.php\/produit\/mysi_module_rideau-intelligent-tuya-wifi-pour-volet-roulant-moteur-de-store-portes-de-volet-roulant-fonctionne-avec-alexa-google-home-smart-life\/#breadcrumb","itemListElement":[{"@type":"ListItem","position":1,"name":"Accueil","item":"https:\/\/mysi.ma\/"},{"@type":"ListItem","position":2,"name":"Boutique","item":"https:\/\/mysi.ma\/index.php\/boutique\/"},{"@type":"ListItem","position":3,"name":"MYSI_Module_rideau intelligent Tuya wifi pour volet roulant, moteur de store, portes de volet roulant, fonctionne avec Alexa Google Home Smart Life"}]},{"@type":"WebSite","@id":"https:\/\/mysi.ma\/#website","url":"https:\/\/mysi.ma\/","name":"Mysi boutique en ligne sp\u00e9cialis\u00e9 en solutions smart \u00e9lectroniques","description":"","potentialAction":[{"@type":"SearchAction","target":{"@type":"EntryPoint","urlTemplate":"https:\/\/mysi.ma\/?s={search_term_string}"},"query-input":{"@type":"PropertyValueSpecification","valueRequired":true,"valueName":"search_term_string"}}],"inLanguage":"fr-FR"}]},"product_price_amount":"245.00","product_price_currency":"MAD","og_availability":"out of stock","product_availability":"out of stock","product_condition":"new"},"_links":{"self":[{"href":"https:\/\/mysi.ma\/index.php\/wp-json\/wp\/v2\/product\/10872","targetHints":{"allow":["GET"]}}],"collection":[{"href":"https:\/\/mysi.ma\/index.php\/wp-json\/wp\/v2\/product"}],"about":[{"href":"https:\/\/mysi.ma\/index.php\/wp-json\/wp\/v2\/types\/product"}],"replies":[{"embeddable":true,"href":"https:\/\/mysi.ma\/index.php\/wp-json\/wp\/v2\/comments?post=10872"}],"version-history":[{"count":6,"href":"https:\/\/mysi.ma\/index.php\/wp-json\/wp\/v2\/product\/10872\/revisions"}],"predecessor-version":[{"id":10874,"href":"https:\/\/mysi.ma\/index.php\/wp-json\/wp\/v2\/product\/10872\/revisions\/10874"}],"wp:featuredmedia":[{"embeddable":true,"href":"https:\/\/mysi.ma\/index.php\/wp-json\/wp\/v2\/media\/10908"}],"wp:attachment":[{"href":"https:\/\/mysi.ma\/index.php\/wp-json\/wp\/v2\/media?parent=10872"}],"wp:term":[{"taxonomy":"product_cat","embeddable":true,"href":"https:\/\/mysi.ma\/index.php\/wp-json\/wp\/v2\/product_cat?post=10872"},{"taxonomy":"product_tag","embeddable":true,"href":"https:\/\/mysi.ma\/index.php\/wp-json\/wp\/v2\/product_tag?post=10872"}],"curies":[{"name":"wp","href":"https:\/\/api.w.org\/{rel}","templated":true}]}}