{"id":10888,"date":"2024-02-03T12:28:02","date_gmt":"2024-02-03T11:28:02","guid":{"rendered":"https:\/\/mysi.ma\/?post_type=product&#038;p=10888"},"modified":"2026-04-02T13:51:21","modified_gmt":"2026-04-02T11:51:21","slug":"relais-de-niveau-a-2km-capteur-sans-fil-de-niveau-deau-pour-reservoirs-controleur-et-indicateur","status":"publish","type":"product","link":"https:\/\/mysi.ma\/index.php\/produit\/relais-de-niveau-a-2km-capteur-sans-fil-de-niveau-deau-pour-reservoirs-controleur-et-indicateur\/","title":{"rendered":"Relais de Niveau \u00e0 2KM &#8211; Capteur Sans Fil de Niveau d&rsquo;Eau pour R\u00e9servoirs-Contr\u00f4leur et Indicateur"},"content":{"rendered":"<p><b>Param\u00e8tres<\/b><strong><span id=\"tl_2\" data-spm-anchor-id=\"a2g0o.detail.1000023.i0.102ctd3ntd3nm5\">\u00a0de produit<\/span><\/strong><\/p>\n<table border=\"1\" width=\"683\" cellspacing=\"0\">\n<tbody>\n<tr>\n<td valign=\"top\"><span id=\"tl_3\">\u00c9metteur sans fil<\/span><\/td>\n<td valign=\"top\"><span id=\"tl_4\">Contr\u00f4leur sans fil<\/span><\/td>\n<\/tr>\n<tr>\n<td valign=\"top\"><span id=\"tl_5\">Alimentation \u00e9lectrique: lithium solaire<\/span><\/td>\n<td valign=\"top\"><span id=\"tl_6\">Tension de travail: AC185-245V<\/span><\/td>\n<\/tr>\n<tr>\n<td valign=\"top\"><span id=\"tl_7\">Fr\u00e9quence de travail: 433Mhz<\/span><\/td>\n<td valign=\"top\"><span id=\"tl_8\">Contr\u00f4le\u00a0<\/span><span id=\"tl_10\">distance: 1KM-2KM<\/span><\/td>\n<\/tr>\n<tr>\n<td valign=\"top\"><span id=\"tl_11\">Courant \u00e9metteur: 20-100ma<\/span><\/td>\n<td valign=\"top\"><span id=\"tl_12\">Puissance de sortie: 2500W<\/span><\/td>\n<\/tr>\n<tr>\n<td valign=\"top\"><span id=\"tl_13\">Le travail se tiennent par le courant: \u2264 5UA<\/span><\/td>\n<td valign=\"top\"><\/td>\n<\/tr>\n<\/tbody>\n<\/table>\n<p>&nbsp;<\/p>\n<p><strong><span id=\"tl_14\">Caract\u00e9ristique du produit<\/span><\/strong><\/p>\n<p>1.\u00a0<span id=\"tl_15\">Affichage du niveau d&rsquo;eau 4<\/span>\u00a0<span id=\"tl_16\">Afin que vous puissiez conna\u00eetre le niveau d&rsquo;eau \u00e0 tout moment.<\/span><\/p>\n<p>2.\u00a0<span id=\"tl_17\">Conception avec 2 fonctions de travail, alimentation en eau et drainage de l&rsquo;eau<\/span><\/p>\n<p>3. Pour pr\u00e9venir toute p\u00e9nurie d&rsquo;eau, il est capable de couper imm\u00e9diatement l&rsquo;approvisionnement en eau en cas de manque d&rsquo;eau pendant les 5 derni\u00e8res minutes, puis de red\u00e9marrer apr\u00e8s 30 minutes<\/p>\n<p>4.\u00a0<span id=\"tl_21\">Protection contre le d\u00e9bordement d&rsquo;eau. Vous pouvez d\u00e9finir cette fonction de d\u00e9bordement ou d\u00e9sactiver cette fonction en appuyant sur le bouton.<\/span><\/p>\n<p>5.\u00a0<span id=\"tl_22\">D\u00e9marrez manuellement et arr\u00eatez automatiquement.<\/span><\/p>\n<p>6.\u00a0<span id=\"tl_23\">ID ind\u00e9pendant, aucune interf\u00e9rence les uns avec les autres.<\/span><\/p>\n<p>7.\u00a0<span id=\"tl_24\">L&rsquo;\u00e9metteur est \u00e9quip\u00e9 d&rsquo;une batterie en aluminium rechargeable, qui charge efficacement l&rsquo;\u00e9nergie solaire. Gr\u00e2ce \u00e0 la technologie \u00e0 tr\u00e8s faible consommation, la batterie au lithium peut \u00eatre utilis\u00e9e en continu pendant 4<\/span><span id=\"tl_25\">Mon<\/span><span id=\"tl_26\">Apr\u00e8s une seule charge.<\/span><\/p>\n<p>8.\u00a0<span id=\"tl_27\">La sonde de niveau d&rsquo;eau en acier inoxydable 304 est adopt\u00e9e, installation flexible, peut ajuster l&rsquo;eau<\/span><span id=\"tl_28\">Contr\u00f4le<\/span><span id=\"tl_29\">Niveau<\/span><span id=\"tl_30\">Dans<\/span><span id=\"tl_31\">R\u00e9servoir d&rsquo;eau<\/span><\/p>\n<p>9.\u00a0<span id=\"tl_32\">Le contr\u00f4leur de niveau d&rsquo;eau adopte une alimentation AC, DC<\/span><span id=\"tl_33\">Ing<\/span><span id=\"tl_34\">Mod\u00e8le, faible consommation d&rsquo;\u00e9nergie<\/span><\/p>\n<p>10.\u00a0<span id=\"tl_35\">\u00c9metteur et signal de r\u00e9ception en \u00e9tat sans fil.<\/span><\/p>\n<p><img decoding=\"async\" src=\"https:\/\/ae01.alicdn.com\/kf\/Se2ea1d82c6b54c129c92a8719e2a50baR.jpg?width=750&amp;height=750&amp;hash=1500\" data-alt=\"Long distance remote tank liquid water level wireless detection sensor for controller and indicator\" \/><img decoding=\"async\" src=\"https:\/\/ae01.alicdn.com\/kf\/Sfb719e92de294fba8280333fc2393b45t.jpg?width=750&amp;height=750&amp;hash=1500\" data-alt=\"Long distance remote tank liquid water level wireless detection sensor for controller and indicator\" \/><img decoding=\"async\" src=\"https:\/\/ae01.alicdn.com\/kf\/Sca78f1fe17bb41a18b3ecee7471fd7bfH.jpg?width=750&amp;height=750&amp;hash=1500\" data-alt=\"Long distance remote tank liquid water level wireless detection sensor for controller and indicator\" \/><\/p>\n","protected":false},"excerpt":{"rendered":"<p>Param\u00e8tres\u00a0de produit \u00c9metteur sans fil Contr\u00f4leur sans fil Alimentation \u00e9lectrique: lithium solaire Tension de travail: AC185-245V Fr\u00e9quence de travail: 433Mhz<\/p>\n","protected":false},"featured_media":10889,"comment_status":"open","ping_status":"closed","template":"","meta":[],"product_cat":[127],"product_tag":[],"class_list":{"0":"post-10888","1":"product","2":"type-product","3":"status-publish","4":"has-post-thumbnail","6":"product_cat-automatisme","8":"first","9":"outofstock","10":"sale","11":"shipping-taxable","12":"purchasable","13":"product-type-simple"},"yoast_head":"<!-- This site is optimized with the Yoast SEO plugin v23.8 - https:\/\/yoast.com\/wordpress\/plugins\/seo\/ -->\n<title>Relais de Niveau \u00e0 2KM - Capteur Sans Fil de Niveau d&#039;Eau pour R\u00e9servoirs-Contr\u00f4leur et Indicateur - Mysi boutique en ligne sp\u00e9cialis\u00e9 en solutions smart \u00e9lectroniques<\/title>\n<meta name=\"robots\" content=\"index, follow, max-snippet:-1, max-image-preview:large, max-video-preview:-1\" \/>\n<link rel=\"canonical\" href=\"https:\/\/mysi.ma\/index.php\/produit\/relais-de-niveau-a-2km-capteur-sans-fil-de-niveau-deau-pour-reservoirs-controleur-et-indicateur\/\" \/>\n<meta property=\"og:locale\" content=\"fr_FR\" \/>\n<meta property=\"og:type\" content=\"article\" \/>\n<meta property=\"og:title\" content=\"Relais de Niveau \u00e0 2KM - Capteur Sans Fil de Niveau d&#039;Eau pour R\u00e9servoirs-Contr\u00f4leur et Indicateur - Mysi boutique en ligne sp\u00e9cialis\u00e9 en solutions smart \u00e9lectroniques\" \/>\n<meta property=\"og:description\" content=\"Param\u00e8tres\u00a0de produit \u00c9metteur sans fil Contr\u00f4leur sans fil Alimentation \u00e9lectrique: lithium solaire Tension de travail: AC185-245V Fr\u00e9quence de travail: 433Mhz\" \/>\n<meta property=\"og:url\" content=\"https:\/\/mysi.ma\/index.php\/produit\/relais-de-niveau-a-2km-capteur-sans-fil-de-niveau-deau-pour-reservoirs-controleur-et-indicateur\/\" \/>\n<meta property=\"og:site_name\" content=\"Mysi boutique en ligne sp\u00e9cialis\u00e9 en solutions smart \u00e9lectroniques\" \/>\n<meta property=\"article:modified_time\" content=\"2026-04-02T11:51:21+00:00\" \/>\n<meta property=\"og:image\" content=\"https:\/\/mysi.ma\/wp-content\/uploads\/2024\/02\/1-1.jpg\" \/>\n\t<meta property=\"og:image:width\" content=\"800\" \/>\n\t<meta property=\"og:image:height\" content=\"800\" \/>\n\t<meta property=\"og:image:type\" content=\"image\/jpeg\" \/>\n<meta name=\"twitter:card\" content=\"summary_large_image\" \/>\n<meta name=\"twitter:label1\" content=\"Prix\" \/>\n\t<meta name=\"twitter:data1\" content=\"&#x62f;.&#x645;.&nbsp;950,00\" \/>\n\t<meta name=\"twitter:label2\" content=\"Disponibilit\u00e9\" \/>\n\t<meta name=\"twitter:data2\" content=\"Rupture de stock\" \/>\n<script type=\"application\/ld+json\" class=\"yoast-schema-graph\">{\"@context\":\"https:\/\/schema.org\",\"@graph\":[{\"@type\":\"WebPage\",\"@id\":\"https:\/\/mysi.ma\/index.php\/produit\/relais-de-niveau-a-2km-capteur-sans-fil-de-niveau-deau-pour-reservoirs-controleur-et-indicateur\/\",\"url\":\"https:\/\/mysi.ma\/index.php\/produit\/relais-de-niveau-a-2km-capteur-sans-fil-de-niveau-deau-pour-reservoirs-controleur-et-indicateur\/\",\"name\":\"Relais de Niveau \u00e0 2KM - Capteur Sans Fil de Niveau d'Eau pour R\u00e9servoirs-Contr\u00f4leur et Indicateur - Mysi boutique en ligne sp\u00e9cialis\u00e9 en solutions smart \u00e9lectroniques\",\"isPartOf\":{\"@id\":\"https:\/\/mysi.ma\/#website\"},\"primaryImageOfPage\":{\"@id\":\"https:\/\/mysi.ma\/index.php\/produit\/relais-de-niveau-a-2km-capteur-sans-fil-de-niveau-deau-pour-reservoirs-controleur-et-indicateur\/#primaryimage\"},\"image\":{\"@id\":\"https:\/\/mysi.ma\/index.php\/produit\/relais-de-niveau-a-2km-capteur-sans-fil-de-niveau-deau-pour-reservoirs-controleur-et-indicateur\/#primaryimage\"},\"thumbnailUrl\":\"https:\/\/mysi.ma\/wp-content\/uploads\/2024\/02\/1-1.jpg\",\"datePublished\":\"2024-02-03T11:28:02+00:00\",\"dateModified\":\"2026-04-02T11:51:21+00:00\",\"breadcrumb\":{\"@id\":\"https:\/\/mysi.ma\/index.php\/produit\/relais-de-niveau-a-2km-capteur-sans-fil-de-niveau-deau-pour-reservoirs-controleur-et-indicateur\/#breadcrumb\"},\"inLanguage\":\"fr-FR\",\"potentialAction\":[{\"@type\":\"ReadAction\",\"target\":[\"https:\/\/mysi.ma\/index.php\/produit\/relais-de-niveau-a-2km-capteur-sans-fil-de-niveau-deau-pour-reservoirs-controleur-et-indicateur\/\"]}]},{\"@type\":\"ImageObject\",\"inLanguage\":\"fr-FR\",\"@id\":\"https:\/\/mysi.ma\/index.php\/produit\/relais-de-niveau-a-2km-capteur-sans-fil-de-niveau-deau-pour-reservoirs-controleur-et-indicateur\/#primaryimage\",\"url\":\"https:\/\/mysi.ma\/wp-content\/uploads\/2024\/02\/1-1.jpg\",\"contentUrl\":\"https:\/\/mysi.ma\/wp-content\/uploads\/2024\/02\/1-1.jpg\",\"width\":800,\"height\":800},{\"@type\":\"BreadcrumbList\",\"@id\":\"https:\/\/mysi.ma\/index.php\/produit\/relais-de-niveau-a-2km-capteur-sans-fil-de-niveau-deau-pour-reservoirs-controleur-et-indicateur\/#breadcrumb\",\"itemListElement\":[{\"@type\":\"ListItem\",\"position\":1,\"name\":\"Accueil\",\"item\":\"https:\/\/mysi.ma\/\"},{\"@type\":\"ListItem\",\"position\":2,\"name\":\"Boutique\",\"item\":\"https:\/\/mysi.ma\/index.php\/boutique\/\"},{\"@type\":\"ListItem\",\"position\":3,\"name\":\"Relais de Niveau \u00e0 2KM &#8211; Capteur Sans Fil de Niveau d&rsquo;Eau pour R\u00e9servoirs-Contr\u00f4leur et Indicateur\"}]},{\"@type\":\"WebSite\",\"@id\":\"https:\/\/mysi.ma\/#website\",\"url\":\"https:\/\/mysi.ma\/\",\"name\":\"Mysi boutique en ligne sp\u00e9cialis\u00e9 en solutions smart \u00e9lectroniques\",\"description\":\"\",\"potentialAction\":[{\"@type\":\"SearchAction\",\"target\":{\"@type\":\"EntryPoint\",\"urlTemplate\":\"https:\/\/mysi.ma\/?s={search_term_string}\"},\"query-input\":{\"@type\":\"PropertyValueSpecification\",\"valueRequired\":true,\"valueName\":\"search_term_string\"}}],\"inLanguage\":\"fr-FR\"}]}<\/script>\n<meta property=\"product:price:amount\" content=\"950.00\" \/>\n<meta property=\"product:price:currency\" content=\"MAD\" \/>\n<meta property=\"og:availability\" content=\"out of stock\" \/>\n<meta property=\"product:availability\" content=\"out of stock\" \/>\n<meta property=\"product:condition\" content=\"new\" \/>\n<!-- \/ Yoast SEO plugin. -->","yoast_head_json":{"title":"Relais de Niveau \u00e0 2KM - Capteur Sans Fil de Niveau d'Eau pour R\u00e9servoirs-Contr\u00f4leur et Indicateur - Mysi boutique en ligne sp\u00e9cialis\u00e9 en solutions smart \u00e9lectroniques","robots":{"index":"index","follow":"follow","max-snippet":"max-snippet:-1","max-image-preview":"max-image-preview:large","max-video-preview":"max-video-preview:-1"},"canonical":"https:\/\/mysi.ma\/index.php\/produit\/relais-de-niveau-a-2km-capteur-sans-fil-de-niveau-deau-pour-reservoirs-controleur-et-indicateur\/","og_locale":"fr_FR","og_type":"article","og_title":"Relais de Niveau \u00e0 2KM - Capteur Sans Fil de Niveau d'Eau pour R\u00e9servoirs-Contr\u00f4leur et Indicateur - Mysi boutique en ligne sp\u00e9cialis\u00e9 en solutions smart \u00e9lectroniques","og_description":"Param\u00e8tres\u00a0de produit \u00c9metteur sans fil Contr\u00f4leur sans fil Alimentation \u00e9lectrique: lithium solaire Tension de travail: AC185-245V Fr\u00e9quence de travail: 433Mhz","og_url":"https:\/\/mysi.ma\/index.php\/produit\/relais-de-niveau-a-2km-capteur-sans-fil-de-niveau-deau-pour-reservoirs-controleur-et-indicateur\/","og_site_name":"Mysi boutique en ligne sp\u00e9cialis\u00e9 en solutions smart \u00e9lectroniques","article_modified_time":"2026-04-02T11:51:21+00:00","og_image":[{"width":800,"height":800,"url":"https:\/\/mysi.ma\/wp-content\/uploads\/2024\/02\/1-1.jpg","type":"image\/jpeg"}],"twitter_card":"summary_large_image","twitter_misc":{"Prix":"&#x62f;.&#x645;.&nbsp;950,00","Disponibilit\u00e9":"Rupture de stock"},"schema":{"@context":"https:\/\/schema.org","@graph":[{"@type":"WebPage","@id":"https:\/\/mysi.ma\/index.php\/produit\/relais-de-niveau-a-2km-capteur-sans-fil-de-niveau-deau-pour-reservoirs-controleur-et-indicateur\/","url":"https:\/\/mysi.ma\/index.php\/produit\/relais-de-niveau-a-2km-capteur-sans-fil-de-niveau-deau-pour-reservoirs-controleur-et-indicateur\/","name":"Relais de Niveau \u00e0 2KM - Capteur Sans Fil de Niveau d'Eau pour R\u00e9servoirs-Contr\u00f4leur et Indicateur - Mysi boutique en ligne sp\u00e9cialis\u00e9 en solutions smart \u00e9lectroniques","isPartOf":{"@id":"https:\/\/mysi.ma\/#website"},"primaryImageOfPage":{"@id":"https:\/\/mysi.ma\/index.php\/produit\/relais-de-niveau-a-2km-capteur-sans-fil-de-niveau-deau-pour-reservoirs-controleur-et-indicateur\/#primaryimage"},"image":{"@id":"https:\/\/mysi.ma\/index.php\/produit\/relais-de-niveau-a-2km-capteur-sans-fil-de-niveau-deau-pour-reservoirs-controleur-et-indicateur\/#primaryimage"},"thumbnailUrl":"https:\/\/mysi.ma\/wp-content\/uploads\/2024\/02\/1-1.jpg","datePublished":"2024-02-03T11:28:02+00:00","dateModified":"2026-04-02T11:51:21+00:00","breadcrumb":{"@id":"https:\/\/mysi.ma\/index.php\/produit\/relais-de-niveau-a-2km-capteur-sans-fil-de-niveau-deau-pour-reservoirs-controleur-et-indicateur\/#breadcrumb"},"inLanguage":"fr-FR","potentialAction":[{"@type":"ReadAction","target":["https:\/\/mysi.ma\/index.php\/produit\/relais-de-niveau-a-2km-capteur-sans-fil-de-niveau-deau-pour-reservoirs-controleur-et-indicateur\/"]}]},{"@type":"ImageObject","inLanguage":"fr-FR","@id":"https:\/\/mysi.ma\/index.php\/produit\/relais-de-niveau-a-2km-capteur-sans-fil-de-niveau-deau-pour-reservoirs-controleur-et-indicateur\/#primaryimage","url":"https:\/\/mysi.ma\/wp-content\/uploads\/2024\/02\/1-1.jpg","contentUrl":"https:\/\/mysi.ma\/wp-content\/uploads\/2024\/02\/1-1.jpg","width":800,"height":800},{"@type":"BreadcrumbList","@id":"https:\/\/mysi.ma\/index.php\/produit\/relais-de-niveau-a-2km-capteur-sans-fil-de-niveau-deau-pour-reservoirs-controleur-et-indicateur\/#breadcrumb","itemListElement":[{"@type":"ListItem","position":1,"name":"Accueil","item":"https:\/\/mysi.ma\/"},{"@type":"ListItem","position":2,"name":"Boutique","item":"https:\/\/mysi.ma\/index.php\/boutique\/"},{"@type":"ListItem","position":3,"name":"Relais de Niveau \u00e0 2KM &#8211; Capteur Sans Fil de Niveau d&rsquo;Eau pour R\u00e9servoirs-Contr\u00f4leur et Indicateur"}]},{"@type":"WebSite","@id":"https:\/\/mysi.ma\/#website","url":"https:\/\/mysi.ma\/","name":"Mysi boutique en ligne sp\u00e9cialis\u00e9 en solutions smart \u00e9lectroniques","description":"","potentialAction":[{"@type":"SearchAction","target":{"@type":"EntryPoint","urlTemplate":"https:\/\/mysi.ma\/?s={search_term_string}"},"query-input":{"@type":"PropertyValueSpecification","valueRequired":true,"valueName":"search_term_string"}}],"inLanguage":"fr-FR"}]},"product_price_amount":"950.00","product_price_currency":"MAD","og_availability":"out of stock","product_availability":"out of stock","product_condition":"new"},"_links":{"self":[{"href":"https:\/\/mysi.ma\/index.php\/wp-json\/wp\/v2\/product\/10888","targetHints":{"allow":["GET"]}}],"collection":[{"href":"https:\/\/mysi.ma\/index.php\/wp-json\/wp\/v2\/product"}],"about":[{"href":"https:\/\/mysi.ma\/index.php\/wp-json\/wp\/v2\/types\/product"}],"replies":[{"embeddable":true,"href":"https:\/\/mysi.ma\/index.php\/wp-json\/wp\/v2\/comments?post=10888"}],"version-history":[{"count":2,"href":"https:\/\/mysi.ma\/index.php\/wp-json\/wp\/v2\/product\/10888\/revisions"}],"predecessor-version":[{"id":10896,"href":"https:\/\/mysi.ma\/index.php\/wp-json\/wp\/v2\/product\/10888\/revisions\/10896"}],"wp:featuredmedia":[{"embeddable":true,"href":"https:\/\/mysi.ma\/index.php\/wp-json\/wp\/v2\/media\/10889"}],"wp:attachment":[{"href":"https:\/\/mysi.ma\/index.php\/wp-json\/wp\/v2\/media?parent=10888"}],"wp:term":[{"taxonomy":"product_cat","embeddable":true,"href":"https:\/\/mysi.ma\/index.php\/wp-json\/wp\/v2\/product_cat?post=10888"},{"taxonomy":"product_tag","embeddable":true,"href":"https:\/\/mysi.ma\/index.php\/wp-json\/wp\/v2\/product_tag?post=10888"}],"curies":[{"name":"wp","href":"https:\/\/api.w.org\/{rel}","templated":true}]}}