{"id":10932,"date":"2024-02-04T18:55:14","date_gmt":"2024-02-04T17:55:14","guid":{"rendered":"https:\/\/mysi.ma\/?post_type=product&#038;p=10932"},"modified":"2024-07-09T16:24:13","modified_gmt":"2024-07-09T14:24:13","slug":"mysi_4-canaux-module-controleur-intelligent-compatible-avec-alexa-google-home","status":"publish","type":"product","link":"https:\/\/mysi.ma\/index.php\/produit\/mysi_4-canaux-module-controleur-intelligent-compatible-avec-alexa-google-home\/","title":{"rendered":"Module 4 canaux Mysi contr\u00f4leur intelligent, compatible avec Alexa, Google Home"},"content":{"rendered":"<h1>Description<\/h1>\n<div class=\"description___Wi2sH\" aria-hidden=\"true\">\n<ul>\n<li><strong>Design Compact :<\/strong> Avec des dimensions de seulement 39x39x19mm , il s&rsquo;int\u00e8gre facilement dans la plupart des bo\u00eetes de montage. Malgr\u00e9 sa petite taille, il offre une puissance remarquable, adapt\u00e9e \u00e0 une vari\u00e9t\u00e9 d&rsquo;appareils m\u00e9nagers et d&rsquo;\u00e9clairage.<\/li>\n<li><strong>Interrupteur Intelligent :<\/strong> Ce module de commutation WiFi \u00e0 4 canaux peut \u00eatre install\u00e9 derri\u00e8re un interrupteur pour contr\u00f4ler deux interrupteurs ou deux ampoules. Il permet le contr\u00f4le simultan\u00e9 des deux voies, transformant ainsi les appareils ou interrupteurs non intelligents en dispositifs intelligents. Il prend en charge le contr\u00f4le marche\/arr\u00eat, la synchronisation, la commande vocale (via Alexa, Google Assistant, Yandex Alice), le partage, ainsi que les fonctions de contr\u00f4le de groupe. De plus, il permet la cr\u00e9ation de sc\u00e9narios intelligents avec d&rsquo;autres appareils connect\u00e9s via l&rsquo;application Smart Life\/Tuya Smart.<\/li>\n<li><strong>Conversion d&rsquo;appareils en dispositifs intelligents :<\/strong> Transformez facilement des appareils non intelligents en dispositifs intelligents. Par exemple, transformez une lampe de bureau ordinaire en lampe de bureau intelligente, contr\u00f4lable depuis votre t\u00e9l\u00e9phone portable. Vous pouvez \u00e9galement convertir un down light en down light intelligent en connectant simplement un module de commutation intelligent \u00e0 l&rsquo;interrupteur, ce qui permettra un contr\u00f4le vocal via Alexa ou Google Assistant.<\/li>\n<li><strong>Contr\u00f4le via l&rsquo;Application Mobile :<\/strong> Allumez ou \u00e9teignez les appareils, synchronisez-les, utilisez des minuteries, et plus encore, directement depuis votre t\u00e9l\u00e9phone portable. Tant que votre t\u00e9l\u00e9phone est connect\u00e9 au r\u00e9seau, vous pouvez contr\u00f4ler le module de commutation \u00e0 distance.<\/li>\n<li><strong>Commande Vocale :<\/strong> Compatible avec Alexa, Google Home et Yandex Alice, vous permettant de commander vos appareils par simple commande vocale. Par exemple, dites \u00ab\u00a0Alexa, allume les lumi\u00e8res de la cuisine\u00a0\u00bb pour activer les lumi\u00e8res et profiter d&rsquo;une maison intelligente et pratique.<\/li>\n<li><strong>Fonction de Minuterie et de Programmation :<\/strong> Planifiez des actions telles que l&rsquo;extinction automatique des lumi\u00e8res apr\u00e8s une certaine dur\u00e9e, l&rsquo;extinction d&rsquo;un appareil \u00e0 une heure pr\u00e9cise, ou encore l&rsquo;allumage d&rsquo;un appareil \u00e0 un horaire sp\u00e9cifique, m\u00eame lorsque vous \u00eates absent. Tout cela est g\u00e9r\u00e9 via l&rsquo;application Smart Life\/Tuya Smart.<\/li>\n<li><strong>Contr\u00f4le de Groupe :<\/strong> Regroupez plusieurs appareils pour un contr\u00f4le unifi\u00e9, incluant l&rsquo;allumage synchronis\u00e9 et d&rsquo;autres fonctionnalit\u00e9s.<\/li>\n<li><strong>Sc\u00e9narios Intelligents :<\/strong> Cr\u00e9ez des sc\u00e9narios intelligents pour une vie quotidienne plus pratique, comme l&rsquo;allumage automatique des lumi\u00e8res, de la t\u00e9l\u00e9vision et du climatiseur lorsque vous rentrez chez vous.<\/li>\n<li><strong>Connectivit\u00e9\u00a0 WiFi :<\/strong>\u00a0 la connexion \u00e0 l&rsquo;appareil est rapide et stable, tandis que la connexion WiFi ne n\u00e9cessite pas de passerelle suppl\u00e9mentaire. La m\u00e9thode de connexion est simple et accessible \u00e0 tous.<\/li>\n<li><strong>M\u00e9moire d&rsquo;\u00c9tat :<\/strong> Apr\u00e8s une coupure de courant, l&rsquo;appareil reprend automatiquement son \u00e9tat pr\u00e9c\u00e9dent, garantissant une continuit\u00e9 dans vos activit\u00e9s.<\/li>\n<\/ul>\n<p><strong>Sp\u00e9cifications :<\/strong><\/p>\n<ul>\n<li><strong>Type de Produit :<\/strong> Module de commutation WiFi 4 canaux<\/li>\n<li><strong>Tension :<\/strong> AC100-240V 50\/60Hz<\/li>\n<li><strong>Charge Maximale :<\/strong> LED 250W 10A<\/li>\n<li><strong>Fr\u00e9quence de Fonctionnement :<\/strong> 2.412GHz-2.484GHz<\/li>\n<li><strong>Temp\u00e9rature de Fonctionnement :<\/strong> -10 \u2103 \u00e0 + 40 \u2103<\/li>\n<li><strong>Protocole :<\/strong> WiFi IEEE 802.11b\/g\/n<\/li>\n<li><strong>Port\u00e9e :<\/strong> &lt;100m<\/li>\n<li><strong>Dimensions (LxPxH) :<\/strong> 39x39x19mm<\/li>\n<li><strong>Indice de Protection :<\/strong> IP20<\/li>\n<li><strong>Mat\u00e9riau du Bo\u00eetier :<\/strong> PC ignifuge<\/li>\n<\/ul>\n<p><img decoding=\"async\" src=\"https:\/\/ae01.alicdn.com\/kf\/S4ab908976a7a44b395c45f1b30cf3847P.jpg?width=1000&amp;height=1000&amp;hash=2000\" \/><\/p>\n<p><img decoding=\"async\" src=\"https:\/\/ae01.alicdn.com\/kf\/Sb1565026092a43b78d985990d7005af1A.jpg?width=1000&amp;height=1000&amp;hash=2000\" \/><\/p>\n<p>&nbsp;<\/p>\n<p><img decoding=\"async\" src=\"https:\/\/ae01.alicdn.com\/kf\/S37bd100e2c6d43269dd52e5d264eed5eD.jpg?width=1000&amp;height=1000&amp;hash=2000\" \/><img decoding=\"async\" src=\"https:\/\/ae01.alicdn.com\/kf\/S11febac894624cdb9d824f801bea38edW.jpg?width=1000&amp;height=1000&amp;hash=2000\" \/><\/p>\n<p><img decoding=\"async\" src=\"https:\/\/ae01.alicdn.com\/kf\/S37bd100e2c6d43269dd52e5d264eed5eD.jpg?width=1000&amp;height=1000&amp;hash=2000\" \/><\/p>\n<p><img decoding=\"async\" src=\"https:\/\/ae01.alicdn.com\/kf\/Sb4f46121d6bc461cb1161bd8714fda77f.jpg?width=1000&amp;height=1000&amp;hash=2000\" \/><\/p>\n<\/div>\n<p><img decoding=\"async\" src=\"https:\/\/ae01.alicdn.com\/kf\/S6d397ca799334811848ce79a127268abr.jpg?width=1000&amp;height=1000&amp;hash=2000\" \/><\/p>\n<p><img decoding=\"async\" src=\"https:\/\/ae01.alicdn.com\/kf\/S85d2a44f215a4ffa939b6c2a93268225Z.jpg?width=1000&amp;height=995&amp;hash=1995\" \/><\/p>\n<p>&nbsp;<\/p>\n<p><img decoding=\"async\" src=\"https:\/\/ae01.alicdn.com\/kf\/S748412893b1a4549bb157ef0cac1e6e4n.jpg\" \/><\/p>\n<p><img decoding=\"async\" src=\"https:\/\/ae01.alicdn.com\/kf\/Sfcc0221b9fbd452cac1d02e09e825e84V.jpg\" \/><\/p>\n<p>&nbsp;<\/p>\n<p>&nbsp;<\/p>\n","protected":false},"excerpt":{"rendered":"<p>Description Design Compact : Avec des dimensions de seulement 39x39x19mm , il s&rsquo;int\u00e8gre facilement dans la plupart des bo\u00eetes de<\/p>\n","protected":false},"featured_media":10940,"comment_status":"open","ping_status":"closed","template":"","meta":[],"product_cat":[127,126,125],"product_tag":[],"class_list":{"0":"post-10932","1":"product","2":"type-product","3":"status-publish","4":"has-post-thumbnail","6":"product_cat-automatisme","7":"product_cat-eclairage","8":"product_cat-electrique","10":"first","11":"instock","12":"sale","13":"shipping-taxable","14":"purchasable","15":"product-type-simple"},"yoast_head":"<!-- This site is optimized with the Yoast SEO plugin v23.8 - https:\/\/yoast.com\/wordpress\/plugins\/seo\/ -->\n<title>Module 4 canaux Mysi contr\u00f4leur intelligent, compatible avec Alexa, Google Home - Mysi boutique en ligne sp\u00e9cialis\u00e9 en solutions smart \u00e9lectroniques<\/title>\n<meta name=\"robots\" content=\"index, follow, max-snippet:-1, max-image-preview:large, max-video-preview:-1\" \/>\n<link rel=\"canonical\" href=\"https:\/\/mysi.ma\/index.php\/produit\/mysi_4-canaux-module-controleur-intelligent-compatible-avec-alexa-google-home\/\" \/>\n<meta property=\"og:locale\" content=\"fr_FR\" \/>\n<meta property=\"og:type\" content=\"article\" \/>\n<meta property=\"og:title\" content=\"Module 4 canaux Mysi contr\u00f4leur intelligent, compatible avec Alexa, Google Home - Mysi boutique en ligne sp\u00e9cialis\u00e9 en solutions smart \u00e9lectroniques\" \/>\n<meta property=\"og:description\" content=\"Description Design Compact : Avec des dimensions de seulement 39x39x19mm , il s&rsquo;int\u00e8gre facilement dans la plupart des bo\u00eetes de\" \/>\n<meta property=\"og:url\" content=\"https:\/\/mysi.ma\/index.php\/produit\/mysi_4-canaux-module-controleur-intelligent-compatible-avec-alexa-google-home\/\" \/>\n<meta property=\"og:site_name\" content=\"Mysi boutique en ligne sp\u00e9cialis\u00e9 en solutions smart \u00e9lectroniques\" \/>\n<meta property=\"article:modified_time\" content=\"2024-07-09T14:24:13+00:00\" \/>\n<meta property=\"og:image\" content=\"https:\/\/mysi.ma\/wp-content\/uploads\/2024\/02\/6-3.jpg\" \/>\n\t<meta property=\"og:image:width\" content=\"1000\" \/>\n\t<meta property=\"og:image:height\" content=\"1002\" \/>\n\t<meta property=\"og:image:type\" content=\"image\/jpeg\" \/>\n<meta name=\"twitter:card\" content=\"summary_large_image\" \/>\n<meta name=\"twitter:label1\" content=\"Prix\" \/>\n\t<meta name=\"twitter:data1\" content=\"&#x62f;.&#x645;.&nbsp;350,00\" \/>\n\t<meta name=\"twitter:label2\" content=\"Disponibilit\u00e9\" \/>\n\t<meta name=\"twitter:data2\" content=\"En stock\" \/>\n<script type=\"application\/ld+json\" class=\"yoast-schema-graph\">{\"@context\":\"https:\/\/schema.org\",\"@graph\":[{\"@type\":\"WebPage\",\"@id\":\"https:\/\/mysi.ma\/index.php\/produit\/mysi_4-canaux-module-controleur-intelligent-compatible-avec-alexa-google-home\/\",\"url\":\"https:\/\/mysi.ma\/index.php\/produit\/mysi_4-canaux-module-controleur-intelligent-compatible-avec-alexa-google-home\/\",\"name\":\"Module 4 canaux Mysi contr\u00f4leur intelligent, compatible avec Alexa, Google Home - Mysi boutique en ligne sp\u00e9cialis\u00e9 en solutions smart \u00e9lectroniques\",\"isPartOf\":{\"@id\":\"https:\/\/mysi.ma\/#website\"},\"primaryImageOfPage\":{\"@id\":\"https:\/\/mysi.ma\/index.php\/produit\/mysi_4-canaux-module-controleur-intelligent-compatible-avec-alexa-google-home\/#primaryimage\"},\"image\":{\"@id\":\"https:\/\/mysi.ma\/index.php\/produit\/mysi_4-canaux-module-controleur-intelligent-compatible-avec-alexa-google-home\/#primaryimage\"},\"thumbnailUrl\":\"https:\/\/mysi.ma\/wp-content\/uploads\/2024\/02\/6-3.jpg\",\"datePublished\":\"2024-02-04T17:55:14+00:00\",\"dateModified\":\"2024-07-09T14:24:13+00:00\",\"breadcrumb\":{\"@id\":\"https:\/\/mysi.ma\/index.php\/produit\/mysi_4-canaux-module-controleur-intelligent-compatible-avec-alexa-google-home\/#breadcrumb\"},\"inLanguage\":\"fr-FR\",\"potentialAction\":[{\"@type\":\"ReadAction\",\"target\":[\"https:\/\/mysi.ma\/index.php\/produit\/mysi_4-canaux-module-controleur-intelligent-compatible-avec-alexa-google-home\/\"]}]},{\"@type\":\"ImageObject\",\"inLanguage\":\"fr-FR\",\"@id\":\"https:\/\/mysi.ma\/index.php\/produit\/mysi_4-canaux-module-controleur-intelligent-compatible-avec-alexa-google-home\/#primaryimage\",\"url\":\"https:\/\/mysi.ma\/wp-content\/uploads\/2024\/02\/6-3.jpg\",\"contentUrl\":\"https:\/\/mysi.ma\/wp-content\/uploads\/2024\/02\/6-3.jpg\",\"width\":1000,\"height\":1002},{\"@type\":\"BreadcrumbList\",\"@id\":\"https:\/\/mysi.ma\/index.php\/produit\/mysi_4-canaux-module-controleur-intelligent-compatible-avec-alexa-google-home\/#breadcrumb\",\"itemListElement\":[{\"@type\":\"ListItem\",\"position\":1,\"name\":\"Accueil\",\"item\":\"https:\/\/mysi.ma\/\"},{\"@type\":\"ListItem\",\"position\":2,\"name\":\"Boutique\",\"item\":\"https:\/\/mysi.ma\/index.php\/boutique\/\"},{\"@type\":\"ListItem\",\"position\":3,\"name\":\"Module 4 canaux Mysi contr\u00f4leur intelligent, compatible avec Alexa, Google Home\"}]},{\"@type\":\"WebSite\",\"@id\":\"https:\/\/mysi.ma\/#website\",\"url\":\"https:\/\/mysi.ma\/\",\"name\":\"Mysi boutique en ligne sp\u00e9cialis\u00e9 en solutions smart \u00e9lectroniques\",\"description\":\"\",\"potentialAction\":[{\"@type\":\"SearchAction\",\"target\":{\"@type\":\"EntryPoint\",\"urlTemplate\":\"https:\/\/mysi.ma\/?s={search_term_string}\"},\"query-input\":{\"@type\":\"PropertyValueSpecification\",\"valueRequired\":true,\"valueName\":\"search_term_string\"}}],\"inLanguage\":\"fr-FR\"}]}<\/script>\n<meta property=\"product:price:amount\" content=\"350.00\" \/>\n<meta property=\"product:price:currency\" content=\"MAD\" \/>\n<meta property=\"og:availability\" content=\"instock\" \/>\n<meta property=\"product:availability\" content=\"instock\" \/>\n<meta property=\"product:condition\" content=\"new\" \/>\n<!-- \/ Yoast SEO plugin. -->","yoast_head_json":{"title":"Module 4 canaux Mysi contr\u00f4leur intelligent, compatible avec Alexa, Google Home - Mysi boutique en ligne sp\u00e9cialis\u00e9 en solutions smart \u00e9lectroniques","robots":{"index":"index","follow":"follow","max-snippet":"max-snippet:-1","max-image-preview":"max-image-preview:large","max-video-preview":"max-video-preview:-1"},"canonical":"https:\/\/mysi.ma\/index.php\/produit\/mysi_4-canaux-module-controleur-intelligent-compatible-avec-alexa-google-home\/","og_locale":"fr_FR","og_type":"article","og_title":"Module 4 canaux Mysi contr\u00f4leur intelligent, compatible avec Alexa, Google Home - Mysi boutique en ligne sp\u00e9cialis\u00e9 en solutions smart \u00e9lectroniques","og_description":"Description Design Compact : Avec des dimensions de seulement 39x39x19mm , il s&rsquo;int\u00e8gre facilement dans la plupart des bo\u00eetes de","og_url":"https:\/\/mysi.ma\/index.php\/produit\/mysi_4-canaux-module-controleur-intelligent-compatible-avec-alexa-google-home\/","og_site_name":"Mysi boutique en ligne sp\u00e9cialis\u00e9 en solutions smart \u00e9lectroniques","article_modified_time":"2024-07-09T14:24:13+00:00","og_image":[{"width":1000,"height":1002,"url":"https:\/\/mysi.ma\/wp-content\/uploads\/2024\/02\/6-3.jpg","type":"image\/jpeg"}],"twitter_card":"summary_large_image","twitter_misc":{"Prix":"&#x62f;.&#x645;.&nbsp;350,00","Disponibilit\u00e9":"En stock"},"schema":{"@context":"https:\/\/schema.org","@graph":[{"@type":"WebPage","@id":"https:\/\/mysi.ma\/index.php\/produit\/mysi_4-canaux-module-controleur-intelligent-compatible-avec-alexa-google-home\/","url":"https:\/\/mysi.ma\/index.php\/produit\/mysi_4-canaux-module-controleur-intelligent-compatible-avec-alexa-google-home\/","name":"Module 4 canaux Mysi contr\u00f4leur intelligent, compatible avec Alexa, Google Home - Mysi boutique en ligne sp\u00e9cialis\u00e9 en solutions smart \u00e9lectroniques","isPartOf":{"@id":"https:\/\/mysi.ma\/#website"},"primaryImageOfPage":{"@id":"https:\/\/mysi.ma\/index.php\/produit\/mysi_4-canaux-module-controleur-intelligent-compatible-avec-alexa-google-home\/#primaryimage"},"image":{"@id":"https:\/\/mysi.ma\/index.php\/produit\/mysi_4-canaux-module-controleur-intelligent-compatible-avec-alexa-google-home\/#primaryimage"},"thumbnailUrl":"https:\/\/mysi.ma\/wp-content\/uploads\/2024\/02\/6-3.jpg","datePublished":"2024-02-04T17:55:14+00:00","dateModified":"2024-07-09T14:24:13+00:00","breadcrumb":{"@id":"https:\/\/mysi.ma\/index.php\/produit\/mysi_4-canaux-module-controleur-intelligent-compatible-avec-alexa-google-home\/#breadcrumb"},"inLanguage":"fr-FR","potentialAction":[{"@type":"ReadAction","target":["https:\/\/mysi.ma\/index.php\/produit\/mysi_4-canaux-module-controleur-intelligent-compatible-avec-alexa-google-home\/"]}]},{"@type":"ImageObject","inLanguage":"fr-FR","@id":"https:\/\/mysi.ma\/index.php\/produit\/mysi_4-canaux-module-controleur-intelligent-compatible-avec-alexa-google-home\/#primaryimage","url":"https:\/\/mysi.ma\/wp-content\/uploads\/2024\/02\/6-3.jpg","contentUrl":"https:\/\/mysi.ma\/wp-content\/uploads\/2024\/02\/6-3.jpg","width":1000,"height":1002},{"@type":"BreadcrumbList","@id":"https:\/\/mysi.ma\/index.php\/produit\/mysi_4-canaux-module-controleur-intelligent-compatible-avec-alexa-google-home\/#breadcrumb","itemListElement":[{"@type":"ListItem","position":1,"name":"Accueil","item":"https:\/\/mysi.ma\/"},{"@type":"ListItem","position":2,"name":"Boutique","item":"https:\/\/mysi.ma\/index.php\/boutique\/"},{"@type":"ListItem","position":3,"name":"Module 4 canaux Mysi contr\u00f4leur intelligent, compatible avec Alexa, Google Home"}]},{"@type":"WebSite","@id":"https:\/\/mysi.ma\/#website","url":"https:\/\/mysi.ma\/","name":"Mysi boutique en ligne sp\u00e9cialis\u00e9 en solutions smart \u00e9lectroniques","description":"","potentialAction":[{"@type":"SearchAction","target":{"@type":"EntryPoint","urlTemplate":"https:\/\/mysi.ma\/?s={search_term_string}"},"query-input":{"@type":"PropertyValueSpecification","valueRequired":true,"valueName":"search_term_string"}}],"inLanguage":"fr-FR"}]},"product_price_amount":"350.00","product_price_currency":"MAD","og_availability":"instock","product_availability":"instock","product_condition":"new"},"_links":{"self":[{"href":"https:\/\/mysi.ma\/index.php\/wp-json\/wp\/v2\/product\/10932","targetHints":{"allow":["GET"]}}],"collection":[{"href":"https:\/\/mysi.ma\/index.php\/wp-json\/wp\/v2\/product"}],"about":[{"href":"https:\/\/mysi.ma\/index.php\/wp-json\/wp\/v2\/types\/product"}],"replies":[{"embeddable":true,"href":"https:\/\/mysi.ma\/index.php\/wp-json\/wp\/v2\/comments?post=10932"}],"version-history":[{"count":2,"href":"https:\/\/mysi.ma\/index.php\/wp-json\/wp\/v2\/product\/10932\/revisions"}],"predecessor-version":[{"id":10942,"href":"https:\/\/mysi.ma\/index.php\/wp-json\/wp\/v2\/product\/10932\/revisions\/10942"}],"wp:featuredmedia":[{"embeddable":true,"href":"https:\/\/mysi.ma\/index.php\/wp-json\/wp\/v2\/media\/10940"}],"wp:attachment":[{"href":"https:\/\/mysi.ma\/index.php\/wp-json\/wp\/v2\/media?parent=10932"}],"wp:term":[{"taxonomy":"product_cat","embeddable":true,"href":"https:\/\/mysi.ma\/index.php\/wp-json\/wp\/v2\/product_cat?post=10932"},{"taxonomy":"product_tag","embeddable":true,"href":"https:\/\/mysi.ma\/index.php\/wp-json\/wp\/v2\/product_tag?post=10932"}],"curies":[{"name":"wp","href":"https:\/\/api.w.org\/{rel}","templated":true}]}}