{"id":10945,"date":"2024-02-05T08:56:07","date_gmt":"2024-02-05T07:56:07","guid":{"rendered":"https:\/\/mysi.ma\/?post_type=product&#038;p=10945"},"modified":"2026-04-02T13:52:40","modified_gmt":"2026-04-02T11:52:40","slug":"controleur-de-minuterie-de-sonnerie-automatique-pour-ecoles-et-usines","status":"publish","type":"product","link":"https:\/\/mysi.ma\/index.php\/produit\/controleur-de-minuterie-de-sonnerie-automatique-pour-ecoles-et-usines\/","title":{"rendered":"Minuterie de Sonnerie Automatique pour \u00c9coles et Usines"},"content":{"rendered":"<div class=\"description___Wi2sH\" aria-hidden=\"true\">\n<p class=\"paragraph___wH2O0\" style=\"text-align: center;\" data-testid=\"DescriptionOnProductPage\"><strong>Contr\u00f4leur de minuterie de sonnerie automatique num\u00e9rique pour \u00e9coles ou usines, avec 40 groupes, intervalle r\u00e9glable de 1 \u00e0 99 secondes, commutateur de temps AC 220V 230V 16A. Le commutateur de temps TM624 permet d&rsquo;allumer ou d&rsquo;\u00e9teindre le circuit selon un programme pr\u00e9d\u00e9termin\u00e9, par exemple : en tant que contr\u00f4leur de sonnerie pour une \u00e9cole ou une usine<\/strong><\/p>\n<\/div>\n<div id=\"nav-description\">\n<div>\n<div class=\"extend--content--DlnAngg\">\n<div>\n<div id=\"product-description\" class=\"description--product-description--nxRv0lW\" data-spm=\"1000023\" data-pl=\"product-description\">\n<div class=\"description--origin-part--SsZJoGC\">\n<div class=\"detailmodule_html\">\n<div class=\"detail-desc-decorate-richtext\">\n<div><strong id=\"tl_3\">Fonctions:<\/strong><\/div>\n<div><span id=\"tl_4\">1. Commutateur de minuterie de cloche d&rsquo;\u00e9cole ou une usine<\/span><\/div>\n<div><span id=\"tl_5\">2. Affichage d&rsquo;horloge<\/span><\/div>\n<div><\/div>\n<div><strong><span id=\"tl_6\">Param\u00e8tres:<\/span><\/strong><\/div>\n<div><span id=\"tl_7\">Num\u00e9ro de mod\u00e8le: TM624<\/span><\/div>\n<div><span id=\"tl_8\">Alimentation \u00e9lectrique: 220V AC 50\/60Hz<\/span><\/div>\n<div><span id=\"tl_9\">Charge: 16 groupes ASetting: 40 ON\/OFF par jour<\/span><\/div>\n<div><span id=\"tl_10\">Plage de contr\u00f4le du temps: 1s ~ 99s<\/span><\/div>\n<div><span id=\"tl_11\">Batterie pour les programmes d&rsquo;\u00e9conomie: int\u00e9rieur, rechargeable<\/span><\/div>\n<div><span id=\"tl_12\">Consommation \u00e9lectrique: &lt;2W<\/span><\/div>\n<div><span id=\"tl_13\">Erreur de temps: &lt;1s\/jour<\/span><\/div>\n<div><span id=\"tl_14\">Dur\u00e9e de vie m\u00e9canique: &gt;30,000 fois<\/span><\/div>\n<div><span id=\"tl_15\">Endurance \u00e9lectrique: &gt;10,000 fois<\/span><\/div>\n<div><span id=\"tl_16\">Installation: Appareil install\u00e9, rail DIN 35mm<\/span><\/div>\n<div><\/div>\n<div><strong><span id=\"tl_17\">Sch\u00e9ma de c\u00e2blage:<\/span><\/strong><\/div>\n<div><span id=\"tl_18\">1. Monophas\u00e9<\/span><\/div>\n<div><span id=\"tl_19\">L&rsquo;appareil contr\u00f4l\u00e9 est aliment\u00e9 en monophas\u00e9, dont le courant de travail d\u00e9passe la valeur nominale de ce commutateur, veuillez adopter la m\u00e9thode de contr\u00f4le d&rsquo;expansion du contacteur AC.<\/span><\/div>\n<p><img decoding=\"async\" src=\"https:\/\/ae01.alicdn.com\/kf\/HTB1ezXXdlGE3KVjSZFhq6AkaFXaf.jpg\" \/><\/p>\n<div><span id=\"tl_20\">2. L&rsquo;alimentation triphas\u00e9e de l&rsquo;appareil command\u00e9 est fournie en triphas\u00e9, un contacteur AC externe est donc n\u00e9cessaire ici.<\/span>\u00a0<img decoding=\"async\" src=\"https:\/\/ae01.alicdn.com\/kf\/HTB1inMWbQxz61VjSZFtq6yDSVXae.jpg\" \/>\u00a0<img decoding=\"async\" src=\"https:\/\/ae01.alicdn.com\/kf\/HTB1u.Ffda1s3KVjSZFAq6x_ZXXao.jpg\" \/>\u00a0<img decoding=\"async\" src=\"https:\/\/ae01.alicdn.com\/kf\/HTB1ktJadlaE3KVjSZLeq6xsSFXad.jpg\" \/>\u00a0<img decoding=\"async\" src=\"https:\/\/ae01.alicdn.com\/kf\/HTB1zdsWbQxz61VjSZFrq6xeLFXaS.jpg\" data-spm-anchor-id=\"a2g0o.detail.1000023.i3.1aedD6qJD6qJpm\" \/>\u00a0<img decoding=\"async\" src=\"https:\/\/ae01.alicdn.com\/kf\/HTB1KmI9c.WF3KVjSZPhq6xclXXav.jpg\" \/>\u00a0<img decoding=\"async\" src=\"https:\/\/ae01.alicdn.com\/kf\/HTB1dAdXdlGE3KVjSZFhq6AkaFXau.jpg\" \/>\u00a0<img decoding=\"async\" src=\"https:\/\/ae01.alicdn.com\/kf\/HTB14hg.c81D3KVjSZFyq6zuFpXaU.jpg\" \/>\u00a0<img decoding=\"async\" src=\"https:\/\/ae01.alicdn.com\/kf\/HTB1o8JedlKw3KVjSZTEq6AuRpXa8.jpg\" \/><\/div>\n<div><\/div>\n<div><\/div>\n<\/div>\n<\/div>\n<\/div>\n<\/div>\n<\/div>\n<\/div>\n<\/div>\n<\/div>\n<div id=\"nav-specification\" data-pl=\"product-specs\">\n<div class=\"title--wrap--wDzGayX\">\n<div class=\"title--text--Lx66GPw\">\n<div style=\"width: 540px;\" class=\"wp-video\"><video class=\"wp-video-shortcode\" id=\"video-10945-1\" width=\"540\" height=\"952\" preload=\"metadata\" controls=\"controls\"><source type=\"video\/mp4\" src=\"https:\/\/mysi.ma\/wp-content\/uploads\/2024\/02\/1-3.mp4?_=1\" \/><a href=\"https:\/\/mysi.ma\/wp-content\/uploads\/2024\/02\/1-3.mp4\">https:\/\/mysi.ma\/wp-content\/uploads\/2024\/02\/1-3.mp4<\/a><\/video><\/div>\n<\/div>\n<\/div>\n<\/div>\n","protected":false},"excerpt":{"rendered":"<p>Contr\u00f4leur de minuterie de sonnerie automatique num\u00e9rique pour \u00e9coles ou usines, avec 40 groupes, intervalle r\u00e9glable de 1 \u00e0 99<\/p>\n","protected":false},"featured_media":10946,"comment_status":"open","ping_status":"closed","template":"","meta":[],"product_cat":[127,126,125],"product_tag":[],"class_list":{"0":"post-10945","1":"product","2":"type-product","3":"status-publish","4":"has-post-thumbnail","6":"product_cat-automatisme","7":"product_cat-eclairage","8":"product_cat-electrique","10":"first","11":"instock","12":"sale","13":"shipping-taxable","14":"purchasable","15":"product-type-simple"},"yoast_head":"<!-- This site is optimized with the Yoast SEO plugin v23.8 - https:\/\/yoast.com\/wordpress\/plugins\/seo\/ -->\n<title>Minuterie de Sonnerie Automatique pour \u00c9coles et Usines - Mysi boutique en ligne sp\u00e9cialis\u00e9 en solutions smart \u00e9lectroniques<\/title>\n<meta name=\"robots\" content=\"index, follow, max-snippet:-1, max-image-preview:large, max-video-preview:-1\" \/>\n<link rel=\"canonical\" href=\"https:\/\/mysi.ma\/index.php\/produit\/controleur-de-minuterie-de-sonnerie-automatique-pour-ecoles-et-usines\/\" \/>\n<meta property=\"og:locale\" content=\"fr_FR\" \/>\n<meta property=\"og:type\" content=\"article\" \/>\n<meta property=\"og:title\" content=\"Minuterie de Sonnerie Automatique pour \u00c9coles et Usines - Mysi boutique en ligne sp\u00e9cialis\u00e9 en solutions smart \u00e9lectroniques\" \/>\n<meta property=\"og:description\" content=\"Contr\u00f4leur de minuterie de sonnerie automatique num\u00e9rique pour \u00e9coles ou usines, avec 40 groupes, intervalle r\u00e9glable de 1 \u00e0 99\" \/>\n<meta property=\"og:url\" content=\"https:\/\/mysi.ma\/index.php\/produit\/controleur-de-minuterie-de-sonnerie-automatique-pour-ecoles-et-usines\/\" \/>\n<meta property=\"og:site_name\" content=\"Mysi boutique en ligne sp\u00e9cialis\u00e9 en solutions smart \u00e9lectroniques\" \/>\n<meta property=\"article:modified_time\" content=\"2026-04-02T11:52:40+00:00\" \/>\n<meta property=\"og:image\" content=\"https:\/\/mysi.ma\/wp-content\/uploads\/2024\/02\/1-3.jpg\" \/>\n\t<meta property=\"og:image:width\" content=\"1000\" \/>\n\t<meta property=\"og:image:height\" content=\"1000\" \/>\n\t<meta property=\"og:image:type\" content=\"image\/jpeg\" \/>\n<meta name=\"twitter:card\" content=\"summary_large_image\" \/>\n<meta name=\"twitter:label1\" content=\"Prix\" \/>\n\t<meta name=\"twitter:data1\" content=\"&#x62f;.&#x645;.&nbsp;399,00\" \/>\n\t<meta name=\"twitter:label2\" content=\"Disponibilit\u00e9\" \/>\n\t<meta name=\"twitter:data2\" content=\"En stock\" \/>\n<script type=\"application\/ld+json\" class=\"yoast-schema-graph\">{\"@context\":\"https:\/\/schema.org\",\"@graph\":[{\"@type\":\"WebPage\",\"@id\":\"https:\/\/mysi.ma\/index.php\/produit\/controleur-de-minuterie-de-sonnerie-automatique-pour-ecoles-et-usines\/\",\"url\":\"https:\/\/mysi.ma\/index.php\/produit\/controleur-de-minuterie-de-sonnerie-automatique-pour-ecoles-et-usines\/\",\"name\":\"Minuterie de Sonnerie Automatique pour \u00c9coles et Usines - Mysi boutique en ligne sp\u00e9cialis\u00e9 en solutions smart \u00e9lectroniques\",\"isPartOf\":{\"@id\":\"https:\/\/mysi.ma\/#website\"},\"primaryImageOfPage\":{\"@id\":\"https:\/\/mysi.ma\/index.php\/produit\/controleur-de-minuterie-de-sonnerie-automatique-pour-ecoles-et-usines\/#primaryimage\"},\"image\":{\"@id\":\"https:\/\/mysi.ma\/index.php\/produit\/controleur-de-minuterie-de-sonnerie-automatique-pour-ecoles-et-usines\/#primaryimage\"},\"thumbnailUrl\":\"https:\/\/mysi.ma\/wp-content\/uploads\/2024\/02\/1-3.jpg\",\"datePublished\":\"2024-02-05T07:56:07+00:00\",\"dateModified\":\"2026-04-02T11:52:40+00:00\",\"breadcrumb\":{\"@id\":\"https:\/\/mysi.ma\/index.php\/produit\/controleur-de-minuterie-de-sonnerie-automatique-pour-ecoles-et-usines\/#breadcrumb\"},\"inLanguage\":\"fr-FR\",\"potentialAction\":[{\"@type\":\"ReadAction\",\"target\":[\"https:\/\/mysi.ma\/index.php\/produit\/controleur-de-minuterie-de-sonnerie-automatique-pour-ecoles-et-usines\/\"]}]},{\"@type\":\"ImageObject\",\"inLanguage\":\"fr-FR\",\"@id\":\"https:\/\/mysi.ma\/index.php\/produit\/controleur-de-minuterie-de-sonnerie-automatique-pour-ecoles-et-usines\/#primaryimage\",\"url\":\"https:\/\/mysi.ma\/wp-content\/uploads\/2024\/02\/1-3.jpg\",\"contentUrl\":\"https:\/\/mysi.ma\/wp-content\/uploads\/2024\/02\/1-3.jpg\",\"width\":1000,\"height\":1000},{\"@type\":\"BreadcrumbList\",\"@id\":\"https:\/\/mysi.ma\/index.php\/produit\/controleur-de-minuterie-de-sonnerie-automatique-pour-ecoles-et-usines\/#breadcrumb\",\"itemListElement\":[{\"@type\":\"ListItem\",\"position\":1,\"name\":\"Accueil\",\"item\":\"https:\/\/mysi.ma\/\"},{\"@type\":\"ListItem\",\"position\":2,\"name\":\"Boutique\",\"item\":\"https:\/\/mysi.ma\/index.php\/boutique\/\"},{\"@type\":\"ListItem\",\"position\":3,\"name\":\"Minuterie de Sonnerie Automatique pour \u00c9coles et Usines\"}]},{\"@type\":\"WebSite\",\"@id\":\"https:\/\/mysi.ma\/#website\",\"url\":\"https:\/\/mysi.ma\/\",\"name\":\"Mysi boutique en ligne sp\u00e9cialis\u00e9 en solutions smart \u00e9lectroniques\",\"description\":\"\",\"potentialAction\":[{\"@type\":\"SearchAction\",\"target\":{\"@type\":\"EntryPoint\",\"urlTemplate\":\"https:\/\/mysi.ma\/?s={search_term_string}\"},\"query-input\":{\"@type\":\"PropertyValueSpecification\",\"valueRequired\":true,\"valueName\":\"search_term_string\"}}],\"inLanguage\":\"fr-FR\"}]}<\/script>\n<meta property=\"product:price:amount\" content=\"399.00\" \/>\n<meta property=\"product:price:currency\" content=\"MAD\" \/>\n<meta property=\"og:availability\" content=\"instock\" \/>\n<meta property=\"product:availability\" content=\"instock\" \/>\n<meta property=\"product:condition\" content=\"new\" \/>\n<!-- \/ Yoast SEO plugin. -->","yoast_head_json":{"title":"Minuterie de Sonnerie Automatique pour \u00c9coles et Usines - Mysi boutique en ligne sp\u00e9cialis\u00e9 en solutions smart \u00e9lectroniques","robots":{"index":"index","follow":"follow","max-snippet":"max-snippet:-1","max-image-preview":"max-image-preview:large","max-video-preview":"max-video-preview:-1"},"canonical":"https:\/\/mysi.ma\/index.php\/produit\/controleur-de-minuterie-de-sonnerie-automatique-pour-ecoles-et-usines\/","og_locale":"fr_FR","og_type":"article","og_title":"Minuterie de Sonnerie Automatique pour \u00c9coles et Usines - Mysi boutique en ligne sp\u00e9cialis\u00e9 en solutions smart \u00e9lectroniques","og_description":"Contr\u00f4leur de minuterie de sonnerie automatique num\u00e9rique pour \u00e9coles ou usines, avec 40 groupes, intervalle r\u00e9glable de 1 \u00e0 99","og_url":"https:\/\/mysi.ma\/index.php\/produit\/controleur-de-minuterie-de-sonnerie-automatique-pour-ecoles-et-usines\/","og_site_name":"Mysi boutique en ligne sp\u00e9cialis\u00e9 en solutions smart \u00e9lectroniques","article_modified_time":"2026-04-02T11:52:40+00:00","og_image":[{"width":1000,"height":1000,"url":"https:\/\/mysi.ma\/wp-content\/uploads\/2024\/02\/1-3.jpg","type":"image\/jpeg"}],"twitter_card":"summary_large_image","twitter_misc":{"Prix":"&#x62f;.&#x645;.&nbsp;399,00","Disponibilit\u00e9":"En stock"},"schema":{"@context":"https:\/\/schema.org","@graph":[{"@type":"WebPage","@id":"https:\/\/mysi.ma\/index.php\/produit\/controleur-de-minuterie-de-sonnerie-automatique-pour-ecoles-et-usines\/","url":"https:\/\/mysi.ma\/index.php\/produit\/controleur-de-minuterie-de-sonnerie-automatique-pour-ecoles-et-usines\/","name":"Minuterie de Sonnerie Automatique pour \u00c9coles et Usines - Mysi boutique en ligne sp\u00e9cialis\u00e9 en solutions smart \u00e9lectroniques","isPartOf":{"@id":"https:\/\/mysi.ma\/#website"},"primaryImageOfPage":{"@id":"https:\/\/mysi.ma\/index.php\/produit\/controleur-de-minuterie-de-sonnerie-automatique-pour-ecoles-et-usines\/#primaryimage"},"image":{"@id":"https:\/\/mysi.ma\/index.php\/produit\/controleur-de-minuterie-de-sonnerie-automatique-pour-ecoles-et-usines\/#primaryimage"},"thumbnailUrl":"https:\/\/mysi.ma\/wp-content\/uploads\/2024\/02\/1-3.jpg","datePublished":"2024-02-05T07:56:07+00:00","dateModified":"2026-04-02T11:52:40+00:00","breadcrumb":{"@id":"https:\/\/mysi.ma\/index.php\/produit\/controleur-de-minuterie-de-sonnerie-automatique-pour-ecoles-et-usines\/#breadcrumb"},"inLanguage":"fr-FR","potentialAction":[{"@type":"ReadAction","target":["https:\/\/mysi.ma\/index.php\/produit\/controleur-de-minuterie-de-sonnerie-automatique-pour-ecoles-et-usines\/"]}]},{"@type":"ImageObject","inLanguage":"fr-FR","@id":"https:\/\/mysi.ma\/index.php\/produit\/controleur-de-minuterie-de-sonnerie-automatique-pour-ecoles-et-usines\/#primaryimage","url":"https:\/\/mysi.ma\/wp-content\/uploads\/2024\/02\/1-3.jpg","contentUrl":"https:\/\/mysi.ma\/wp-content\/uploads\/2024\/02\/1-3.jpg","width":1000,"height":1000},{"@type":"BreadcrumbList","@id":"https:\/\/mysi.ma\/index.php\/produit\/controleur-de-minuterie-de-sonnerie-automatique-pour-ecoles-et-usines\/#breadcrumb","itemListElement":[{"@type":"ListItem","position":1,"name":"Accueil","item":"https:\/\/mysi.ma\/"},{"@type":"ListItem","position":2,"name":"Boutique","item":"https:\/\/mysi.ma\/index.php\/boutique\/"},{"@type":"ListItem","position":3,"name":"Minuterie de Sonnerie Automatique pour \u00c9coles et Usines"}]},{"@type":"WebSite","@id":"https:\/\/mysi.ma\/#website","url":"https:\/\/mysi.ma\/","name":"Mysi boutique en ligne sp\u00e9cialis\u00e9 en solutions smart \u00e9lectroniques","description":"","potentialAction":[{"@type":"SearchAction","target":{"@type":"EntryPoint","urlTemplate":"https:\/\/mysi.ma\/?s={search_term_string}"},"query-input":{"@type":"PropertyValueSpecification","valueRequired":true,"valueName":"search_term_string"}}],"inLanguage":"fr-FR"}]},"product_price_amount":"399.00","product_price_currency":"MAD","og_availability":"instock","product_availability":"instock","product_condition":"new"},"_links":{"self":[{"href":"https:\/\/mysi.ma\/index.php\/wp-json\/wp\/v2\/product\/10945","targetHints":{"allow":["GET"]}}],"collection":[{"href":"https:\/\/mysi.ma\/index.php\/wp-json\/wp\/v2\/product"}],"about":[{"href":"https:\/\/mysi.ma\/index.php\/wp-json\/wp\/v2\/types\/product"}],"replies":[{"embeddable":true,"href":"https:\/\/mysi.ma\/index.php\/wp-json\/wp\/v2\/comments?post=10945"}],"version-history":[{"count":3,"href":"https:\/\/mysi.ma\/index.php\/wp-json\/wp\/v2\/product\/10945\/revisions"}],"predecessor-version":[{"id":10964,"href":"https:\/\/mysi.ma\/index.php\/wp-json\/wp\/v2\/product\/10945\/revisions\/10964"}],"wp:featuredmedia":[{"embeddable":true,"href":"https:\/\/mysi.ma\/index.php\/wp-json\/wp\/v2\/media\/10946"}],"wp:attachment":[{"href":"https:\/\/mysi.ma\/index.php\/wp-json\/wp\/v2\/media?parent=10945"}],"wp:term":[{"taxonomy":"product_cat","embeddable":true,"href":"https:\/\/mysi.ma\/index.php\/wp-json\/wp\/v2\/product_cat?post=10945"},{"taxonomy":"product_tag","embeddable":true,"href":"https:\/\/mysi.ma\/index.php\/wp-json\/wp\/v2\/product_tag?post=10945"}],"curies":[{"name":"wp","href":"https:\/\/api.w.org\/{rel}","templated":true}]}}