{"id":10953,"date":"2024-02-05T09:11:14","date_gmt":"2024-02-05T08:11:14","guid":{"rendered":"https:\/\/mysi.ma\/?post_type=product&#038;p=10953"},"modified":"2024-02-13T19:15:15","modified_gmt":"2024-02-13T18:15:15","slug":"controleur-rtu5035-gsm-solution-professionnelle-dautomatisation-et-de-securite-pour-ascenseurs-et-les-panneaux-solaire","status":"publish","type":"product","link":"https:\/\/mysi.ma\/index.php\/produit\/controleur-rtu5035-gsm-solution-professionnelle-dautomatisation-et-de-securite-pour-ascenseurs-et-les-panneaux-solaire\/","title":{"rendered":"Contr\u00f4leur RTU5035 GSM  : Solution Professionnelle d&rsquo;Automatisation et de S\u00e9curit\u00e9 pour Ascenseurs et les panneaux solaire"},"content":{"rendered":"<div class=\"description___Wi2sH\" aria-hidden=\"true\">\n<p class=\"paragraph___wH2O0\" style=\"text-align: center;\" data-testid=\"DescriptionOnProductPage\"><strong>Le Contr\u00f4leur de Porte GSM RTU5035, dot\u00e9 d&rsquo;une certification IP30, propose une solution d&rsquo;ouverture de porte GSM avec des alertes SMS intelligentes, con\u00e7ue pour \u00eatre utilis\u00e9e par plusieurs utilisateurs dans les ascenseurs. Il int\u00e8gre un interrupteur \u00e0 distance et un bo\u00eetier en m\u00e9tal, adapt\u00e9 aux portes de type groupe. De plus, il int\u00e8gre des protections pour les panneaux solaires, ainsi qu&rsquo;un commutateur de relais de t\u00e9l\u00e9commande GSM RTU5035 et un contr\u00f4leur d&rsquo;acc\u00e8s \u00e0 distance automatique, permettant une gestion avanc\u00e9e de la porte via SMS.<\/strong><\/p>\n<\/div>\n<div id=\"nav-description\">\n<div>\n<div class=\"extend--content--DlnAngg\">\n<div>\n<div id=\"product-description\" class=\"description--product-description--nxRv0lW\" data-spm=\"1000023\" data-pl=\"product-description\">\n<div class=\"description--origin-part--SsZJoGC\">\n<div class=\"detailmodule_html\">\n<div class=\"detail-desc-decorate-richtext\">\n<div><\/div>\n<div>\n<div id=\"tl_1\" data-spm-anchor-id=\"a2g0o.detail.1000023.i0.42a3J10kJ10k9Q\">Caract\u00e9ristique:<br \/>\n-999 utilisateurs peuvent \u00eatre autoris\u00e9s<br \/>\n-Bas\u00e9 sur le r\u00e9seau GSM, largement utilis\u00e9<br \/>\n-Peut \u00eatre utilis\u00e9 n&rsquo;importe o\u00f9, aucune limite de distance<br \/>\n-Toujours d\u00e9tecter l&rsquo;\u00e9tat de la porte, alarme d&rsquo;intrusion ill\u00e9gale<br \/>\n-Utilisez l&rsquo;identification de l&rsquo;appelant pour identifier automatiquement les appelants inconnus<br \/>\n-Pour les appareils de t\u00e9l\u00e9commande<br \/>\n(Portes, poteaux de porte, garde-corps, portes de garage, volets et appareils m\u00e9nagers) Contr\u00f4le APP, offrant une t\u00e9l\u00e9commande pour les utilisateurs ayant des besoins diff\u00e9rents<br \/>\n-Alerte intelligente par SMS:<br \/>\nUne entr\u00e9e num\u00e9rique bidirectionnelle int\u00e9gr\u00e9e, lors de tout d\u00e9clenchement, enverra un message de rappel au num\u00e9ro d\u00e9sign\u00e9, \u00e0 toute la famille et d\u00e9marrera imm\u00e9diatement l&rsquo;alarme, prot\u00e9gez les actifs pour vous via le r\u00e9seau GSM.<\/p>\n<p>Sp\u00e9cifications:<br \/>\nTension \u00e9valu\u00e9e: 12VDC 1 A<br \/>\nTemp\u00e9rature de fonctionnement: -10 \u2103 \u00e0 + 60 \u2103<br \/>\nTemp\u00e9rature de stockage: -20 \u2103 \u00e0 + 60 \u2103<br \/>\nHumidit\u00e9 relative: 10-90%, sans condensation<br \/>\nFr\u00e9quence de travail: 900\/1800MHz<br \/>\nProtocole de communication: GSM PHASE 2\/2 + (service de donn\u00e9es inclus)<br \/>\nZones filaires: 2<br \/>\nSignal: 2G<br \/>\nTension associ\u00e9e du relais de sortie: 6A\/240V AC<br \/>\nPoids: 200g<br \/>\nTaille: 95*66*25mm\/3.74*2.59*0.98in<\/p>\n<p>Notes:<br \/>\nVeuillez permettre une diff\u00e9rence de 1 \u00e0 3mm en raison de la mesure manuelle.<br \/>\nEn raison de l&rsquo;affichage diff\u00e9rent et de la lumi\u00e8re diff\u00e9rente, l&rsquo;image peut ne pas montrer la couleur r\u00e9elle de l&rsquo;article. Merci de votre compr\u00e9hension.<\/p><\/div>\n<p align=\"center\"><img decoding=\"async\" src=\"https:\/\/ae01.alicdn.com\/kf\/Ha6eeeaca825948b394920c6976168d764.jpg\" \/><\/p>\n<div id=\"tl_2\">1 X RTU5035 GSM Ouvre-porte<br \/>\n1 X Antenne<br \/>\n1 X Pin de carte<\/p>\n<\/div>\n<div align=\"center\"><img decoding=\"async\" src=\"https:\/\/ae01.alicdn.com\/kf\/H6e5a599e1c7c473e84007020ca9b48a4B.jpg\" \/><\/div>\n<div align=\"center\"><\/div>\n<p align=\"center\"><img decoding=\"async\" src=\"https:\/\/ae01.alicdn.com\/kf\/S121105c78ad84ce28e71e796c7015be70.jpg\" width=\"798px\" \/><img decoding=\"async\" src=\"https:\/\/ae01.alicdn.com\/kf\/Sc602ec1505f5483d8eb950e2054b5b29K.jpg\" width=\"798px\" \/><img decoding=\"async\" src=\"https:\/\/ae01.alicdn.com\/kf\/S32425c42f4934f4e9e234bf3a6a46ca9q.jpg\" width=\"798px\" \/><img decoding=\"async\" src=\"https:\/\/ae01.alicdn.com\/kf\/S4bbe185ee73b4623b904dd8c4560ff83x.jpg\" width=\"798px\" \/><img decoding=\"async\" src=\"https:\/\/ae01.alicdn.com\/kf\/Sb7ac72e84e234bd7b787fa3a460e2d8bQ.jpg\" width=\"798px\" \/><img decoding=\"async\" src=\"https:\/\/ae01.alicdn.com\/kf\/S3c7d00c2df144c2bba21194c54fb8705U.jpg\" width=\"798px\" \/><img decoding=\"async\" src=\"https:\/\/ae01.alicdn.com\/kf\/S81f55d0ef764440aa31c3a9f06b9e2e1H.jpg\" width=\"798px\" \/><img decoding=\"async\" src=\"https:\/\/ae01.alicdn.com\/kf\/S9cb568517bd04cc483846b2a3286ea03N.jpg\" width=\"798px\" \/><img decoding=\"async\" src=\"https:\/\/ae01.alicdn.com\/kf\/Sb0597e93fca246eb9f4a8d8c56bbe135E.jpg\" width=\"798px\" \/><img decoding=\"async\" src=\"https:\/\/ae01.alicdn.com\/kf\/Sfa9afb30718a468e96a4edabafa7420d9.jpg\" width=\"798px\" \/><\/p>\n<\/div>\n<div><\/div>\n<\/div>\n<\/div>\n<\/div>\n<\/div>\n<\/div>\n<\/div>\n<\/div>\n<\/div>\n<div id=\"nav-specification\" data-pl=\"product-specs\">\n<div class=\"title--wrap--wDzGayX\">\n<div class=\"title--text--Lx66GPw\">\n<h1 class=\"title--title--RN9Pt03\"><\/h1>\n<\/div>\n<\/div>\n<\/div>\n","protected":false},"excerpt":{"rendered":"<p>Le Contr\u00f4leur de Porte GSM RTU5035, dot\u00e9 d&rsquo;une certification IP30, propose une solution d&rsquo;ouverture de porte GSM avec des alertes<\/p>\n","protected":false},"featured_media":10954,"comment_status":"open","ping_status":"closed","template":"","meta":[],"product_cat":[127,126,125],"product_tag":[],"class_list":{"0":"post-10953","1":"product","2":"type-product","3":"status-publish","4":"has-post-thumbnail","6":"product_cat-automatisme","7":"product_cat-eclairage","8":"product_cat-electrique","10":"first","11":"instock","12":"sale","13":"shipping-taxable","14":"purchasable","15":"product-type-simple"},"yoast_head":"<!-- This site is optimized with the Yoast SEO plugin v23.8 - https:\/\/yoast.com\/wordpress\/plugins\/seo\/ -->\n<title>Contr\u00f4leur RTU5035 GSM : Solution Professionnelle d&#039;Automatisation et de S\u00e9curit\u00e9 pour Ascenseurs et les panneaux solaire - Mysi boutique en ligne sp\u00e9cialis\u00e9 en solutions smart \u00e9lectroniques<\/title>\n<meta name=\"robots\" content=\"index, follow, max-snippet:-1, max-image-preview:large, max-video-preview:-1\" \/>\n<link rel=\"canonical\" href=\"https:\/\/mysi.ma\/index.php\/produit\/controleur-rtu5035-gsm-solution-professionnelle-dautomatisation-et-de-securite-pour-ascenseurs-et-les-panneaux-solaire\/\" \/>\n<meta property=\"og:locale\" content=\"fr_FR\" \/>\n<meta property=\"og:type\" content=\"article\" \/>\n<meta property=\"og:title\" content=\"Contr\u00f4leur RTU5035 GSM : Solution Professionnelle d&#039;Automatisation et de S\u00e9curit\u00e9 pour Ascenseurs et les panneaux solaire - Mysi boutique en ligne sp\u00e9cialis\u00e9 en solutions smart \u00e9lectroniques\" \/>\n<meta property=\"og:description\" content=\"Le Contr\u00f4leur de Porte GSM RTU5035, dot\u00e9 d&rsquo;une certification IP30, propose une solution d&rsquo;ouverture de porte GSM avec des alertes\" \/>\n<meta property=\"og:url\" content=\"https:\/\/mysi.ma\/index.php\/produit\/controleur-rtu5035-gsm-solution-professionnelle-dautomatisation-et-de-securite-pour-ascenseurs-et-les-panneaux-solaire\/\" \/>\n<meta property=\"og:site_name\" content=\"Mysi boutique en ligne sp\u00e9cialis\u00e9 en solutions smart \u00e9lectroniques\" \/>\n<meta property=\"article:modified_time\" content=\"2024-02-13T18:15:15+00:00\" \/>\n<meta property=\"og:image\" content=\"https:\/\/mysi.ma\/wp-content\/uploads\/2024\/02\/1-4.jpg\" \/>\n\t<meta property=\"og:image:width\" content=\"1001\" \/>\n\t<meta property=\"og:image:height\" content=\"1001\" \/>\n\t<meta property=\"og:image:type\" content=\"image\/jpeg\" \/>\n<meta name=\"twitter:card\" content=\"summary_large_image\" \/>\n<meta name=\"twitter:label1\" content=\"Prix\" \/>\n\t<meta name=\"twitter:data1\" content=\"&#x62f;.&#x645;.&nbsp;899,00\" \/>\n\t<meta name=\"twitter:label2\" content=\"Disponibilit\u00e9\" \/>\n\t<meta name=\"twitter:data2\" content=\"En stock\" \/>\n<script type=\"application\/ld+json\" class=\"yoast-schema-graph\">{\"@context\":\"https:\/\/schema.org\",\"@graph\":[{\"@type\":\"WebPage\",\"@id\":\"https:\/\/mysi.ma\/index.php\/produit\/controleur-rtu5035-gsm-solution-professionnelle-dautomatisation-et-de-securite-pour-ascenseurs-et-les-panneaux-solaire\/\",\"url\":\"https:\/\/mysi.ma\/index.php\/produit\/controleur-rtu5035-gsm-solution-professionnelle-dautomatisation-et-de-securite-pour-ascenseurs-et-les-panneaux-solaire\/\",\"name\":\"Contr\u00f4leur RTU5035 GSM : Solution Professionnelle d'Automatisation et de S\u00e9curit\u00e9 pour Ascenseurs et les panneaux solaire - Mysi boutique en ligne sp\u00e9cialis\u00e9 en solutions smart \u00e9lectroniques\",\"isPartOf\":{\"@id\":\"https:\/\/mysi.ma\/#website\"},\"primaryImageOfPage\":{\"@id\":\"https:\/\/mysi.ma\/index.php\/produit\/controleur-rtu5035-gsm-solution-professionnelle-dautomatisation-et-de-securite-pour-ascenseurs-et-les-panneaux-solaire\/#primaryimage\"},\"image\":{\"@id\":\"https:\/\/mysi.ma\/index.php\/produit\/controleur-rtu5035-gsm-solution-professionnelle-dautomatisation-et-de-securite-pour-ascenseurs-et-les-panneaux-solaire\/#primaryimage\"},\"thumbnailUrl\":\"https:\/\/mysi.ma\/wp-content\/uploads\/2024\/02\/1-4.jpg\",\"datePublished\":\"2024-02-05T08:11:14+00:00\",\"dateModified\":\"2024-02-13T18:15:15+00:00\",\"breadcrumb\":{\"@id\":\"https:\/\/mysi.ma\/index.php\/produit\/controleur-rtu5035-gsm-solution-professionnelle-dautomatisation-et-de-securite-pour-ascenseurs-et-les-panneaux-solaire\/#breadcrumb\"},\"inLanguage\":\"fr-FR\",\"potentialAction\":[{\"@type\":\"ReadAction\",\"target\":[\"https:\/\/mysi.ma\/index.php\/produit\/controleur-rtu5035-gsm-solution-professionnelle-dautomatisation-et-de-securite-pour-ascenseurs-et-les-panneaux-solaire\/\"]}]},{\"@type\":\"ImageObject\",\"inLanguage\":\"fr-FR\",\"@id\":\"https:\/\/mysi.ma\/index.php\/produit\/controleur-rtu5035-gsm-solution-professionnelle-dautomatisation-et-de-securite-pour-ascenseurs-et-les-panneaux-solaire\/#primaryimage\",\"url\":\"https:\/\/mysi.ma\/wp-content\/uploads\/2024\/02\/1-4.jpg\",\"contentUrl\":\"https:\/\/mysi.ma\/wp-content\/uploads\/2024\/02\/1-4.jpg\",\"width\":1001,\"height\":1001},{\"@type\":\"BreadcrumbList\",\"@id\":\"https:\/\/mysi.ma\/index.php\/produit\/controleur-rtu5035-gsm-solution-professionnelle-dautomatisation-et-de-securite-pour-ascenseurs-et-les-panneaux-solaire\/#breadcrumb\",\"itemListElement\":[{\"@type\":\"ListItem\",\"position\":1,\"name\":\"Accueil\",\"item\":\"https:\/\/mysi.ma\/\"},{\"@type\":\"ListItem\",\"position\":2,\"name\":\"Boutique\",\"item\":\"https:\/\/mysi.ma\/index.php\/boutique\/\"},{\"@type\":\"ListItem\",\"position\":3,\"name\":\"Contr\u00f4leur RTU5035 GSM : Solution Professionnelle d&rsquo;Automatisation et de S\u00e9curit\u00e9 pour Ascenseurs et les panneaux solaire\"}]},{\"@type\":\"WebSite\",\"@id\":\"https:\/\/mysi.ma\/#website\",\"url\":\"https:\/\/mysi.ma\/\",\"name\":\"Mysi boutique en ligne sp\u00e9cialis\u00e9 en solutions smart \u00e9lectroniques\",\"description\":\"\",\"potentialAction\":[{\"@type\":\"SearchAction\",\"target\":{\"@type\":\"EntryPoint\",\"urlTemplate\":\"https:\/\/mysi.ma\/?s={search_term_string}\"},\"query-input\":{\"@type\":\"PropertyValueSpecification\",\"valueRequired\":true,\"valueName\":\"search_term_string\"}}],\"inLanguage\":\"fr-FR\"}]}<\/script>\n<meta property=\"product:price:amount\" content=\"899.00\" \/>\n<meta property=\"product:price:currency\" content=\"MAD\" \/>\n<meta property=\"og:availability\" content=\"instock\" \/>\n<meta property=\"product:availability\" content=\"instock\" \/>\n<meta property=\"product:condition\" content=\"new\" \/>\n<!-- \/ Yoast SEO plugin. -->","yoast_head_json":{"title":"Contr\u00f4leur RTU5035 GSM : Solution Professionnelle d'Automatisation et de S\u00e9curit\u00e9 pour Ascenseurs et les panneaux solaire - Mysi boutique en ligne sp\u00e9cialis\u00e9 en solutions smart \u00e9lectroniques","robots":{"index":"index","follow":"follow","max-snippet":"max-snippet:-1","max-image-preview":"max-image-preview:large","max-video-preview":"max-video-preview:-1"},"canonical":"https:\/\/mysi.ma\/index.php\/produit\/controleur-rtu5035-gsm-solution-professionnelle-dautomatisation-et-de-securite-pour-ascenseurs-et-les-panneaux-solaire\/","og_locale":"fr_FR","og_type":"article","og_title":"Contr\u00f4leur RTU5035 GSM : Solution Professionnelle d'Automatisation et de S\u00e9curit\u00e9 pour Ascenseurs et les panneaux solaire - Mysi boutique en ligne sp\u00e9cialis\u00e9 en solutions smart \u00e9lectroniques","og_description":"Le Contr\u00f4leur de Porte GSM RTU5035, dot\u00e9 d&rsquo;une certification IP30, propose une solution d&rsquo;ouverture de porte GSM avec des alertes","og_url":"https:\/\/mysi.ma\/index.php\/produit\/controleur-rtu5035-gsm-solution-professionnelle-dautomatisation-et-de-securite-pour-ascenseurs-et-les-panneaux-solaire\/","og_site_name":"Mysi boutique en ligne sp\u00e9cialis\u00e9 en solutions smart \u00e9lectroniques","article_modified_time":"2024-02-13T18:15:15+00:00","og_image":[{"width":1001,"height":1001,"url":"https:\/\/mysi.ma\/wp-content\/uploads\/2024\/02\/1-4.jpg","type":"image\/jpeg"}],"twitter_card":"summary_large_image","twitter_misc":{"Prix":"&#x62f;.&#x645;.&nbsp;899,00","Disponibilit\u00e9":"En stock"},"schema":{"@context":"https:\/\/schema.org","@graph":[{"@type":"WebPage","@id":"https:\/\/mysi.ma\/index.php\/produit\/controleur-rtu5035-gsm-solution-professionnelle-dautomatisation-et-de-securite-pour-ascenseurs-et-les-panneaux-solaire\/","url":"https:\/\/mysi.ma\/index.php\/produit\/controleur-rtu5035-gsm-solution-professionnelle-dautomatisation-et-de-securite-pour-ascenseurs-et-les-panneaux-solaire\/","name":"Contr\u00f4leur RTU5035 GSM : Solution Professionnelle d'Automatisation et de S\u00e9curit\u00e9 pour Ascenseurs et les panneaux solaire - Mysi boutique en ligne sp\u00e9cialis\u00e9 en solutions smart \u00e9lectroniques","isPartOf":{"@id":"https:\/\/mysi.ma\/#website"},"primaryImageOfPage":{"@id":"https:\/\/mysi.ma\/index.php\/produit\/controleur-rtu5035-gsm-solution-professionnelle-dautomatisation-et-de-securite-pour-ascenseurs-et-les-panneaux-solaire\/#primaryimage"},"image":{"@id":"https:\/\/mysi.ma\/index.php\/produit\/controleur-rtu5035-gsm-solution-professionnelle-dautomatisation-et-de-securite-pour-ascenseurs-et-les-panneaux-solaire\/#primaryimage"},"thumbnailUrl":"https:\/\/mysi.ma\/wp-content\/uploads\/2024\/02\/1-4.jpg","datePublished":"2024-02-05T08:11:14+00:00","dateModified":"2024-02-13T18:15:15+00:00","breadcrumb":{"@id":"https:\/\/mysi.ma\/index.php\/produit\/controleur-rtu5035-gsm-solution-professionnelle-dautomatisation-et-de-securite-pour-ascenseurs-et-les-panneaux-solaire\/#breadcrumb"},"inLanguage":"fr-FR","potentialAction":[{"@type":"ReadAction","target":["https:\/\/mysi.ma\/index.php\/produit\/controleur-rtu5035-gsm-solution-professionnelle-dautomatisation-et-de-securite-pour-ascenseurs-et-les-panneaux-solaire\/"]}]},{"@type":"ImageObject","inLanguage":"fr-FR","@id":"https:\/\/mysi.ma\/index.php\/produit\/controleur-rtu5035-gsm-solution-professionnelle-dautomatisation-et-de-securite-pour-ascenseurs-et-les-panneaux-solaire\/#primaryimage","url":"https:\/\/mysi.ma\/wp-content\/uploads\/2024\/02\/1-4.jpg","contentUrl":"https:\/\/mysi.ma\/wp-content\/uploads\/2024\/02\/1-4.jpg","width":1001,"height":1001},{"@type":"BreadcrumbList","@id":"https:\/\/mysi.ma\/index.php\/produit\/controleur-rtu5035-gsm-solution-professionnelle-dautomatisation-et-de-securite-pour-ascenseurs-et-les-panneaux-solaire\/#breadcrumb","itemListElement":[{"@type":"ListItem","position":1,"name":"Accueil","item":"https:\/\/mysi.ma\/"},{"@type":"ListItem","position":2,"name":"Boutique","item":"https:\/\/mysi.ma\/index.php\/boutique\/"},{"@type":"ListItem","position":3,"name":"Contr\u00f4leur RTU5035 GSM : Solution Professionnelle d&rsquo;Automatisation et de S\u00e9curit\u00e9 pour Ascenseurs et les panneaux solaire"}]},{"@type":"WebSite","@id":"https:\/\/mysi.ma\/#website","url":"https:\/\/mysi.ma\/","name":"Mysi boutique en ligne sp\u00e9cialis\u00e9 en solutions smart \u00e9lectroniques","description":"","potentialAction":[{"@type":"SearchAction","target":{"@type":"EntryPoint","urlTemplate":"https:\/\/mysi.ma\/?s={search_term_string}"},"query-input":{"@type":"PropertyValueSpecification","valueRequired":true,"valueName":"search_term_string"}}],"inLanguage":"fr-FR"}]},"product_price_amount":"899.00","product_price_currency":"MAD","og_availability":"instock","product_availability":"instock","product_condition":"new"},"_links":{"self":[{"href":"https:\/\/mysi.ma\/index.php\/wp-json\/wp\/v2\/product\/10953","targetHints":{"allow":["GET"]}}],"collection":[{"href":"https:\/\/mysi.ma\/index.php\/wp-json\/wp\/v2\/product"}],"about":[{"href":"https:\/\/mysi.ma\/index.php\/wp-json\/wp\/v2\/types\/product"}],"replies":[{"embeddable":true,"href":"https:\/\/mysi.ma\/index.php\/wp-json\/wp\/v2\/comments?post=10953"}],"version-history":[{"count":1,"href":"https:\/\/mysi.ma\/index.php\/wp-json\/wp\/v2\/product\/10953\/revisions"}],"predecessor-version":[{"id":10961,"href":"https:\/\/mysi.ma\/index.php\/wp-json\/wp\/v2\/product\/10953\/revisions\/10961"}],"wp:featuredmedia":[{"embeddable":true,"href":"https:\/\/mysi.ma\/index.php\/wp-json\/wp\/v2\/media\/10954"}],"wp:attachment":[{"href":"https:\/\/mysi.ma\/index.php\/wp-json\/wp\/v2\/media?parent=10953"}],"wp:term":[{"taxonomy":"product_cat","embeddable":true,"href":"https:\/\/mysi.ma\/index.php\/wp-json\/wp\/v2\/product_cat?post=10953"},{"taxonomy":"product_tag","embeddable":true,"href":"https:\/\/mysi.ma\/index.php\/wp-json\/wp\/v2\/product_tag?post=10953"}],"curies":[{"name":"wp","href":"https:\/\/api.w.org\/{rel}","templated":true}]}}