{"id":10966,"date":"2024-02-06T09:15:18","date_gmt":"2024-02-06T08:15:18","guid":{"rendered":"https:\/\/mysi.ma\/?post_type=product&#038;p=10966"},"modified":"2024-02-09T16:37:35","modified_gmt":"2024-02-09T15:37:35","slug":"recepteur-universel-sans-fil-rf-433mhz-a-2-canaux-compatible-avec-ac-85v-220v-pour-le-controle-de-garage","status":"publish","type":"product","link":"https:\/\/mysi.ma\/index.php\/produit\/recepteur-universel-sans-fil-rf-433mhz-a-2-canaux-compatible-avec-ac-85v-220v-pour-le-controle-de-garage\/","title":{"rendered":"R\u00e9cepteur Universel Sans Fil RF 433MHz \u00e0 2 canaux, Compatible avec AC 85V ~ 220V pour le Contr\u00f4le de Garage"},"content":{"rendered":"<p style=\"text-align: left;\"><strong>R\u00e9cepteur Universel Sans Fil RF 433MHz \u00e0 2 canaux, Compatible avec AC 85V ~ 220V pour le Contr\u00f4le de<\/strong><\/p>\n<p style=\"text-align: left;\"><strong><span id=\"tl_1\" data-spm-anchor-id=\"a2g0o.detail.1000023.i1.1cb3AGBqAGBqcA\">porte de garage universelle et contr\u00f4le de porte<\/span><\/strong><\/p>\n<p>&nbsp;<\/p>\n<p>Param\u00e8tres de la Carte de R\u00e9cepteur Relais<\/p>\n<p>Tension de Fonctionnement : AC 85V~250V<\/p>\n<p>Tension d&rsquo;Entr\u00e9e : 1~250V<\/p>\n<p>Tension de Sortie : 1~250V<\/p>\n<p>Courant de Repos : &lt;5mA<\/p>\n<p>Courant Maximal : 10A<\/p>\n<p>Charge Maximale : 2200W<\/p>\n<p>Fr\u00e9quence RF : 433MHz<\/p>\n<p>Broches : NO \/ COM \/ NC<\/p>\n<p>Pile de T\u00e9l\u00e9commande : 2*CR2016<\/p>\n<p>Taille de la T\u00e9l\u00e9commande : 60mm*27mm<\/p>\n<p>Temp\u00e9rature de Fonctionnement : -30~+80 degr\u00e9s Celsius<\/p>\n<p>Sensibilit\u00e9 de R\u00e9ception : &gt;97dbm<\/p>\n<p>Nombre de T\u00e9l\u00e9commandes en M\u00e9moire : 20 pi\u00e8ces<\/p>\n<p>Support de Codage : Code d&rsquo;Apprentissage 1527 \/ Code Fixe 2262<\/p>\n<p>Mode de Fonctionnement RF : R\u00e9ception sans fil ASK superh\u00e9t\u00e9rodyne<\/p>\n<p>Port\u00e9e de R\u00e9ception : Plus de 50 m\u00e8tres en espace ouvert<\/p>\n<p>Mode de Fonctionnement de la T\u00e9l\u00e9commande : Mode Bascule \/ Mode Verrouill\u00e9<\/p>\n<div style=\"width: 1280px;\" class=\"wp-video\"><video class=\"wp-video-shortcode\" id=\"video-10966-1\" width=\"1280\" height=\"720\" preload=\"metadata\" controls=\"controls\"><source type=\"video\/mp4\" src=\"https:\/\/mysi.ma\/wp-content\/uploads\/2024\/02\/1-5.mp4?_=1\" \/><a href=\"https:\/\/mysi.ma\/wp-content\/uploads\/2024\/02\/1-5.mp4\">https:\/\/mysi.ma\/wp-content\/uploads\/2024\/02\/1-5.mp4<\/a><\/video><\/div>\n","protected":false},"excerpt":{"rendered":"<p>R\u00e9cepteur Universel Sans Fil RF 433MHz \u00e0 2 canaux, Compatible avec AC 85V ~ 220V pour le Contr\u00f4le de porte<\/p>\n","protected":false},"featured_media":10967,"comment_status":"open","ping_status":"closed","template":"","meta":[],"product_cat":[127],"product_tag":[],"class_list":{"0":"post-10966","1":"product","2":"type-product","3":"status-publish","4":"has-post-thumbnail","6":"product_cat-automatisme","8":"first","9":"instock","10":"sale","11":"shipping-taxable","12":"purchasable","13":"product-type-simple"},"yoast_head":"<!-- This site is optimized with the Yoast SEO plugin v23.8 - https:\/\/yoast.com\/wordpress\/plugins\/seo\/ -->\n<title>R\u00e9cepteur Universel Sans Fil RF 433MHz \u00e0 2 canaux, Compatible avec AC 85V ~ 220V pour le Contr\u00f4le de Garage - Mysi boutique en ligne sp\u00e9cialis\u00e9 en solutions smart \u00e9lectroniques<\/title>\n<meta name=\"robots\" content=\"index, follow, max-snippet:-1, max-image-preview:large, max-video-preview:-1\" \/>\n<link rel=\"canonical\" href=\"https:\/\/mysi.ma\/index.php\/produit\/recepteur-universel-sans-fil-rf-433mhz-a-2-canaux-compatible-avec-ac-85v-220v-pour-le-controle-de-garage\/\" \/>\n<meta property=\"og:locale\" content=\"fr_FR\" \/>\n<meta property=\"og:type\" content=\"article\" \/>\n<meta property=\"og:title\" content=\"R\u00e9cepteur Universel Sans Fil RF 433MHz \u00e0 2 canaux, Compatible avec AC 85V ~ 220V pour le Contr\u00f4le de Garage - Mysi boutique en ligne sp\u00e9cialis\u00e9 en solutions smart \u00e9lectroniques\" \/>\n<meta property=\"og:description\" content=\"R\u00e9cepteur Universel Sans Fil RF 433MHz \u00e0 2 canaux, Compatible avec AC 85V ~ 220V pour le Contr\u00f4le de porte\" \/>\n<meta property=\"og:url\" content=\"https:\/\/mysi.ma\/index.php\/produit\/recepteur-universel-sans-fil-rf-433mhz-a-2-canaux-compatible-avec-ac-85v-220v-pour-le-controle-de-garage\/\" \/>\n<meta property=\"og:site_name\" content=\"Mysi boutique en ligne sp\u00e9cialis\u00e9 en solutions smart \u00e9lectroniques\" \/>\n<meta property=\"article:modified_time\" content=\"2024-02-09T15:37:35+00:00\" \/>\n<meta property=\"og:image\" content=\"https:\/\/mysi.ma\/wp-content\/uploads\/2024\/02\/2-5.jpg\" \/>\n\t<meta property=\"og:image:width\" content=\"750\" \/>\n\t<meta property=\"og:image:height\" content=\"750\" \/>\n\t<meta property=\"og:image:type\" content=\"image\/jpeg\" \/>\n<meta name=\"twitter:card\" content=\"summary_large_image\" \/>\n<meta name=\"twitter:label1\" content=\"Prix\" \/>\n\t<meta name=\"twitter:data1\" content=\"&#x62f;.&#x645;.&nbsp;250,00\" \/>\n\t<meta name=\"twitter:label2\" content=\"Disponibilit\u00e9\" \/>\n\t<meta name=\"twitter:data2\" content=\"En stock\" \/>\n<script type=\"application\/ld+json\" class=\"yoast-schema-graph\">{\"@context\":\"https:\/\/schema.org\",\"@graph\":[{\"@type\":\"WebPage\",\"@id\":\"https:\/\/mysi.ma\/index.php\/produit\/recepteur-universel-sans-fil-rf-433mhz-a-2-canaux-compatible-avec-ac-85v-220v-pour-le-controle-de-garage\/\",\"url\":\"https:\/\/mysi.ma\/index.php\/produit\/recepteur-universel-sans-fil-rf-433mhz-a-2-canaux-compatible-avec-ac-85v-220v-pour-le-controle-de-garage\/\",\"name\":\"R\u00e9cepteur Universel Sans Fil RF 433MHz \u00e0 2 canaux, Compatible avec AC 85V ~ 220V pour le Contr\u00f4le de Garage - Mysi boutique en ligne sp\u00e9cialis\u00e9 en solutions smart \u00e9lectroniques\",\"isPartOf\":{\"@id\":\"https:\/\/mysi.ma\/#website\"},\"primaryImageOfPage\":{\"@id\":\"https:\/\/mysi.ma\/index.php\/produit\/recepteur-universel-sans-fil-rf-433mhz-a-2-canaux-compatible-avec-ac-85v-220v-pour-le-controle-de-garage\/#primaryimage\"},\"image\":{\"@id\":\"https:\/\/mysi.ma\/index.php\/produit\/recepteur-universel-sans-fil-rf-433mhz-a-2-canaux-compatible-avec-ac-85v-220v-pour-le-controle-de-garage\/#primaryimage\"},\"thumbnailUrl\":\"https:\/\/mysi.ma\/wp-content\/uploads\/2024\/02\/2-5.jpg\",\"datePublished\":\"2024-02-06T08:15:18+00:00\",\"dateModified\":\"2024-02-09T15:37:35+00:00\",\"breadcrumb\":{\"@id\":\"https:\/\/mysi.ma\/index.php\/produit\/recepteur-universel-sans-fil-rf-433mhz-a-2-canaux-compatible-avec-ac-85v-220v-pour-le-controle-de-garage\/#breadcrumb\"},\"inLanguage\":\"fr-FR\",\"potentialAction\":[{\"@type\":\"ReadAction\",\"target\":[\"https:\/\/mysi.ma\/index.php\/produit\/recepteur-universel-sans-fil-rf-433mhz-a-2-canaux-compatible-avec-ac-85v-220v-pour-le-controle-de-garage\/\"]}]},{\"@type\":\"ImageObject\",\"inLanguage\":\"fr-FR\",\"@id\":\"https:\/\/mysi.ma\/index.php\/produit\/recepteur-universel-sans-fil-rf-433mhz-a-2-canaux-compatible-avec-ac-85v-220v-pour-le-controle-de-garage\/#primaryimage\",\"url\":\"https:\/\/mysi.ma\/wp-content\/uploads\/2024\/02\/2-5.jpg\",\"contentUrl\":\"https:\/\/mysi.ma\/wp-content\/uploads\/2024\/02\/2-5.jpg\",\"width\":750,\"height\":750},{\"@type\":\"BreadcrumbList\",\"@id\":\"https:\/\/mysi.ma\/index.php\/produit\/recepteur-universel-sans-fil-rf-433mhz-a-2-canaux-compatible-avec-ac-85v-220v-pour-le-controle-de-garage\/#breadcrumb\",\"itemListElement\":[{\"@type\":\"ListItem\",\"position\":1,\"name\":\"Accueil\",\"item\":\"https:\/\/mysi.ma\/\"},{\"@type\":\"ListItem\",\"position\":2,\"name\":\"Boutique\",\"item\":\"https:\/\/mysi.ma\/index.php\/boutique\/\"},{\"@type\":\"ListItem\",\"position\":3,\"name\":\"R\u00e9cepteur Universel Sans Fil RF 433MHz \u00e0 2 canaux, Compatible avec AC 85V ~ 220V pour le Contr\u00f4le de Garage\"}]},{\"@type\":\"WebSite\",\"@id\":\"https:\/\/mysi.ma\/#website\",\"url\":\"https:\/\/mysi.ma\/\",\"name\":\"Mysi boutique en ligne sp\u00e9cialis\u00e9 en solutions smart \u00e9lectroniques\",\"description\":\"\",\"potentialAction\":[{\"@type\":\"SearchAction\",\"target\":{\"@type\":\"EntryPoint\",\"urlTemplate\":\"https:\/\/mysi.ma\/?s={search_term_string}\"},\"query-input\":{\"@type\":\"PropertyValueSpecification\",\"valueRequired\":true,\"valueName\":\"search_term_string\"}}],\"inLanguage\":\"fr-FR\"}]}<\/script>\n<meta property=\"product:price:amount\" content=\"250.00\" \/>\n<meta property=\"product:price:currency\" content=\"MAD\" \/>\n<meta property=\"og:availability\" content=\"instock\" \/>\n<meta property=\"product:availability\" content=\"instock\" \/>\n<meta property=\"product:condition\" content=\"new\" \/>\n<!-- \/ Yoast SEO plugin. -->","yoast_head_json":{"title":"R\u00e9cepteur Universel Sans Fil RF 433MHz \u00e0 2 canaux, Compatible avec AC 85V ~ 220V pour le Contr\u00f4le de Garage - Mysi boutique en ligne sp\u00e9cialis\u00e9 en solutions smart \u00e9lectroniques","robots":{"index":"index","follow":"follow","max-snippet":"max-snippet:-1","max-image-preview":"max-image-preview:large","max-video-preview":"max-video-preview:-1"},"canonical":"https:\/\/mysi.ma\/index.php\/produit\/recepteur-universel-sans-fil-rf-433mhz-a-2-canaux-compatible-avec-ac-85v-220v-pour-le-controle-de-garage\/","og_locale":"fr_FR","og_type":"article","og_title":"R\u00e9cepteur Universel Sans Fil RF 433MHz \u00e0 2 canaux, Compatible avec AC 85V ~ 220V pour le Contr\u00f4le de Garage - Mysi boutique en ligne sp\u00e9cialis\u00e9 en solutions smart \u00e9lectroniques","og_description":"R\u00e9cepteur Universel Sans Fil RF 433MHz \u00e0 2 canaux, Compatible avec AC 85V ~ 220V pour le Contr\u00f4le de porte","og_url":"https:\/\/mysi.ma\/index.php\/produit\/recepteur-universel-sans-fil-rf-433mhz-a-2-canaux-compatible-avec-ac-85v-220v-pour-le-controle-de-garage\/","og_site_name":"Mysi boutique en ligne sp\u00e9cialis\u00e9 en solutions smart \u00e9lectroniques","article_modified_time":"2024-02-09T15:37:35+00:00","og_image":[{"width":750,"height":750,"url":"https:\/\/mysi.ma\/wp-content\/uploads\/2024\/02\/2-5.jpg","type":"image\/jpeg"}],"twitter_card":"summary_large_image","twitter_misc":{"Prix":"&#x62f;.&#x645;.&nbsp;250,00","Disponibilit\u00e9":"En stock"},"schema":{"@context":"https:\/\/schema.org","@graph":[{"@type":"WebPage","@id":"https:\/\/mysi.ma\/index.php\/produit\/recepteur-universel-sans-fil-rf-433mhz-a-2-canaux-compatible-avec-ac-85v-220v-pour-le-controle-de-garage\/","url":"https:\/\/mysi.ma\/index.php\/produit\/recepteur-universel-sans-fil-rf-433mhz-a-2-canaux-compatible-avec-ac-85v-220v-pour-le-controle-de-garage\/","name":"R\u00e9cepteur Universel Sans Fil RF 433MHz \u00e0 2 canaux, Compatible avec AC 85V ~ 220V pour le Contr\u00f4le de Garage - Mysi boutique en ligne sp\u00e9cialis\u00e9 en solutions smart \u00e9lectroniques","isPartOf":{"@id":"https:\/\/mysi.ma\/#website"},"primaryImageOfPage":{"@id":"https:\/\/mysi.ma\/index.php\/produit\/recepteur-universel-sans-fil-rf-433mhz-a-2-canaux-compatible-avec-ac-85v-220v-pour-le-controle-de-garage\/#primaryimage"},"image":{"@id":"https:\/\/mysi.ma\/index.php\/produit\/recepteur-universel-sans-fil-rf-433mhz-a-2-canaux-compatible-avec-ac-85v-220v-pour-le-controle-de-garage\/#primaryimage"},"thumbnailUrl":"https:\/\/mysi.ma\/wp-content\/uploads\/2024\/02\/2-5.jpg","datePublished":"2024-02-06T08:15:18+00:00","dateModified":"2024-02-09T15:37:35+00:00","breadcrumb":{"@id":"https:\/\/mysi.ma\/index.php\/produit\/recepteur-universel-sans-fil-rf-433mhz-a-2-canaux-compatible-avec-ac-85v-220v-pour-le-controle-de-garage\/#breadcrumb"},"inLanguage":"fr-FR","potentialAction":[{"@type":"ReadAction","target":["https:\/\/mysi.ma\/index.php\/produit\/recepteur-universel-sans-fil-rf-433mhz-a-2-canaux-compatible-avec-ac-85v-220v-pour-le-controle-de-garage\/"]}]},{"@type":"ImageObject","inLanguage":"fr-FR","@id":"https:\/\/mysi.ma\/index.php\/produit\/recepteur-universel-sans-fil-rf-433mhz-a-2-canaux-compatible-avec-ac-85v-220v-pour-le-controle-de-garage\/#primaryimage","url":"https:\/\/mysi.ma\/wp-content\/uploads\/2024\/02\/2-5.jpg","contentUrl":"https:\/\/mysi.ma\/wp-content\/uploads\/2024\/02\/2-5.jpg","width":750,"height":750},{"@type":"BreadcrumbList","@id":"https:\/\/mysi.ma\/index.php\/produit\/recepteur-universel-sans-fil-rf-433mhz-a-2-canaux-compatible-avec-ac-85v-220v-pour-le-controle-de-garage\/#breadcrumb","itemListElement":[{"@type":"ListItem","position":1,"name":"Accueil","item":"https:\/\/mysi.ma\/"},{"@type":"ListItem","position":2,"name":"Boutique","item":"https:\/\/mysi.ma\/index.php\/boutique\/"},{"@type":"ListItem","position":3,"name":"R\u00e9cepteur Universel Sans Fil RF 433MHz \u00e0 2 canaux, Compatible avec AC 85V ~ 220V pour le Contr\u00f4le de Garage"}]},{"@type":"WebSite","@id":"https:\/\/mysi.ma\/#website","url":"https:\/\/mysi.ma\/","name":"Mysi boutique en ligne sp\u00e9cialis\u00e9 en solutions smart \u00e9lectroniques","description":"","potentialAction":[{"@type":"SearchAction","target":{"@type":"EntryPoint","urlTemplate":"https:\/\/mysi.ma\/?s={search_term_string}"},"query-input":{"@type":"PropertyValueSpecification","valueRequired":true,"valueName":"search_term_string"}}],"inLanguage":"fr-FR"}]},"product_price_amount":"250.00","product_price_currency":"MAD","og_availability":"instock","product_availability":"instock","product_condition":"new"},"_links":{"self":[{"href":"https:\/\/mysi.ma\/index.php\/wp-json\/wp\/v2\/product\/10966","targetHints":{"allow":["GET"]}}],"collection":[{"href":"https:\/\/mysi.ma\/index.php\/wp-json\/wp\/v2\/product"}],"about":[{"href":"https:\/\/mysi.ma\/index.php\/wp-json\/wp\/v2\/types\/product"}],"replies":[{"embeddable":true,"href":"https:\/\/mysi.ma\/index.php\/wp-json\/wp\/v2\/comments?post=10966"}],"version-history":[{"count":4,"href":"https:\/\/mysi.ma\/index.php\/wp-json\/wp\/v2\/product\/10966\/revisions"}],"predecessor-version":[{"id":11001,"href":"https:\/\/mysi.ma\/index.php\/wp-json\/wp\/v2\/product\/10966\/revisions\/11001"}],"wp:featuredmedia":[{"embeddable":true,"href":"https:\/\/mysi.ma\/index.php\/wp-json\/wp\/v2\/media\/10967"}],"wp:attachment":[{"href":"https:\/\/mysi.ma\/index.php\/wp-json\/wp\/v2\/media?parent=10966"}],"wp:term":[{"taxonomy":"product_cat","embeddable":true,"href":"https:\/\/mysi.ma\/index.php\/wp-json\/wp\/v2\/product_cat?post=10966"},{"taxonomy":"product_tag","embeddable":true,"href":"https:\/\/mysi.ma\/index.php\/wp-json\/wp\/v2\/product_tag?post=10966"}],"curies":[{"name":"wp","href":"https:\/\/api.w.org\/{rel}","templated":true}]}}