{"id":10982,"date":"2024-02-09T12:53:05","date_gmt":"2024-02-09T11:53:05","guid":{"rendered":"https:\/\/mysi.ma\/?post_type=product&#038;p=10982"},"modified":"2024-02-09T13:18:24","modified_gmt":"2024-02-09T12:18:24","slug":"telecommande-universelle-433mhz","status":"publish","type":"product","link":"https:\/\/mysi.ma\/index.php\/produit\/telecommande-universelle-433mhz\/","title":{"rendered":"T\u00e9l\u00e9commande Universelle 433mhz"},"content":{"rendered":"<p><em><strong>Utilisation:<\/strong><\/em><\/p>\n<p><strong>Ouvre-porte de Garage, porte automatique, t\u00e9l\u00e9commande de copie faciale sans fil, duplicateur d&rsquo;\u00e9metteurs, alarme, rideau personnalis\u00e9&#8230;<\/strong><\/p>\n<p>&nbsp;<\/p>\n<div>Sp\u00e9cifications et caract\u00e9ristiques<\/div>\n<div><\/div>\n<div>Fr\u00e9quence: 433.92MHZ<\/div>\n<div>Code de puce: code de copie (apprentissage de copie\/code fixe et code roulant (t\u00e9l\u00e9commande d&rsquo;environ 18 marques)<\/div>\n<div>Mat\u00e9riau: PVC.<\/div>\n<div>Bouton: 4 boutons<\/div>\n<div>Tension de fonctionnement: 23A<\/div>\n<div>Courant de fonctionnement: 10mA @ 12V<\/div>\n<div>Puissance d&rsquo;\u00e9mission: 10mw @ 12V<\/div>\n<div>Mode de Modulation: ASK (AM).<\/div>\n<div>Type d&rsquo;encodage: copie face \u00e0 face.<\/div>\n<div>Distance de transfert: 30-50 m\u00e8tres (espace ouvert, jusqu&rsquo;\u00e0 100m)<\/div>\n<p><span style=\"font-family: arial, helvetica, sans-serif;\"><b>Puce compatible:<\/b><\/span><\/p>\n<p><span style=\"font-family: arial, helvetica, sans-serif;\"><b>Code fixe (2262, 5326, HT12E, 2260&#8230;); code d&rsquo;apprentissage (2240, HT6P20B, 1527, 527, HT6P20D&#8230;) , 18 mod\u00e8les de t\u00e9l\u00e9commande \u00e0 code roulant comme la liste suivante<\/b><\/span><\/p>\n<p><img decoding=\"async\" src=\"https:\/\/ae01.alicdn.com\/kf\/HTB1h9MZtVGWBuNjy0Fbq6z4sXXaw.jpg\" alt=\"yet2129\" \/><\/p>\n<div style=\"width: 1252px;\" class=\"wp-video\"><video class=\"wp-video-shortcode\" id=\"video-10982-1\" width=\"1252\" height=\"720\" preload=\"metadata\" controls=\"controls\"><source type=\"video\/mp4\" src=\"https:\/\/mysi.ma\/wp-content\/uploads\/2024\/02\/1-4.mp4?_=1\" \/><a href=\"https:\/\/mysi.ma\/wp-content\/uploads\/2024\/02\/1-4.mp4\">https:\/\/mysi.ma\/wp-content\/uploads\/2024\/02\/1-4.mp4<\/a><\/video><\/div>\n<div style=\"width: 408px;\" class=\"wp-video\"><video class=\"wp-video-shortcode\" id=\"video-10982-2\" width=\"408\" height=\"720\" preload=\"metadata\" controls=\"controls\"><source type=\"video\/mp4\" src=\"https:\/\/mysi.ma\/wp-content\/uploads\/2024\/02\/D4-type-copy-code-remote-control-YET2129-for-BFT.mp4?_=2\" \/><a href=\"https:\/\/mysi.ma\/wp-content\/uploads\/2024\/02\/D4-type-copy-code-remote-control-YET2129-for-BFT.mp4\">https:\/\/mysi.ma\/wp-content\/uploads\/2024\/02\/D4-type-copy-code-remote-control-YET2129-for-BFT.mp4<\/a><\/video><\/div>\n<div style=\"width: 634px;\" class=\"wp-video\"><video class=\"wp-video-shortcode\" id=\"video-10982-3\" width=\"634\" height=\"360\" preload=\"metadata\" controls=\"controls\"><source type=\"video\/mp4\" src=\"https:\/\/mysi.ma\/wp-content\/uploads\/2024\/02\/YET2129-D4-433.92Mhz-super-clone-remote-control-for-fixed-code-and-18-rolling-code-alice@szyet.com_.mp4?_=3\" \/><a href=\"https:\/\/mysi.ma\/wp-content\/uploads\/2024\/02\/YET2129-D4-433.92Mhz-super-clone-remote-control-for-fixed-code-and-18-rolling-code-alice@szyet.com_.mp4\">https:\/\/mysi.ma\/wp-content\/uploads\/2024\/02\/YET2129-D4-433.92Mhz-super-clone-remote-control-for-fixed-code-and-18-rolling-code-alice@szyet.com_.mp4<\/a><\/video><\/div>\n","protected":false},"excerpt":{"rendered":"<p><strong><span data-spm-anchor-id=\"a2g0o.detail.1000023.i0.28d969a2KCXzTD\">T\u00e9l\u00e9commande sans fil, mod\u00e8le color\u00e9, beau Design, usage universel, duplicateur de t\u00e9l\u00e9commande, copie faciale, 433.92mhz<\/span><\/strong><\/p>\n","protected":false},"featured_media":10990,"comment_status":"open","ping_status":"closed","template":"","meta":[],"product_cat":[127],"product_tag":[],"class_list":{"0":"post-10982","1":"product","2":"type-product","3":"status-publish","4":"has-post-thumbnail","6":"product_cat-automatisme","8":"first","9":"instock","10":"sale","11":"shipping-taxable","12":"purchasable","13":"product-type-variable"},"yoast_head":"<!-- This site is optimized with the Yoast SEO plugin v23.8 - https:\/\/yoast.com\/wordpress\/plugins\/seo\/ -->\n<title>T\u00e9l\u00e9commande Universelle 433mhz - Mysi boutique en ligne sp\u00e9cialis\u00e9 en solutions smart \u00e9lectroniques<\/title>\n<meta name=\"robots\" content=\"index, follow, max-snippet:-1, max-image-preview:large, max-video-preview:-1\" \/>\n<link rel=\"canonical\" href=\"https:\/\/mysi.ma\/index.php\/produit\/telecommande-universelle-433mhz\/\" \/>\n<meta property=\"og:locale\" content=\"fr_FR\" \/>\n<meta property=\"og:type\" content=\"article\" \/>\n<meta property=\"og:title\" content=\"T\u00e9l\u00e9commande Universelle 433mhz - Mysi boutique en ligne sp\u00e9cialis\u00e9 en solutions smart \u00e9lectroniques\" \/>\n<meta property=\"og:description\" content=\"T\u00e9l\u00e9commande sans fil, mod\u00e8le color\u00e9, beau Design, usage universel, duplicateur de t\u00e9l\u00e9commande, copie faciale, 433.92mhz\" \/>\n<meta property=\"og:url\" content=\"https:\/\/mysi.ma\/index.php\/produit\/telecommande-universelle-433mhz\/\" \/>\n<meta property=\"og:site_name\" content=\"Mysi boutique en ligne sp\u00e9cialis\u00e9 en solutions smart \u00e9lectroniques\" \/>\n<meta property=\"article:modified_time\" content=\"2024-02-09T12:18:24+00:00\" \/>\n<meta property=\"og:image\" content=\"https:\/\/mysi.ma\/wp-content\/uploads\/2024\/02\/3-8.jpg\" \/>\n\t<meta property=\"og:image:width\" content=\"1000\" \/>\n\t<meta property=\"og:image:height\" content=\"1000\" \/>\n\t<meta property=\"og:image:type\" content=\"image\/jpeg\" \/>\n<meta name=\"twitter:card\" content=\"summary_large_image\" \/>\n<meta name=\"twitter:label1\" content=\"Disponibilit\u00e9\" \/>\n\t<meta name=\"twitter:data1\" content=\"En stock\" \/>\n<script type=\"application\/ld+json\" class=\"yoast-schema-graph\">{\"@context\":\"https:\/\/schema.org\",\"@graph\":[{\"@type\":\"WebPage\",\"@id\":\"https:\/\/mysi.ma\/index.php\/produit\/telecommande-universelle-433mhz\/\",\"url\":\"https:\/\/mysi.ma\/index.php\/produit\/telecommande-universelle-433mhz\/\",\"name\":\"T\u00e9l\u00e9commande Universelle 433mhz - Mysi boutique en ligne sp\u00e9cialis\u00e9 en solutions smart \u00e9lectroniques\",\"isPartOf\":{\"@id\":\"https:\/\/mysi.ma\/#website\"},\"primaryImageOfPage\":{\"@id\":\"https:\/\/mysi.ma\/index.php\/produit\/telecommande-universelle-433mhz\/#primaryimage\"},\"image\":{\"@id\":\"https:\/\/mysi.ma\/index.php\/produit\/telecommande-universelle-433mhz\/#primaryimage\"},\"thumbnailUrl\":\"https:\/\/mysi.ma\/wp-content\/uploads\/2024\/02\/3-8.jpg\",\"datePublished\":\"2024-02-09T11:53:05+00:00\",\"dateModified\":\"2024-02-09T12:18:24+00:00\",\"breadcrumb\":{\"@id\":\"https:\/\/mysi.ma\/index.php\/produit\/telecommande-universelle-433mhz\/#breadcrumb\"},\"inLanguage\":\"fr-FR\",\"potentialAction\":[{\"@type\":\"ReadAction\",\"target\":[\"https:\/\/mysi.ma\/index.php\/produit\/telecommande-universelle-433mhz\/\"]}]},{\"@type\":\"ImageObject\",\"inLanguage\":\"fr-FR\",\"@id\":\"https:\/\/mysi.ma\/index.php\/produit\/telecommande-universelle-433mhz\/#primaryimage\",\"url\":\"https:\/\/mysi.ma\/wp-content\/uploads\/2024\/02\/3-8.jpg\",\"contentUrl\":\"https:\/\/mysi.ma\/wp-content\/uploads\/2024\/02\/3-8.jpg\",\"width\":1000,\"height\":1000},{\"@type\":\"BreadcrumbList\",\"@id\":\"https:\/\/mysi.ma\/index.php\/produit\/telecommande-universelle-433mhz\/#breadcrumb\",\"itemListElement\":[{\"@type\":\"ListItem\",\"position\":1,\"name\":\"Accueil\",\"item\":\"https:\/\/mysi.ma\/\"},{\"@type\":\"ListItem\",\"position\":2,\"name\":\"Boutique\",\"item\":\"https:\/\/mysi.ma\/index.php\/boutique\/\"},{\"@type\":\"ListItem\",\"position\":3,\"name\":\"T\u00e9l\u00e9commande Universelle 433mhz\"}]},{\"@type\":\"WebSite\",\"@id\":\"https:\/\/mysi.ma\/#website\",\"url\":\"https:\/\/mysi.ma\/\",\"name\":\"Mysi boutique en ligne sp\u00e9cialis\u00e9 en solutions smart \u00e9lectroniques\",\"description\":\"\",\"potentialAction\":[{\"@type\":\"SearchAction\",\"target\":{\"@type\":\"EntryPoint\",\"urlTemplate\":\"https:\/\/mysi.ma\/?s={search_term_string}\"},\"query-input\":{\"@type\":\"PropertyValueSpecification\",\"valueRequired\":true,\"valueName\":\"search_term_string\"}}],\"inLanguage\":\"fr-FR\"}]}<\/script>\n<meta property=\"og:availability\" content=\"instock\" \/>\n<meta property=\"product:availability\" content=\"instock\" \/>\n<meta property=\"product:condition\" content=\"new\" \/>\n<!-- \/ Yoast SEO plugin. -->","yoast_head_json":{"title":"T\u00e9l\u00e9commande Universelle 433mhz - Mysi boutique en ligne sp\u00e9cialis\u00e9 en solutions smart \u00e9lectroniques","robots":{"index":"index","follow":"follow","max-snippet":"max-snippet:-1","max-image-preview":"max-image-preview:large","max-video-preview":"max-video-preview:-1"},"canonical":"https:\/\/mysi.ma\/index.php\/produit\/telecommande-universelle-433mhz\/","og_locale":"fr_FR","og_type":"article","og_title":"T\u00e9l\u00e9commande Universelle 433mhz - Mysi boutique en ligne sp\u00e9cialis\u00e9 en solutions smart \u00e9lectroniques","og_description":"T\u00e9l\u00e9commande sans fil, mod\u00e8le color\u00e9, beau Design, usage universel, duplicateur de t\u00e9l\u00e9commande, copie faciale, 433.92mhz","og_url":"https:\/\/mysi.ma\/index.php\/produit\/telecommande-universelle-433mhz\/","og_site_name":"Mysi boutique en ligne sp\u00e9cialis\u00e9 en solutions smart \u00e9lectroniques","article_modified_time":"2024-02-09T12:18:24+00:00","og_image":[{"width":1000,"height":1000,"url":"https:\/\/mysi.ma\/wp-content\/uploads\/2024\/02\/3-8.jpg","type":"image\/jpeg"}],"twitter_card":"summary_large_image","twitter_misc":{"Disponibilit\u00e9":"En stock"},"schema":{"@context":"https:\/\/schema.org","@graph":[{"@type":"WebPage","@id":"https:\/\/mysi.ma\/index.php\/produit\/telecommande-universelle-433mhz\/","url":"https:\/\/mysi.ma\/index.php\/produit\/telecommande-universelle-433mhz\/","name":"T\u00e9l\u00e9commande Universelle 433mhz - Mysi boutique en ligne sp\u00e9cialis\u00e9 en solutions smart \u00e9lectroniques","isPartOf":{"@id":"https:\/\/mysi.ma\/#website"},"primaryImageOfPage":{"@id":"https:\/\/mysi.ma\/index.php\/produit\/telecommande-universelle-433mhz\/#primaryimage"},"image":{"@id":"https:\/\/mysi.ma\/index.php\/produit\/telecommande-universelle-433mhz\/#primaryimage"},"thumbnailUrl":"https:\/\/mysi.ma\/wp-content\/uploads\/2024\/02\/3-8.jpg","datePublished":"2024-02-09T11:53:05+00:00","dateModified":"2024-02-09T12:18:24+00:00","breadcrumb":{"@id":"https:\/\/mysi.ma\/index.php\/produit\/telecommande-universelle-433mhz\/#breadcrumb"},"inLanguage":"fr-FR","potentialAction":[{"@type":"ReadAction","target":["https:\/\/mysi.ma\/index.php\/produit\/telecommande-universelle-433mhz\/"]}]},{"@type":"ImageObject","inLanguage":"fr-FR","@id":"https:\/\/mysi.ma\/index.php\/produit\/telecommande-universelle-433mhz\/#primaryimage","url":"https:\/\/mysi.ma\/wp-content\/uploads\/2024\/02\/3-8.jpg","contentUrl":"https:\/\/mysi.ma\/wp-content\/uploads\/2024\/02\/3-8.jpg","width":1000,"height":1000},{"@type":"BreadcrumbList","@id":"https:\/\/mysi.ma\/index.php\/produit\/telecommande-universelle-433mhz\/#breadcrumb","itemListElement":[{"@type":"ListItem","position":1,"name":"Accueil","item":"https:\/\/mysi.ma\/"},{"@type":"ListItem","position":2,"name":"Boutique","item":"https:\/\/mysi.ma\/index.php\/boutique\/"},{"@type":"ListItem","position":3,"name":"T\u00e9l\u00e9commande Universelle 433mhz"}]},{"@type":"WebSite","@id":"https:\/\/mysi.ma\/#website","url":"https:\/\/mysi.ma\/","name":"Mysi boutique en ligne sp\u00e9cialis\u00e9 en solutions smart \u00e9lectroniques","description":"","potentialAction":[{"@type":"SearchAction","target":{"@type":"EntryPoint","urlTemplate":"https:\/\/mysi.ma\/?s={search_term_string}"},"query-input":{"@type":"PropertyValueSpecification","valueRequired":true,"valueName":"search_term_string"}}],"inLanguage":"fr-FR"}]},"og_availability":"instock","product_availability":"instock","product_condition":"new"},"_links":{"self":[{"href":"https:\/\/mysi.ma\/index.php\/wp-json\/wp\/v2\/product\/10982","targetHints":{"allow":["GET"]}}],"collection":[{"href":"https:\/\/mysi.ma\/index.php\/wp-json\/wp\/v2\/product"}],"about":[{"href":"https:\/\/mysi.ma\/index.php\/wp-json\/wp\/v2\/types\/product"}],"replies":[{"embeddable":true,"href":"https:\/\/mysi.ma\/index.php\/wp-json\/wp\/v2\/comments?post=10982"}],"version-history":[{"count":4,"href":"https:\/\/mysi.ma\/index.php\/wp-json\/wp\/v2\/product\/10982\/revisions"}],"predecessor-version":[{"id":10997,"href":"https:\/\/mysi.ma\/index.php\/wp-json\/wp\/v2\/product\/10982\/revisions\/10997"}],"wp:featuredmedia":[{"embeddable":true,"href":"https:\/\/mysi.ma\/index.php\/wp-json\/wp\/v2\/media\/10990"}],"wp:attachment":[{"href":"https:\/\/mysi.ma\/index.php\/wp-json\/wp\/v2\/media?parent=10982"}],"wp:term":[{"taxonomy":"product_cat","embeddable":true,"href":"https:\/\/mysi.ma\/index.php\/wp-json\/wp\/v2\/product_cat?post=10982"},{"taxonomy":"product_tag","embeddable":true,"href":"https:\/\/mysi.ma\/index.php\/wp-json\/wp\/v2\/product_tag?post=10982"}],"curies":[{"name":"wp","href":"https:\/\/api.w.org\/{rel}","templated":true}]}}