{"id":11078,"date":"2024-02-22T01:41:08","date_gmt":"2024-02-22T00:41:08","guid":{"rendered":"https:\/\/mysi.ma\/?post_type=product&#038;p=11078"},"modified":"2025-03-01T11:12:25","modified_gmt":"2025-03-01T10:12:25","slug":"controleur-led-de-marches-descalier-a-eclairage-progressif-stepy-digital-mysi","status":"publish","type":"product","link":"https:\/\/mysi.ma\/index.php\/produit\/controleur-led-de-marches-descalier-a-eclairage-progressif-stepy-digital-mysi\/","title":{"rendered":"Contr\u00f4leur LED de marches d&rsquo;escalier \u00e0 \u00e9clairage progressif &#8211; Stepy digital MYSI"},"content":{"rendered":"<div id=\"aplus_feature_div\" class=\"celwidget pd_rd_w-58Z9m pd_rd_r-JTR5K5R2JJ3CAGFEC08M pd_rd_wg-JlT0o\" data-feature-name=\"aplus\" data-csa-c-type=\"widget\" data-csa-c-content-id=\"aplus\" data-csa-c-slot-id=\"aplus_feature_div\" data-csa-c-asin=\"\" data-csa-c-is-in-initial-active-row=\"false\" data-csa-c-id=\"okklha-odeemd-23j180-4x0akl\" data-cel-widget=\"aplus_feature_div\">\n<div id=\"aplus\" class=\"a-section a-spacing-large bucket\">\n<div class=\"aplus-v2 desktop celwidget\" data-csa-c-id=\"i0jjql-caffnp-l18xu6-z2jvhv\" data-cel-widget=\"aplus\">\n<div class=\"celwidget aplus-module module-7 aplus-standard\" data-csa-c-id=\"9ix4zi-dwvxum-vthsu1-q9capp\" data-cel-widget=\"aplus-module-7\">\n<div class=\"aplus-module-wrapper apm-fixed-width\">\n<div class=\"apm-spacing apm-wrap\">\n<div class=\"apm-floatleft apm-wrap\">\n<div class=\"apm-centerthirdcol\">\n<h2>Un \u00e9clairage d&rsquo;escalier progressif qui vous suit pas \u00e0 pas !<\/h2>\n<p>Gr\u00e2ce \u00e0 deux mini d\u00e9tecteurs infrarouges dispos\u00e9s en haut et en bas de vos escaliers, votre \u00e9clairage d&rsquo;escalier s&rsquo;allume et se d\u00e9place en m\u00eame temps que vous, que ce soit en direction mont\u00e9e ou descente !<\/p>\n<p>Dans un soucis d&rsquo;\u00e9conomie d&rsquo;\u00e9nergie, ce contr\u00f4leur LED d&rsquo;escalier est \u00e9galement dot\u00e9 d&rsquo;un capteur cr\u00e9pusculaire afin de r\u00e9gler \u00e0 partir de quel niveau de\u00a0lumi\u00e8re ambiante les animations lumineuses peuvent se d\u00e9clencher.<\/p>\n<p>D\u00e9couvrez les 4 modes d&rsquo;\u00e9clairage de ce contr\u00f4leur LED pour escalier :<\/p>\n<ul>\n<li><strong>Marches\u00a0monochromes\u00a0<\/strong>: Ce mode \u00e9claire une \u00e0 une\u00a0vos marches d&rsquo;escalier, \u00e0 mesure que vous les arpentez, avec des rubans LED \u00ab\u00a0mono\u00a0\u00bb\u00a0(rubans LED d&rsquo;une seule teinte de blanc ou de couleur) ;<\/li>\n<li><strong>Marches digitales<\/strong>\u00a0: Ce mode permet d&rsquo;animer vos marches de mani\u00e8re dynamique et color\u00e9e avec des rubans LED digitaux (rubans LED multicolores anim\u00e9s) ;<\/li>\n<li><strong>Rampes digitales<\/strong>\u00a0: Ce mode illumine un ou deux rubans LED digitaux pour autant de garde corps d&rsquo;escalier \u00e0 \u00e9clairer ;<\/li>\n<li><strong>Mode combin\u00e9, marches monochromes et rampes digitales<\/strong>\u00a0: Ce mode harmonise l&rsquo;illumination \u00ab\u00a0pas \u00e0 pas\u00a0\u00bb de vos marches d&rsquo;escalier \u00e9clair\u00e9es en ruban LED monochrome avec l&rsquo;animation color\u00e9e de vos rampes d&rsquo;escalier \u00e9clair\u00e9es en ruban LED digital.<\/li>\n<\/ul>\n<p>Chaque mode pouvant \u00eatre param\u00e9tr\u00e9 sp\u00e9cifiquement : intensit\u00e9 lumineuse, type d&rsquo;animation,\u00a0rapidit\u00e9 de l&rsquo;animation.<\/p>\n<p>Retrouvez tous les r\u00e9glages disponibles en t\u00e9l\u00e9chargeant le manuel d&rsquo;utilisation disponible dans l&rsquo;onglet t\u00e9l\u00e9chargement de cette fiche produit<\/p>\n<p>Chaque mode pouvant \u00eatre param\u00e9tr\u00e9 sp\u00e9cifiquement : intensit\u00e9 lumineuse, type d&rsquo;animation,\u00a0rapidit\u00e9 de l&rsquo;animation.<\/p>\n<p>Retrouvez tous les r\u00e9glages disponibles en t\u00e9l\u00e9chargeant le manuel d&rsquo;utilisation disponible dans l&rsquo;onglet t\u00e9l\u00e9chargement de cette fiche produit.<\/p>\n<p>&nbsp;<\/p>\n<p><a href=\"https:\/\/mysi.ma\/wp-content\/uploads\/2024\/02\/StepFlow.gif\"><img fetchpriority=\"high\" decoding=\"async\" class=\"alignnone wp-image-11114\" src=\"https:\/\/mysi.ma\/wp-content\/uploads\/2024\/02\/StepFlow-257x300.gif\" alt=\"\" width=\"210\" height=\"245\" srcset=\"https:\/\/mysi.ma\/wp-content\/uploads\/2024\/02\/StepFlow-257x300.gif 257w, https:\/\/mysi.ma\/wp-content\/uploads\/2024\/02\/StepFlow-150x175.gif 150w\" sizes=\"(max-width: 210px) 100vw, 210px\" \/><\/a> <a href=\"https:\/\/mysi.ma\/wp-content\/uploads\/2024\/02\/Color_step.gif\"><img decoding=\"async\" class=\"alignnone wp-image-11115\" src=\"https:\/\/mysi.ma\/wp-content\/uploads\/2024\/02\/Color_step-257x300.gif\" alt=\"\" width=\"210\" height=\"245\" srcset=\"https:\/\/mysi.ma\/wp-content\/uploads\/2024\/02\/Color_step-257x300.gif 257w, https:\/\/mysi.ma\/wp-content\/uploads\/2024\/02\/Color_step-150x175.gif 150w\" sizes=\"(max-width: 210px) 100vw, 210px\" \/><\/a> <a href=\"https:\/\/mysi.ma\/wp-content\/uploads\/2024\/02\/Color_Flow.gif\"><img decoding=\"async\" class=\"alignnone wp-image-11116\" src=\"https:\/\/mysi.ma\/wp-content\/uploads\/2024\/02\/Color_Flow-257x300.gif\" alt=\"\" width=\"210\" height=\"245\" srcset=\"https:\/\/mysi.ma\/wp-content\/uploads\/2024\/02\/Color_Flow-257x300.gif 257w, https:\/\/mysi.ma\/wp-content\/uploads\/2024\/02\/Color_Flow-150x175.gif 150w\" sizes=\"(max-width: 210px) 100vw, 210px\" \/><\/a> <a href=\"https:\/\/mysi.ma\/wp-content\/uploads\/2024\/02\/White_step.gif\"><img loading=\"lazy\" decoding=\"async\" class=\"alignnone wp-image-11117\" src=\"https:\/\/mysi.ma\/wp-content\/uploads\/2024\/02\/White_step-257x300.gif\" alt=\"\" width=\"210\" height=\"245\" srcset=\"https:\/\/mysi.ma\/wp-content\/uploads\/2024\/02\/White_step-257x300.gif 257w, https:\/\/mysi.ma\/wp-content\/uploads\/2024\/02\/White_step-150x175.gif 150w\" sizes=\"(max-width: 210px) 100vw, 210px\" \/><\/a><\/p>\n<p><strong>Caract\u00e9ristiques techniques :<\/strong><\/p>\n<ul>\n<li>Compatibles 12V ou 24V (les <a href=\"https:\/\/www.byled.fr\/rubans-led-pour-interieur-ip20-62\" target=\"_blank\" rel=\"noopener\">rubans LED<\/a>\u00a0et\u00a0<a href=\"https:\/\/www.byled.fr\/alimentations-66\" target=\"_blank\" rel=\"noopener\">l&rsquo;alimentation<\/a>, vendus s\u00e9par\u00e9ment, doivent \u00eatre de m\u00eame tension) ;<\/li>\n<li>Jusqu&rsquo;\u00e0 32 marches avec un contr\u00f4leur ou 64 marches avec 2 contr\u00f4leurs en cascade ;<\/li>\n<li>Dimensions : 186 mm (Longueur) x 86 mm (Largeur) x 25,5 mm (Hauteur) ;<\/li>\n<li>Vitesse et\u00a0luminosit\u00e9\u00a0des animations\u00a0r\u00e9glables (\u00e9chelle de 1 \u00e0 8) ;<\/li>\n<li>1A de courant maximum par marche ;<\/li>\n<\/ul>\n<p><strong>Contenu du colis :\u00a0<\/strong><\/p>\n<ul>\n<li>1 x Contr\u00f4leur\u00a0LED d&rsquo;escalier<\/li>\n<li>2 x Capteurs infrarouge<\/li>\n<li>2 x C\u00e2bles d&rsquo;extension de 5m pour capteur infrarouge<\/li>\n<li>1 x Capteur de lumi\u00e8re ambiante (c\u00e2ble de 30cm)<\/li>\n<li>1 x Mini tournevis plat<\/li>\n<\/ul>\n<\/div>\n<\/div>\n<\/div>\n<\/div>\n<\/div>\n<\/div>\n<\/div>\n<\/div>\n<p>&nbsp;<\/p>\n<div id=\"ask-btf_feature_div\" class=\"celwidget pd_rd_w-yhTtu pd_rd_r-JTR5K5R2JJ3CAGFEC08M pd_rd_wg-JlT0o\" data-feature-name=\"ask-btf\" data-csa-c-type=\"widget\" data-csa-c-content-id=\"ask-btf\" data-csa-c-slot-id=\"ask-btf_feature_div\" data-csa-c-asin=\"\" data-csa-c-is-in-initial-active-row=\"false\" data-csa-c-id=\"q715i4-ljxe3e-g6gzho-bhti9o\" data-cel-widget=\"ask-btf_feature_div\">\n<div id=\"cf-ask-cel\" class=\"a-section celwidget\" data-csa-c-id=\"ftw2mu-dzru0r-c1iwu9-ayznuq\" data-cel-widget=\"cf-ask-cel\">\n<div id=\"Ask\"><\/div>\n<div class=\"a-section askBTFLazyLoad\" data-url=\"\/ask\/askBrowseAjaxLoad\/asin\/B0BGHNCTFJ\">\n<div class=\"celwidget\" data-csa-c-id=\"9tsm4v-chm3kr-cu7bgh-4jigbq\" data-cel-widget=\"ask-browse-ajax-load\">\n<div id=\"ask-btf-container\" class=\"celwidget\" data-csa-c-id=\"kuq0wl-wrs8rg-5te2lo-4z5bmj\" data-cel-widget=\"ask-btf-desktop\">\n<div class=\"askInlineWidget\"><img decoding=\"async\" src=\"https:\/\/m.media-amazon.com\/images\/S\/aplus-media-library-service-media\/6cecebf1-6435-4163-bdde-81c4964edadc.__CR0,0,300,300_PT0_SX300_V1___.jpg\" alt=\"Contr\u00f4leur de lumi\u00e8re avec d\u00e9tecteur de mouvement\" \/><\/div>\n<\/div>\n<\/div>\n<\/div>\n<\/div>\n<\/div>\n","protected":false},"excerpt":{"rendered":"<div>\n<div id=\"prices\" class=\"container\">\n<div id=\"prices_except_reduc_rv\" class=\"col-md-12\"><\/div>\n<\/div>\n<\/div>\n<div class=\"container\">\n<div id=\"rv_iconsFromFeatures\">\n<p><strong>Ce contr\u00f4leur d&rsquo;escalier \u00ab\u00a0Stepy digital\u00a0\u00bb cr\u00e9e un \u00e9clairage progressif de vos marches et rampes d&rsquo;escalier \u00e0 mesure que vous les montez ou les descendez<\/strong>. Il est compatible avec des\u00a0<a href=\"https:\/\/www.byled.fr\/rubans-led-61\" target=\"_blank\" rel=\"noopener\">rubans LED monochrome ou digitaux<\/a>\u00a0et permet leur pilotage simultan\u00e9.<\/p>\n<\/div>\n<div class=\"pb-center-column\">\n<div id=\"short_description_block\">\n<div id=\"short_description_content\" class=\"rte align_justify\">\n<p><strong>Avantages :<\/strong><\/p>\n<ul>\n<li>D\u00e9tection et allumage automatique ;<\/li>\n<li>Jusqu&rsquo;\u00e0 32 marches et 2 rampes d&rsquo;escaliers anim\u00e9es ;<\/li>\n<li>Possibilit\u00e9 de monter 2 contr\u00f4leurs en cascade pour g\u00e9rer un maximum de\u00a064 marches.<\/li>\n<\/ul>\n<p>Ce contr\u00f4leur \u00e0 \u00e9clairage progressif est une r\u00e9volution lumineuse qui donne vie \u00e0 vos escaliers avec \u00e9clat !<\/p>\n<\/div>\n<\/div>\n<\/div>\n<\/div>\n","protected":false},"featured_media":11091,"comment_status":"open","ping_status":"closed","template":"","meta":[],"product_cat":[127,126],"product_tag":[],"class_list":{"0":"post-11078","1":"product","2":"type-product","3":"status-publish","4":"has-post-thumbnail","6":"product_cat-automatisme","7":"product_cat-eclairage","9":"first","10":"instock","11":"sale","12":"shipping-taxable","13":"purchasable","14":"product-type-simple"},"yoast_head":"<!-- This site is optimized with the Yoast SEO plugin v23.8 - https:\/\/yoast.com\/wordpress\/plugins\/seo\/ -->\n<title>Contr\u00f4leur LED de marches d&#039;escalier \u00e0 \u00e9clairage progressif - Stepy digital MYSI - Mysi boutique en ligne sp\u00e9cialis\u00e9 en solutions smart \u00e9lectroniques<\/title>\n<meta name=\"robots\" content=\"index, follow, max-snippet:-1, max-image-preview:large, max-video-preview:-1\" \/>\n<link rel=\"canonical\" href=\"https:\/\/mysi.ma\/index.php\/produit\/controleur-led-de-marches-descalier-a-eclairage-progressif-stepy-digital-mysi\/\" \/>\n<meta property=\"og:locale\" content=\"fr_FR\" \/>\n<meta property=\"og:type\" content=\"article\" \/>\n<meta property=\"og:title\" content=\"Contr\u00f4leur LED de marches d&#039;escalier \u00e0 \u00e9clairage progressif - Stepy digital MYSI - Mysi boutique en ligne sp\u00e9cialis\u00e9 en solutions smart \u00e9lectroniques\" \/>\n<meta property=\"og:description\" content=\"Ce contr\u00f4leur d&#039;escalier &quot;Stepy digital&quot; cr\u00e9e un \u00e9clairage progressif de vos marches et rampes d&#039;escalier \u00e0 mesure que vous les montez ou les descendez. Il est compatible avec des\u00a0rubans LED monochrome ou digitaux\u00a0et permet leur pilotage simultan\u00e9.       Avantages :   D\u00e9tection et allumage automatique ;  Jusqu&#039;\u00e0 32 marches et 2 rampes d&#039;escaliers anim\u00e9es ;  Possibilit\u00e9 de monter 2 contr\u00f4leurs en cascade pour g\u00e9rer un maximum de\u00a064 marches.  Ce contr\u00f4leur \u00e0 \u00e9clairage progressif est une r\u00e9volution lumineuse qui donne vie \u00e0 vos escaliers avec \u00e9clat !\" \/>\n<meta property=\"og:url\" content=\"https:\/\/mysi.ma\/index.php\/produit\/controleur-led-de-marches-descalier-a-eclairage-progressif-stepy-digital-mysi\/\" \/>\n<meta property=\"og:site_name\" content=\"Mysi boutique en ligne sp\u00e9cialis\u00e9 en solutions smart \u00e9lectroniques\" \/>\n<meta property=\"article:modified_time\" content=\"2025-03-01T10:12:25+00:00\" \/>\n<meta property=\"og:image\" content=\"https:\/\/mysi.ma\/wp-content\/uploads\/2024\/02\/controleur-led-de-marches-d-escalier-a-eclairage-progressif-stepy-mono.jpg\" \/>\n\t<meta property=\"og:image:width\" content=\"1000\" \/>\n\t<meta property=\"og:image:height\" content=\"1000\" \/>\n\t<meta property=\"og:image:type\" content=\"image\/jpeg\" \/>\n<meta name=\"twitter:card\" content=\"summary_large_image\" \/>\n<meta name=\"twitter:label1\" content=\"Prix\" \/>\n\t<meta name=\"twitter:data1\" content=\"&#x62f;.&#x645;.&nbsp;750,00\" \/>\n\t<meta name=\"twitter:label2\" content=\"Disponibilit\u00e9\" \/>\n\t<meta name=\"twitter:data2\" content=\"En stock\" \/>\n<script type=\"application\/ld+json\" class=\"yoast-schema-graph\">{\"@context\":\"https:\/\/schema.org\",\"@graph\":[{\"@type\":\"WebPage\",\"@id\":\"https:\/\/mysi.ma\/index.php\/produit\/controleur-led-de-marches-descalier-a-eclairage-progressif-stepy-digital-mysi\/\",\"url\":\"https:\/\/mysi.ma\/index.php\/produit\/controleur-led-de-marches-descalier-a-eclairage-progressif-stepy-digital-mysi\/\",\"name\":\"Contr\u00f4leur LED de marches d'escalier \u00e0 \u00e9clairage progressif - Stepy digital MYSI - Mysi boutique en ligne sp\u00e9cialis\u00e9 en solutions smart \u00e9lectroniques\",\"isPartOf\":{\"@id\":\"https:\/\/mysi.ma\/#website\"},\"primaryImageOfPage\":{\"@id\":\"https:\/\/mysi.ma\/index.php\/produit\/controleur-led-de-marches-descalier-a-eclairage-progressif-stepy-digital-mysi\/#primaryimage\"},\"image\":{\"@id\":\"https:\/\/mysi.ma\/index.php\/produit\/controleur-led-de-marches-descalier-a-eclairage-progressif-stepy-digital-mysi\/#primaryimage\"},\"thumbnailUrl\":\"https:\/\/mysi.ma\/wp-content\/uploads\/2024\/02\/controleur-led-de-marches-d-escalier-a-eclairage-progressif-stepy-mono.jpg\",\"datePublished\":\"2024-02-22T00:41:08+00:00\",\"dateModified\":\"2025-03-01T10:12:25+00:00\",\"breadcrumb\":{\"@id\":\"https:\/\/mysi.ma\/index.php\/produit\/controleur-led-de-marches-descalier-a-eclairage-progressif-stepy-digital-mysi\/#breadcrumb\"},\"inLanguage\":\"fr-FR\",\"potentialAction\":[{\"@type\":\"ReadAction\",\"target\":[\"https:\/\/mysi.ma\/index.php\/produit\/controleur-led-de-marches-descalier-a-eclairage-progressif-stepy-digital-mysi\/\"]}]},{\"@type\":\"ImageObject\",\"inLanguage\":\"fr-FR\",\"@id\":\"https:\/\/mysi.ma\/index.php\/produit\/controleur-led-de-marches-descalier-a-eclairage-progressif-stepy-digital-mysi\/#primaryimage\",\"url\":\"https:\/\/mysi.ma\/wp-content\/uploads\/2024\/02\/controleur-led-de-marches-d-escalier-a-eclairage-progressif-stepy-mono.jpg\",\"contentUrl\":\"https:\/\/mysi.ma\/wp-content\/uploads\/2024\/02\/controleur-led-de-marches-d-escalier-a-eclairage-progressif-stepy-mono.jpg\",\"width\":1000,\"height\":1000},{\"@type\":\"BreadcrumbList\",\"@id\":\"https:\/\/mysi.ma\/index.php\/produit\/controleur-led-de-marches-descalier-a-eclairage-progressif-stepy-digital-mysi\/#breadcrumb\",\"itemListElement\":[{\"@type\":\"ListItem\",\"position\":1,\"name\":\"Accueil\",\"item\":\"https:\/\/mysi.ma\/\"},{\"@type\":\"ListItem\",\"position\":2,\"name\":\"Boutique\",\"item\":\"https:\/\/mysi.ma\/index.php\/boutique\/\"},{\"@type\":\"ListItem\",\"position\":3,\"name\":\"Contr\u00f4leur LED de marches d&rsquo;escalier \u00e0 \u00e9clairage progressif &#8211; Stepy digital MYSI\"}]},{\"@type\":\"WebSite\",\"@id\":\"https:\/\/mysi.ma\/#website\",\"url\":\"https:\/\/mysi.ma\/\",\"name\":\"Mysi boutique en ligne sp\u00e9cialis\u00e9 en solutions smart \u00e9lectroniques\",\"description\":\"\",\"potentialAction\":[{\"@type\":\"SearchAction\",\"target\":{\"@type\":\"EntryPoint\",\"urlTemplate\":\"https:\/\/mysi.ma\/?s={search_term_string}\"},\"query-input\":{\"@type\":\"PropertyValueSpecification\",\"valueRequired\":true,\"valueName\":\"search_term_string\"}}],\"inLanguage\":\"fr-FR\"}]}<\/script>\n<meta property=\"product:price:amount\" content=\"750.00\" \/>\n<meta property=\"product:price:currency\" content=\"MAD\" \/>\n<meta property=\"og:availability\" content=\"instock\" \/>\n<meta property=\"product:availability\" content=\"instock\" \/>\n<meta property=\"product:condition\" content=\"new\" \/>\n<!-- \/ Yoast SEO plugin. -->","yoast_head_json":{"title":"Contr\u00f4leur LED de marches d'escalier \u00e0 \u00e9clairage progressif - Stepy digital MYSI - Mysi boutique en ligne sp\u00e9cialis\u00e9 en solutions smart \u00e9lectroniques","robots":{"index":"index","follow":"follow","max-snippet":"max-snippet:-1","max-image-preview":"max-image-preview:large","max-video-preview":"max-video-preview:-1"},"canonical":"https:\/\/mysi.ma\/index.php\/produit\/controleur-led-de-marches-descalier-a-eclairage-progressif-stepy-digital-mysi\/","og_locale":"fr_FR","og_type":"article","og_title":"Contr\u00f4leur LED de marches d'escalier \u00e0 \u00e9clairage progressif - Stepy digital MYSI - Mysi boutique en ligne sp\u00e9cialis\u00e9 en solutions smart \u00e9lectroniques","og_description":"Ce contr\u00f4leur d'escalier \"Stepy digital\" cr\u00e9e un \u00e9clairage progressif de vos marches et rampes d'escalier \u00e0 mesure que vous les montez ou les descendez. Il est compatible avec des\u00a0rubans LED monochrome ou digitaux\u00a0et permet leur pilotage simultan\u00e9.       Avantages :   D\u00e9tection et allumage automatique ;  Jusqu'\u00e0 32 marches et 2 rampes d'escaliers anim\u00e9es ;  Possibilit\u00e9 de monter 2 contr\u00f4leurs en cascade pour g\u00e9rer un maximum de\u00a064 marches.  Ce contr\u00f4leur \u00e0 \u00e9clairage progressif est une r\u00e9volution lumineuse qui donne vie \u00e0 vos escaliers avec \u00e9clat !","og_url":"https:\/\/mysi.ma\/index.php\/produit\/controleur-led-de-marches-descalier-a-eclairage-progressif-stepy-digital-mysi\/","og_site_name":"Mysi boutique en ligne sp\u00e9cialis\u00e9 en solutions smart \u00e9lectroniques","article_modified_time":"2025-03-01T10:12:25+00:00","og_image":[{"width":1000,"height":1000,"url":"https:\/\/mysi.ma\/wp-content\/uploads\/2024\/02\/controleur-led-de-marches-d-escalier-a-eclairage-progressif-stepy-mono.jpg","type":"image\/jpeg"}],"twitter_card":"summary_large_image","twitter_misc":{"Prix":"&#x62f;.&#x645;.&nbsp;750,00","Disponibilit\u00e9":"En stock"},"schema":{"@context":"https:\/\/schema.org","@graph":[{"@type":"WebPage","@id":"https:\/\/mysi.ma\/index.php\/produit\/controleur-led-de-marches-descalier-a-eclairage-progressif-stepy-digital-mysi\/","url":"https:\/\/mysi.ma\/index.php\/produit\/controleur-led-de-marches-descalier-a-eclairage-progressif-stepy-digital-mysi\/","name":"Contr\u00f4leur LED de marches d'escalier \u00e0 \u00e9clairage progressif - Stepy digital MYSI - Mysi boutique en ligne sp\u00e9cialis\u00e9 en solutions smart \u00e9lectroniques","isPartOf":{"@id":"https:\/\/mysi.ma\/#website"},"primaryImageOfPage":{"@id":"https:\/\/mysi.ma\/index.php\/produit\/controleur-led-de-marches-descalier-a-eclairage-progressif-stepy-digital-mysi\/#primaryimage"},"image":{"@id":"https:\/\/mysi.ma\/index.php\/produit\/controleur-led-de-marches-descalier-a-eclairage-progressif-stepy-digital-mysi\/#primaryimage"},"thumbnailUrl":"https:\/\/mysi.ma\/wp-content\/uploads\/2024\/02\/controleur-led-de-marches-d-escalier-a-eclairage-progressif-stepy-mono.jpg","datePublished":"2024-02-22T00:41:08+00:00","dateModified":"2025-03-01T10:12:25+00:00","breadcrumb":{"@id":"https:\/\/mysi.ma\/index.php\/produit\/controleur-led-de-marches-descalier-a-eclairage-progressif-stepy-digital-mysi\/#breadcrumb"},"inLanguage":"fr-FR","potentialAction":[{"@type":"ReadAction","target":["https:\/\/mysi.ma\/index.php\/produit\/controleur-led-de-marches-descalier-a-eclairage-progressif-stepy-digital-mysi\/"]}]},{"@type":"ImageObject","inLanguage":"fr-FR","@id":"https:\/\/mysi.ma\/index.php\/produit\/controleur-led-de-marches-descalier-a-eclairage-progressif-stepy-digital-mysi\/#primaryimage","url":"https:\/\/mysi.ma\/wp-content\/uploads\/2024\/02\/controleur-led-de-marches-d-escalier-a-eclairage-progressif-stepy-mono.jpg","contentUrl":"https:\/\/mysi.ma\/wp-content\/uploads\/2024\/02\/controleur-led-de-marches-d-escalier-a-eclairage-progressif-stepy-mono.jpg","width":1000,"height":1000},{"@type":"BreadcrumbList","@id":"https:\/\/mysi.ma\/index.php\/produit\/controleur-led-de-marches-descalier-a-eclairage-progressif-stepy-digital-mysi\/#breadcrumb","itemListElement":[{"@type":"ListItem","position":1,"name":"Accueil","item":"https:\/\/mysi.ma\/"},{"@type":"ListItem","position":2,"name":"Boutique","item":"https:\/\/mysi.ma\/index.php\/boutique\/"},{"@type":"ListItem","position":3,"name":"Contr\u00f4leur LED de marches d&rsquo;escalier \u00e0 \u00e9clairage progressif &#8211; Stepy digital MYSI"}]},{"@type":"WebSite","@id":"https:\/\/mysi.ma\/#website","url":"https:\/\/mysi.ma\/","name":"Mysi boutique en ligne sp\u00e9cialis\u00e9 en solutions smart \u00e9lectroniques","description":"","potentialAction":[{"@type":"SearchAction","target":{"@type":"EntryPoint","urlTemplate":"https:\/\/mysi.ma\/?s={search_term_string}"},"query-input":{"@type":"PropertyValueSpecification","valueRequired":true,"valueName":"search_term_string"}}],"inLanguage":"fr-FR"}]},"product_price_amount":"750.00","product_price_currency":"MAD","og_availability":"instock","product_availability":"instock","product_condition":"new"},"_links":{"self":[{"href":"https:\/\/mysi.ma\/index.php\/wp-json\/wp\/v2\/product\/11078","targetHints":{"allow":["GET"]}}],"collection":[{"href":"https:\/\/mysi.ma\/index.php\/wp-json\/wp\/v2\/product"}],"about":[{"href":"https:\/\/mysi.ma\/index.php\/wp-json\/wp\/v2\/types\/product"}],"replies":[{"embeddable":true,"href":"https:\/\/mysi.ma\/index.php\/wp-json\/wp\/v2\/comments?post=11078"}],"version-history":[{"count":17,"href":"https:\/\/mysi.ma\/index.php\/wp-json\/wp\/v2\/product\/11078\/revisions"}],"predecessor-version":[{"id":11130,"href":"https:\/\/mysi.ma\/index.php\/wp-json\/wp\/v2\/product\/11078\/revisions\/11130"}],"wp:featuredmedia":[{"embeddable":true,"href":"https:\/\/mysi.ma\/index.php\/wp-json\/wp\/v2\/media\/11091"}],"wp:attachment":[{"href":"https:\/\/mysi.ma\/index.php\/wp-json\/wp\/v2\/media?parent=11078"}],"wp:term":[{"taxonomy":"product_cat","embeddable":true,"href":"https:\/\/mysi.ma\/index.php\/wp-json\/wp\/v2\/product_cat?post=11078"},{"taxonomy":"product_tag","embeddable":true,"href":"https:\/\/mysi.ma\/index.php\/wp-json\/wp\/v2\/product_tag?post=11078"}],"curies":[{"name":"wp","href":"https:\/\/api.w.org\/{rel}","templated":true}]}}